{"id":3593,"date":"2025-07-21T09:14:34","date_gmt":"2025-07-21T08:14:34","guid":{"rendered":"https:\/\/www.ms-viscom.com\/izdelek\/vrtni-paviljon-palermo-4300-siva-broncana\/"},"modified":"2025-11-26T13:18:49","modified_gmt":"2025-11-26T12:18:49","slug":"vrtni-paviljon-palermo-4300-siva-broncana","status":"publish","type":"product","link":"https:\/\/www.ms-viscom.com\/hr\/izdelek\/vrtni-paviljon-palermo-4300-siva-broncana\/","title":{"rendered":"VRTNI PAVILJON PALERMO 4300, siva\/bron\u010dana"},"content":{"rendered":"<p><a href=\"https:\/\/www.youtube.com\/watch?v=lCL2nnrGtUk\">https:\/\/www.youtube.com\/watch?v=lCL2nnrGtUk<\/a><\/p>\n<p>&nbsp;<\/p>\n<ul>\n<li>\n<h2><strong>TEHNI\u010cKA PODR\u0160KA<\/strong><\/h2>\n<\/li>\n<li>\n<h2><strong>MOGU\u0106NOST MONTA\u017dE OD STRANE VANJSKOG IZVO\u0110A\u010cA<\/strong><\/h2>\n<\/li>\n<li>\n<h2><strong>REZERVNI DIJELOVI<\/strong><\/h2>\n<\/li>\n<\/ul>\n<p>&nbsp;<\/p>\n<p><strong>Vanjski paviljon za bolji na\u010din \u017eivota u vrtu<\/strong><\/p>\n<ul>\n<li>Robusna konstrukcija \u2013 oja\u010dani dizajn s izdr\u017eljivim sivim pra\u0161kasto lakiranim okvirom otpornim na koroziju i pocin\u010danim \u010deli\u010dnim spojnicama<\/li>\n<li>Gotovo neuni\u0161tive valovite polikarbonatne plo\u010de debljine 6 mm s 100% UV za\u0161titom, izuzetno otporne na udarce<\/li>\n<li>Solarno sivi premaz blokira \u0161tetne UV zrake, propu\u0161ta prirodnu svjetlost i pru\u017ea dovoljno sjene<\/li>\n<li>Ugra\u0111eni sustav oluka omogu\u0107uje skupljanje vode (promjer 40 mm \/ 1,5\u201d)<\/li>\n<li>Otporan na vremenske uvjete \u2013 plo\u010de nije potrebno uklanjati tijekom zime<\/li>\n<li>Jednostavna monta\u017ea za dvije osobe \u2013 prethodno izbu\u0161eni profili i unaprijed izrezane plo\u010de spremne za sastavljanje, uklju\u010deni svi vijci<\/li>\n<li>Pravokutna konstrukcija mo\u017ee se premjestiti i pri\u010dvrstiti na bilo koju povr\u0161inu<\/li>\n<li>Ugra\u0111ene tra\u010dnice i vje\u0161alice za dodavanje zavjesa\/mre\u017ea<\/li>\n<li>Zavjese i mre\u017ee dostupne su zasebno<\/li>\n<li>Elegantni gornji otvor omogu\u0107uje protok zraka i odvod dima<\/li>\n<\/ul>\n<h3><strong>MONTA\u017dA<\/strong><\/h3>\n<p><a href=\"https:\/\/www.youtube.com\/watch?v=_q7iQIzhZPM\">https:\/\/www.youtube.com\/watch?v=_q7iQIzhZPM<\/a><\/p>\n","protected":false},"excerpt":{"rendered":"<p>10 GODINA JAMSTVA, METALNA KONSTRUKCIJA, POLIKARBONATNI KROV<\/p>\n","protected":false},"featured_media":2591,"template":"","meta":{"_acf_changed":false},"product_brand":[],"product_cat":[198,226],"product_tag":[],"class_list":{"0":"post-3593","1":"product","2":"type-product","3":"status-publish","4":"has-post-thumbnail","6":"product_cat-nadstresnice","7":"product_cat-palermo","9":"first","10":"instock","11":"taxable","12":"shipping-taxable","13":"purchasable","14":"product-type-simple"},"acf":[],"yoast_head":"<!-- This site is optimized with the Yoast SEO plugin v26.9 - https:\/\/yoast.com\/product\/yoast-seo-wordpress\/ -->\n<title>VRTNI PAVILJON PALERMO 4300, siva\/bron\u010dana - MS Viscom<\/title>\n<meta name=\"robots\" content=\"index, follow, max-snippet:-1, max-image-preview:large, max-video-preview:-1\" \/>\n<link rel=\"canonical\" href=\"https:\/\/www.ms-viscom.com\/hr\/izdelek\/vrtni-paviljon-palermo-4300-siva-broncana\/\" \/>\n<meta property=\"og:locale\" content=\"hr_HR\" \/>\n<meta property=\"og:type\" content=\"article\" \/>\n<meta property=\"og:title\" content=\"VRTNI PAVILJON PALERMO 4300, siva\/bron\u010dana - MS Viscom\" \/>\n<meta property=\"og:description\" content=\"10 GODINA JAMSTVA, METALNA KONSTRUKCIJA, POLIKARBONATNI KROV\" \/>\n<meta property=\"og:url\" content=\"https:\/\/www.ms-viscom.com\/hr\/izdelek\/vrtni-paviljon-palermo-4300-siva-broncana\/\" \/>\n<meta property=\"og:site_name\" content=\"MS Viscom\" \/>\n<meta property=\"article:modified_time\" content=\"2025-11-26T12:18:49+00:00\" \/>\n<meta property=\"og:image\" content=\"https:\/\/www.ms-viscom.com\/wp-content\/uploads\/2025\/07\/Palermo-Gazebo-4300_Palram_01.jpg\" \/>\n\t<meta property=\"og:image:width\" content=\"610\" \/>\n\t<meta property=\"og:image:height\" content=\"460\" \/>\n\t<meta property=\"og:image:type\" content=\"image\/jpeg\" \/>\n<meta name=\"twitter:card\" content=\"summary_large_image\" \/>\n<meta name=\"twitter:label1\" content=\"Procijenjeno vrijeme \u010ditanja\" \/>\n\t<meta name=\"twitter:data1\" content=\"1 minuta\" \/>\n<script type=\"application\/ld+json\" class=\"yoast-schema-graph\">{\"@context\":\"https:\/\/schema.org\",\"@graph\":[{\"@type\":\"WebPage\",\"@id\":\"https:\/\/www.ms-viscom.com\/hr\/izdelek\/vrtni-paviljon-palermo-4300-siva-broncana\/\",\"url\":\"https:\/\/www.ms-viscom.com\/hr\/izdelek\/vrtni-paviljon-palermo-4300-siva-broncana\/\",\"name\":\"VRTNI PAVILJON PALERMO 4300, siva\/bron\u010dana - MS Viscom\",\"isPartOf\":{\"@id\":\"https:\/\/www.ms-viscom.com\/hr\/#website\"},\"primaryImageOfPage\":{\"@id\":\"https:\/\/www.ms-viscom.com\/hr\/izdelek\/vrtni-paviljon-palermo-4300-siva-broncana\/#primaryimage\"},\"image\":{\"@id\":\"https:\/\/www.ms-viscom.com\/hr\/izdelek\/vrtni-paviljon-palermo-4300-siva-broncana\/#primaryimage\"},\"thumbnailUrl\":\"https:\/\/www.ms-viscom.com\/wp-content\/uploads\/2025\/07\/Palermo-Gazebo-4300_Palram_01.jpg\",\"datePublished\":\"2025-07-21T08:14:34+00:00\",\"dateModified\":\"2025-11-26T12:18:49+00:00\",\"breadcrumb\":{\"@id\":\"https:\/\/www.ms-viscom.com\/hr\/izdelek\/vrtni-paviljon-palermo-4300-siva-broncana\/#breadcrumb\"},\"inLanguage\":\"hr\",\"potentialAction\":[{\"@type\":\"ReadAction\",\"target\":[\"https:\/\/www.ms-viscom.com\/hr\/izdelek\/vrtni-paviljon-palermo-4300-siva-broncana\/\"]}]},{\"@type\":\"ImageObject\",\"inLanguage\":\"hr\",\"@id\":\"https:\/\/www.ms-viscom.com\/hr\/izdelek\/vrtni-paviljon-palermo-4300-siva-broncana\/#primaryimage\",\"url\":\"https:\/\/www.ms-viscom.com\/wp-content\/uploads\/2025\/07\/Palermo-Gazebo-4300_Palram_01.jpg\",\"contentUrl\":\"https:\/\/www.ms-viscom.com\/wp-content\/uploads\/2025\/07\/Palermo-Gazebo-4300_Palram_01.jpg\",\"width\":610,\"height\":460},{\"@type\":\"BreadcrumbList\",\"@id\":\"https:\/\/www.ms-viscom.com\/hr\/izdelek\/vrtni-paviljon-palermo-4300-siva-broncana\/#breadcrumb\",\"itemListElement\":[{\"@type\":\"ListItem\",\"position\":1,\"name\":\"Domov\",\"item\":\"https:\/\/www.ms-viscom.com\/hr\/\"},{\"@type\":\"ListItem\",\"position\":2,\"name\":\"Trgovina\",\"item\":\"https:\/\/www.ms-viscom.com\/hr\/trgovina\/\"},{\"@type\":\"ListItem\",\"position\":3,\"name\":\"VRTNI PAVILJON PALERMO 4300, siva\/bron\u010dana\"}]},{\"@type\":\"WebSite\",\"@id\":\"https:\/\/www.ms-viscom.com\/hr\/#website\",\"url\":\"https:\/\/www.ms-viscom.com\/hr\/\",\"name\":\"MS Viscom\",\"description\":\"\",\"potentialAction\":[{\"@type\":\"SearchAction\",\"target\":{\"@type\":\"EntryPoint\",\"urlTemplate\":\"https:\/\/www.ms-viscom.com\/hr\/?s={search_term_string}\"},\"query-input\":{\"@type\":\"PropertyValueSpecification\",\"valueRequired\":true,\"valueName\":\"search_term_string\"}}],\"inLanguage\":\"hr\"}]}<\/script>\n<!-- \/ Yoast SEO plugin. -->","yoast_head_json":{"title":"VRTNI PAVILJON PALERMO 4300, siva\/bron\u010dana - MS Viscom","robots":{"index":"index","follow":"follow","max-snippet":"max-snippet:-1","max-image-preview":"max-image-preview:large","max-video-preview":"max-video-preview:-1"},"canonical":"https:\/\/www.ms-viscom.com\/hr\/izdelek\/vrtni-paviljon-palermo-4300-siva-broncana\/","og_locale":"hr_HR","og_type":"article","og_title":"VRTNI PAVILJON PALERMO 4300, siva\/bron\u010dana - MS Viscom","og_description":"10 GODINA JAMSTVA, METALNA KONSTRUKCIJA, POLIKARBONATNI KROV","og_url":"https:\/\/www.ms-viscom.com\/hr\/izdelek\/vrtni-paviljon-palermo-4300-siva-broncana\/","og_site_name":"MS Viscom","article_modified_time":"2025-11-26T12:18:49+00:00","og_image":[{"width":610,"height":460,"url":"https:\/\/www.ms-viscom.com\/wp-content\/uploads\/2025\/07\/Palermo-Gazebo-4300_Palram_01.jpg","type":"image\/jpeg"}],"twitter_card":"summary_large_image","twitter_misc":{"Procijenjeno vrijeme \u010ditanja":"1 minuta"},"schema":{"@context":"https:\/\/schema.org","@graph":[{"@type":"WebPage","@id":"https:\/\/www.ms-viscom.com\/hr\/izdelek\/vrtni-paviljon-palermo-4300-siva-broncana\/","url":"https:\/\/www.ms-viscom.com\/hr\/izdelek\/vrtni-paviljon-palermo-4300-siva-broncana\/","name":"VRTNI PAVILJON PALERMO 4300, siva\/bron\u010dana - MS Viscom","isPartOf":{"@id":"https:\/\/www.ms-viscom.com\/hr\/#website"},"primaryImageOfPage":{"@id":"https:\/\/www.ms-viscom.com\/hr\/izdelek\/vrtni-paviljon-palermo-4300-siva-broncana\/#primaryimage"},"image":{"@id":"https:\/\/www.ms-viscom.com\/hr\/izdelek\/vrtni-paviljon-palermo-4300-siva-broncana\/#primaryimage"},"thumbnailUrl":"https:\/\/www.ms-viscom.com\/wp-content\/uploads\/2025\/07\/Palermo-Gazebo-4300_Palram_01.jpg","datePublished":"2025-07-21T08:14:34+00:00","dateModified":"2025-11-26T12:18:49+00:00","breadcrumb":{"@id":"https:\/\/www.ms-viscom.com\/hr\/izdelek\/vrtni-paviljon-palermo-4300-siva-broncana\/#breadcrumb"},"inLanguage":"hr","potentialAction":[{"@type":"ReadAction","target":["https:\/\/www.ms-viscom.com\/hr\/izdelek\/vrtni-paviljon-palermo-4300-siva-broncana\/"]}]},{"@type":"ImageObject","inLanguage":"hr","@id":"https:\/\/www.ms-viscom.com\/hr\/izdelek\/vrtni-paviljon-palermo-4300-siva-broncana\/#primaryimage","url":"https:\/\/www.ms-viscom.com\/wp-content\/uploads\/2025\/07\/Palermo-Gazebo-4300_Palram_01.jpg","contentUrl":"https:\/\/www.ms-viscom.com\/wp-content\/uploads\/2025\/07\/Palermo-Gazebo-4300_Palram_01.jpg","width":610,"height":460},{"@type":"BreadcrumbList","@id":"https:\/\/www.ms-viscom.com\/hr\/izdelek\/vrtni-paviljon-palermo-4300-siva-broncana\/#breadcrumb","itemListElement":[{"@type":"ListItem","position":1,"name":"Domov","item":"https:\/\/www.ms-viscom.com\/hr\/"},{"@type":"ListItem","position":2,"name":"Trgovina","item":"https:\/\/www.ms-viscom.com\/hr\/trgovina\/"},{"@type":"ListItem","position":3,"name":"VRTNI PAVILJON PALERMO 4300, siva\/bron\u010dana"}]},{"@type":"WebSite","@id":"https:\/\/www.ms-viscom.com\/hr\/#website","url":"https:\/\/www.ms-viscom.com\/hr\/","name":"MS Viscom","description":"","potentialAction":[{"@type":"SearchAction","target":{"@type":"EntryPoint","urlTemplate":"https:\/\/www.ms-viscom.com\/hr\/?s={search_term_string}"},"query-input":{"@type":"PropertyValueSpecification","valueRequired":true,"valueName":"search_term_string"}}],"inLanguage":"hr"}]}},"_links":{"self":[{"href":"https:\/\/www.ms-viscom.com\/hr\/wp-json\/wp\/v2\/product\/3593","targetHints":{"allow":["GET"]}}],"collection":[{"href":"https:\/\/www.ms-viscom.com\/hr\/wp-json\/wp\/v2\/product"}],"about":[{"href":"https:\/\/www.ms-viscom.com\/hr\/wp-json\/wp\/v2\/types\/product"}],"wp:featuredmedia":[{"embeddable":true,"href":"https:\/\/www.ms-viscom.com\/hr\/wp-json\/wp\/v2\/media\/2591"}],"wp:attachment":[{"href":"https:\/\/www.ms-viscom.com\/hr\/wp-json\/wp\/v2\/media?parent=3593"}],"wp:term":[{"taxonomy":"product_brand","embeddable":true,"href":"https:\/\/www.ms-viscom.com\/hr\/wp-json\/wp\/v2\/product_brand?post=3593"},{"taxonomy":"product_cat","embeddable":true,"href":"https:\/\/www.ms-viscom.com\/hr\/wp-json\/wp\/v2\/product_cat?post=3593"},{"taxonomy":"product_tag","embeddable":true,"href":"https:\/\/www.ms-viscom.com\/hr\/wp-json\/wp\/v2\/product_tag?post=3593"}],"curies":[{"name":"wp","href":"https:\/\/api.w.org\/{rel}","templated":true}]}}