{"id":3543,"date":"2025-07-21T09:12:31","date_gmt":"2025-07-21T08:12:31","guid":{"rendered":"https:\/\/www.ms-viscom.com\/izdelek\/palram-staklenik-model-bella-8x12-dimenzije-247-x-360-cm\/"},"modified":"2025-11-17T08:37:32","modified_gmt":"2025-11-17T07:37:32","slug":"palram-staklenik-model-bella-8x12-dimenzije-247-x-360-cm","status":"publish","type":"product","link":"https:\/\/www.ms-viscom.com\/hr\/izdelek\/palram-staklenik-model-bella-8x12-dimenzije-247-x-360-cm\/","title":{"rendered":"Palram STAKLENIK \u2013 Model BELLA 8X12 \u2013 Dimenzije: 247 x 360 cm"},"content":{"rendered":"<h1><a href=\"https:\/\/www.youtube.com\/watch?v=qrN-K8utPKE\">VIDEO PRAKTI\u010cNI PRIMJER SASTAVLJANJA<\/a><\/h1>\n<p>&nbsp;<\/p>\n<ul>\n<li>\n<h2><strong>TEHNI\u010cKA PODR\u0160KA<\/strong><\/h2>\n<\/li>\n<li>\n<h2><strong>MOGU\u0106NOST MONTA\u017dE VANJSKOG IZVO\u0110A\u010cA<\/strong><\/h2>\n<\/li>\n<li>\n<h2><strong>REZERVNI DIJELOVI<\/strong><\/h2>\n<\/li>\n<\/ul>\n<p><strong>Krov i zidovi \u2013 <\/strong>Dvoslojne plo\u010de od polikarbonata \u0161tite od izlo\u017eenosti jakom sun\u010devom svjetlu.<\/p>\n<p>* Plo\u010de blokiraju \u0161tetne UV zrake i 100% su za\u0161ti\u0107ene od UV svjetla te ne blijede, ne pucaju i ne lome se.<\/p>\n<p>* Izdr\u017eljiv aluminijski okvir otporan na hr\u0111u.<\/p>\n<p>* Uklju\u010dena baza od pocin\u010danog \u010delika \u2013 dodaje stabilnost konstrukciji.<\/p>\n<p>* Jednostavan sustav samostalne monta\u017ee \u2013 sustav kliznih plo\u010da.<\/p>\n<p>* Jednokrilna vrata mogu se sastaviti kao desna ili lijeva.<\/p>\n<p>* Uklju\u010duje magnetski zasun koji dr\u017ei vrata otvorena.<\/p>\n<p>* Kvaka na vratima mo\u017ee se zaklju\u010dati (brava nije uklju\u010dena).<\/p>\n<p>* Ugra\u0111eni sustav oluka omogu\u0107uje u\u010dinkovito odvodnjavanje i skupljanje vode.<\/p>\n<p>&nbsp;<\/p>\n<h3><strong>Klju\u010dne prednosti:<\/strong><\/h3>\n<p>* Dizajn bez potrebe za odr\u017eavanjem<\/p>\n<p>* Uklju\u010deni ventilacijski otvor i oluci<\/p>\n<p>* Prakti\u010dan magnetski zasun koji dr\u017ei vrata staklenika otvorena<\/p>\n<p>* Nema stakla koje se mo\u017ee razbiti ili puknuti<\/p>\n<p>* Sustav sastavljanja plo\u010da<\/p>\n<p>* Jedinstveni profili za sve polo\u017eaje<\/p>\n<p>* Postupne upute koje je lako pratiti \u2013 staklenik mogu sastaviti dvije osobe<\/p>\n<p>* Vrata s pantima mogu se sastaviti kao desna ili lijeva<\/p>\n<p>* Izdr\u017eljiv aluminijski okvir za dugotrajnu postojanost<\/p>\n<p>&nbsp;<\/p>\n<h2><strong>SASTAVLJANJE STAKLENIKA<\/strong><\/h2>\n<p><a href=\"https:\/\/www.youtube.com\/watch?v=GOVmnVA4cnc\">VIDEO SASTAVLJANJE STAKLENIKA<\/a><\/p>\n<p>&nbsp;<\/p>\n<p><strong>MOGU\u0106I DODACI ZA STAKLENIK<\/strong><\/p>\n<p><a href=\"https:\/\/www.youtube.com\/watch?v=lhA3nY-vTZc\">DODACI<\/a><\/p>\n","protected":false},"excerpt":{"rendered":"<p>JAMSTVO: 5 GODINA, MOGU\u0106NOST PRODULJENJA STAKLENIKA<\/p>\n","protected":false},"featured_media":2642,"template":"","meta":{"_acf_changed":false},"product_brand":[],"product_cat":[258,260],"product_tag":[],"class_list":{"0":"post-3543","1":"product","2":"type-product","3":"status-publish","4":"has-post-thumbnail","6":"product_cat-staklenici","7":"product_cat-bella","9":"first","10":"instock","11":"taxable","12":"shipping-taxable","13":"purchasable","14":"product-type-simple"},"acf":[],"yoast_head":"<!-- This site is optimized with the Yoast SEO plugin v26.9 - https:\/\/yoast.com\/product\/yoast-seo-wordpress\/ -->\n<title>Palram STAKLENIK \u2013 Model BELLA 8X12 \u2013 Dimenzije: 247 x 360 cm - MS Viscom<\/title>\n<meta name=\"robots\" content=\"index, follow, max-snippet:-1, max-image-preview:large, max-video-preview:-1\" \/>\n<link rel=\"canonical\" href=\"https:\/\/www.ms-viscom.com\/hr\/izdelek\/palram-staklenik-model-bella-8x12-dimenzije-247-x-360-cm\/\" \/>\n<meta property=\"og:locale\" content=\"hr_HR\" \/>\n<meta property=\"og:type\" content=\"article\" \/>\n<meta property=\"og:title\" content=\"Palram STAKLENIK \u2013 Model BELLA 8X12 \u2013 Dimenzije: 247 x 360 cm - MS Viscom\" \/>\n<meta property=\"og:description\" content=\"JAMSTVO: 5 GODINA, MOGU\u0106NOST PRODULJENJA STAKLENIKA\" \/>\n<meta property=\"og:url\" content=\"https:\/\/www.ms-viscom.com\/hr\/izdelek\/palram-staklenik-model-bella-8x12-dimenzije-247-x-360-cm\/\" \/>\n<meta property=\"og:site_name\" content=\"MS Viscom\" \/>\n<meta property=\"article:modified_time\" content=\"2025-11-17T07:37:32+00:00\" \/>\n<meta name=\"twitter:card\" content=\"summary_large_image\" \/>\n<meta name=\"twitter:label1\" content=\"Procijenjeno vrijeme \u010ditanja\" \/>\n\t<meta name=\"twitter:data1\" content=\"1 minuta\" \/>\n<script type=\"application\/ld+json\" class=\"yoast-schema-graph\">{\"@context\":\"https:\/\/schema.org\",\"@graph\":[{\"@type\":\"WebPage\",\"@id\":\"https:\/\/www.ms-viscom.com\/hr\/izdelek\/palram-staklenik-model-bella-8x12-dimenzije-247-x-360-cm\/\",\"url\":\"https:\/\/www.ms-viscom.com\/hr\/izdelek\/palram-staklenik-model-bella-8x12-dimenzije-247-x-360-cm\/\",\"name\":\"Palram STAKLENIK \u2013 Model BELLA 8X12 \u2013 Dimenzije: 247 x 360 cm - MS Viscom\",\"isPartOf\":{\"@id\":\"https:\/\/www.ms-viscom.com\/hr\/#website\"},\"primaryImageOfPage\":{\"@id\":\"https:\/\/www.ms-viscom.com\/hr\/izdelek\/palram-staklenik-model-bella-8x12-dimenzije-247-x-360-cm\/#primaryimage\"},\"image\":{\"@id\":\"https:\/\/www.ms-viscom.com\/hr\/izdelek\/palram-staklenik-model-bella-8x12-dimenzije-247-x-360-cm\/#primaryimage\"},\"thumbnailUrl\":\"https:\/\/www.ms-viscom.com\/wp-content\/uploads\/2025\/07\/Palram-Canopia_Greenhouses_Bella_8x12_Silver_Main_2-1.jpg\",\"datePublished\":\"2025-07-21T08:12:31+00:00\",\"dateModified\":\"2025-11-17T07:37:32+00:00\",\"breadcrumb\":{\"@id\":\"https:\/\/www.ms-viscom.com\/hr\/izdelek\/palram-staklenik-model-bella-8x12-dimenzije-247-x-360-cm\/#breadcrumb\"},\"inLanguage\":\"hr\",\"potentialAction\":[{\"@type\":\"ReadAction\",\"target\":[\"https:\/\/www.ms-viscom.com\/hr\/izdelek\/palram-staklenik-model-bella-8x12-dimenzije-247-x-360-cm\/\"]}]},{\"@type\":\"ImageObject\",\"inLanguage\":\"hr\",\"@id\":\"https:\/\/www.ms-viscom.com\/hr\/izdelek\/palram-staklenik-model-bella-8x12-dimenzije-247-x-360-cm\/#primaryimage\",\"url\":\"https:\/\/www.ms-viscom.com\/wp-content\/uploads\/2025\/07\/Palram-Canopia_Greenhouses_Bella_8x12_Silver_Main_2-1.jpg\",\"contentUrl\":\"https:\/\/www.ms-viscom.com\/wp-content\/uploads\/2025\/07\/Palram-Canopia_Greenhouses_Bella_8x12_Silver_Main_2-1.jpg\",\"width\":614,\"height\":492,\"caption\":\"Palram Greenhouses Bella 8x12 Silver Main 2\"},{\"@type\":\"BreadcrumbList\",\"@id\":\"https:\/\/www.ms-viscom.com\/hr\/izdelek\/palram-staklenik-model-bella-8x12-dimenzije-247-x-360-cm\/#breadcrumb\",\"itemListElement\":[{\"@type\":\"ListItem\",\"position\":1,\"name\":\"Domov\",\"item\":\"https:\/\/www.ms-viscom.com\/hr\/\"},{\"@type\":\"ListItem\",\"position\":2,\"name\":\"Trgovina\",\"item\":\"https:\/\/www.ms-viscom.com\/hr\/trgovina\/\"},{\"@type\":\"ListItem\",\"position\":3,\"name\":\"Palram STAKLENIK \u2013 Model BELLA 8X12 \u2013 Dimenzije: 247 x 360 cm\"}]},{\"@type\":\"WebSite\",\"@id\":\"https:\/\/www.ms-viscom.com\/hr\/#website\",\"url\":\"https:\/\/www.ms-viscom.com\/hr\/\",\"name\":\"MS Viscom\",\"description\":\"\",\"potentialAction\":[{\"@type\":\"SearchAction\",\"target\":{\"@type\":\"EntryPoint\",\"urlTemplate\":\"https:\/\/www.ms-viscom.com\/hr\/?s={search_term_string}\"},\"query-input\":{\"@type\":\"PropertyValueSpecification\",\"valueRequired\":true,\"valueName\":\"search_term_string\"}}],\"inLanguage\":\"hr\"}]}<\/script>\n<!-- \/ Yoast SEO plugin. -->","yoast_head_json":{"title":"Palram STAKLENIK \u2013 Model BELLA 8X12 \u2013 Dimenzije: 247 x 360 cm - MS Viscom","robots":{"index":"index","follow":"follow","max-snippet":"max-snippet:-1","max-image-preview":"max-image-preview:large","max-video-preview":"max-video-preview:-1"},"canonical":"https:\/\/www.ms-viscom.com\/hr\/izdelek\/palram-staklenik-model-bella-8x12-dimenzije-247-x-360-cm\/","og_locale":"hr_HR","og_type":"article","og_title":"Palram STAKLENIK \u2013 Model BELLA 8X12 \u2013 Dimenzije: 247 x 360 cm - MS Viscom","og_description":"JAMSTVO: 5 GODINA, MOGU\u0106NOST PRODULJENJA STAKLENIKA","og_url":"https:\/\/www.ms-viscom.com\/hr\/izdelek\/palram-staklenik-model-bella-8x12-dimenzije-247-x-360-cm\/","og_site_name":"MS Viscom","article_modified_time":"2025-11-17T07:37:32+00:00","twitter_card":"summary_large_image","twitter_misc":{"Procijenjeno vrijeme \u010ditanja":"1 minuta"},"schema":{"@context":"https:\/\/schema.org","@graph":[{"@type":"WebPage","@id":"https:\/\/www.ms-viscom.com\/hr\/izdelek\/palram-staklenik-model-bella-8x12-dimenzije-247-x-360-cm\/","url":"https:\/\/www.ms-viscom.com\/hr\/izdelek\/palram-staklenik-model-bella-8x12-dimenzije-247-x-360-cm\/","name":"Palram STAKLENIK \u2013 Model BELLA 8X12 \u2013 Dimenzije: 247 x 360 cm - MS Viscom","isPartOf":{"@id":"https:\/\/www.ms-viscom.com\/hr\/#website"},"primaryImageOfPage":{"@id":"https:\/\/www.ms-viscom.com\/hr\/izdelek\/palram-staklenik-model-bella-8x12-dimenzije-247-x-360-cm\/#primaryimage"},"image":{"@id":"https:\/\/www.ms-viscom.com\/hr\/izdelek\/palram-staklenik-model-bella-8x12-dimenzije-247-x-360-cm\/#primaryimage"},"thumbnailUrl":"https:\/\/www.ms-viscom.com\/wp-content\/uploads\/2025\/07\/Palram-Canopia_Greenhouses_Bella_8x12_Silver_Main_2-1.jpg","datePublished":"2025-07-21T08:12:31+00:00","dateModified":"2025-11-17T07:37:32+00:00","breadcrumb":{"@id":"https:\/\/www.ms-viscom.com\/hr\/izdelek\/palram-staklenik-model-bella-8x12-dimenzije-247-x-360-cm\/#breadcrumb"},"inLanguage":"hr","potentialAction":[{"@type":"ReadAction","target":["https:\/\/www.ms-viscom.com\/hr\/izdelek\/palram-staklenik-model-bella-8x12-dimenzije-247-x-360-cm\/"]}]},{"@type":"ImageObject","inLanguage":"hr","@id":"https:\/\/www.ms-viscom.com\/hr\/izdelek\/palram-staklenik-model-bella-8x12-dimenzije-247-x-360-cm\/#primaryimage","url":"https:\/\/www.ms-viscom.com\/wp-content\/uploads\/2025\/07\/Palram-Canopia_Greenhouses_Bella_8x12_Silver_Main_2-1.jpg","contentUrl":"https:\/\/www.ms-viscom.com\/wp-content\/uploads\/2025\/07\/Palram-Canopia_Greenhouses_Bella_8x12_Silver_Main_2-1.jpg","width":614,"height":492,"caption":"Palram Greenhouses Bella 8x12 Silver Main 2"},{"@type":"BreadcrumbList","@id":"https:\/\/www.ms-viscom.com\/hr\/izdelek\/palram-staklenik-model-bella-8x12-dimenzije-247-x-360-cm\/#breadcrumb","itemListElement":[{"@type":"ListItem","position":1,"name":"Domov","item":"https:\/\/www.ms-viscom.com\/hr\/"},{"@type":"ListItem","position":2,"name":"Trgovina","item":"https:\/\/www.ms-viscom.com\/hr\/trgovina\/"},{"@type":"ListItem","position":3,"name":"Palram STAKLENIK \u2013 Model BELLA 8X12 \u2013 Dimenzije: 247 x 360 cm"}]},{"@type":"WebSite","@id":"https:\/\/www.ms-viscom.com\/hr\/#website","url":"https:\/\/www.ms-viscom.com\/hr\/","name":"MS Viscom","description":"","potentialAction":[{"@type":"SearchAction","target":{"@type":"EntryPoint","urlTemplate":"https:\/\/www.ms-viscom.com\/hr\/?s={search_term_string}"},"query-input":{"@type":"PropertyValueSpecification","valueRequired":true,"valueName":"search_term_string"}}],"inLanguage":"hr"}]}},"_links":{"self":[{"href":"https:\/\/www.ms-viscom.com\/hr\/wp-json\/wp\/v2\/product\/3543","targetHints":{"allow":["GET"]}}],"collection":[{"href":"https:\/\/www.ms-viscom.com\/hr\/wp-json\/wp\/v2\/product"}],"about":[{"href":"https:\/\/www.ms-viscom.com\/hr\/wp-json\/wp\/v2\/types\/product"}],"wp:featuredmedia":[{"embeddable":true,"href":"https:\/\/www.ms-viscom.com\/hr\/wp-json\/wp\/v2\/media\/2642"}],"wp:attachment":[{"href":"https:\/\/www.ms-viscom.com\/hr\/wp-json\/wp\/v2\/media?parent=3543"}],"wp:term":[{"taxonomy":"product_brand","embeddable":true,"href":"https:\/\/www.ms-viscom.com\/hr\/wp-json\/wp\/v2\/product_brand?post=3543"},{"taxonomy":"product_cat","embeddable":true,"href":"https:\/\/www.ms-viscom.com\/hr\/wp-json\/wp\/v2\/product_cat?post=3543"},{"taxonomy":"product_tag","embeddable":true,"href":"https:\/\/www.ms-viscom.com\/hr\/wp-json\/wp\/v2\/product_tag?post=3543"}],"curies":[{"name":"wp","href":"https:\/\/api.w.org\/{rel}","templated":true}]}}