{"id":3524,"date":"2025-07-21T09:11:32","date_gmt":"2025-07-21T08:11:32","guid":{"rendered":"https:\/\/www.ms-viscom.com\/izdelek\/dodaci-za-staklenik-set-za-zastitu-od-vjetra-i-sidrenje\/"},"modified":"2025-11-17T08:37:26","modified_gmt":"2025-11-17T07:37:26","slug":"dodaci-za-staklenik-set-za-zastitu-od-vjetra-i-sidrenje","status":"publish","type":"product","link":"https:\/\/www.ms-viscom.com\/hr\/izdelek\/dodaci-za-staklenik-set-za-zastitu-od-vjetra-i-sidrenje\/","title":{"rendered":"DODACI za STAKLENIK \u2013 Set za za\u0161titu od vjetra i sidrenje"},"content":{"rendered":"<p dir=\"ltr\" data-placeholder=\"Prijevod\"><strong>Set za sidrenje<\/strong><\/p>\n<p dir=\"ltr\" data-placeholder=\"Prijevod\">Uz set za sidrenje mo\u017eete za\u0161tititi svoj staklenik od oluja. Jednostavan i siguran na\u010din za\u0161tite od vjetra i vremenskih uvjeta.<\/p>\n<p dir=\"ltr\" data-placeholder=\"Prijevod\">Set sidrenih vijaka mo\u017ee se pri\u010dvrstiti na tvrde ili mekane povr\u0161ine poput drva, betona ili trave.<\/p>\n<p>&nbsp;<\/p>\n","protected":false},"excerpt":{"rendered":"<p>Set za sidrenje Uz set za sidrenje mo\u017eete za\u0161tititi svoj staklenik od oluja. Jednostavan i siguran na\u010din za\u0161tite od vjetra i vremenskih uvjeta. Set sidrenih vijaka mo\u017ee se pri\u010dvrstiti na tvrde ili mekane povr\u0161ine poput drva, betona ili trave. &nbsp;<\/p>\n","protected":false},"featured_media":1478,"template":"","meta":{"_acf_changed":false},"product_brand":[],"product_cat":[258,270],"product_tag":[],"class_list":{"0":"post-3524","1":"product","2":"type-product","3":"status-publish","4":"has-post-thumbnail","6":"product_cat-staklenici","7":"product_cat-dodaci-za-staklenike","9":"first","10":"instock","11":"taxable","12":"shipping-taxable","13":"purchasable","14":"product-type-simple"},"acf":[],"yoast_head":"<!-- This site is optimized with the Yoast SEO plugin v26.9 - https:\/\/yoast.com\/product\/yoast-seo-wordpress\/ -->\n<title>DODACI za STAKLENIK \u2013 Set za za\u0161titu od vjetra i sidrenje - MS Viscom<\/title>\n<meta name=\"robots\" content=\"index, follow, max-snippet:-1, max-image-preview:large, max-video-preview:-1\" \/>\n<link rel=\"canonical\" href=\"https:\/\/www.ms-viscom.com\/hr\/izdelek\/dodaci-za-staklenik-set-za-zastitu-od-vjetra-i-sidrenje\/\" \/>\n<meta property=\"og:locale\" content=\"hr_HR\" \/>\n<meta property=\"og:type\" content=\"article\" \/>\n<meta property=\"og:title\" content=\"DODACI za STAKLENIK \u2013 Set za za\u0161titu od vjetra i sidrenje - MS Viscom\" \/>\n<meta property=\"og:description\" content=\"Set za sidrenje Uz set za sidrenje mo\u017eete za\u0161tititi svoj staklenik od oluja. Jednostavan i siguran na\u010din za\u0161tite od vjetra i vremenskih uvjeta. Set sidrenih vijaka mo\u017ee se pri\u010dvrstiti na tvrde ili mekane povr\u0161ine poput drva, betona ili trave. &nbsp;\" \/>\n<meta property=\"og:url\" content=\"https:\/\/www.ms-viscom.com\/hr\/izdelek\/dodaci-za-staklenik-set-za-zastitu-od-vjetra-i-sidrenje\/\" \/>\n<meta property=\"og:site_name\" content=\"MS Viscom\" \/>\n<meta property=\"article:modified_time\" content=\"2025-11-17T07:37:26+00:00\" \/>\n<meta name=\"twitter:card\" content=\"summary_large_image\" \/>\n<script type=\"application\/ld+json\" class=\"yoast-schema-graph\">{\"@context\":\"https:\/\/schema.org\",\"@graph\":[{\"@type\":\"WebPage\",\"@id\":\"https:\/\/www.ms-viscom.com\/hr\/izdelek\/dodaci-za-staklenik-set-za-zastitu-od-vjetra-i-sidrenje\/\",\"url\":\"https:\/\/www.ms-viscom.com\/hr\/izdelek\/dodaci-za-staklenik-set-za-zastitu-od-vjetra-i-sidrenje\/\",\"name\":\"DODACI za STAKLENIK \u2013 Set za za\u0161titu od vjetra i sidrenje - MS Viscom\",\"isPartOf\":{\"@id\":\"https:\/\/www.ms-viscom.com\/hr\/#website\"},\"primaryImageOfPage\":{\"@id\":\"https:\/\/www.ms-viscom.com\/hr\/izdelek\/dodaci-za-staklenik-set-za-zastitu-od-vjetra-i-sidrenje\/#primaryimage\"},\"image\":{\"@id\":\"https:\/\/www.ms-viscom.com\/hr\/izdelek\/dodaci-za-staklenik-set-za-zastitu-od-vjetra-i-sidrenje\/#primaryimage\"},\"thumbnailUrl\":\"https:\/\/www.ms-viscom.com\/wp-content\/uploads\/2025\/07\/Palram_Accessories_Sheds_Anchoring_Kit_Drawing_1.jpg\",\"datePublished\":\"2025-07-21T08:11:32+00:00\",\"dateModified\":\"2025-11-17T07:37:26+00:00\",\"breadcrumb\":{\"@id\":\"https:\/\/www.ms-viscom.com\/hr\/izdelek\/dodaci-za-staklenik-set-za-zastitu-od-vjetra-i-sidrenje\/#breadcrumb\"},\"inLanguage\":\"hr\",\"potentialAction\":[{\"@type\":\"ReadAction\",\"target\":[\"https:\/\/www.ms-viscom.com\/hr\/izdelek\/dodaci-za-staklenik-set-za-zastitu-od-vjetra-i-sidrenje\/\"]}]},{\"@type\":\"ImageObject\",\"inLanguage\":\"hr\",\"@id\":\"https:\/\/www.ms-viscom.com\/hr\/izdelek\/dodaci-za-staklenik-set-za-zastitu-od-vjetra-i-sidrenje\/#primaryimage\",\"url\":\"https:\/\/www.ms-viscom.com\/wp-content\/uploads\/2025\/07\/Palram_Accessories_Sheds_Anchoring_Kit_Drawing_1.jpg\",\"contentUrl\":\"https:\/\/www.ms-viscom.com\/wp-content\/uploads\/2025\/07\/Palram_Accessories_Sheds_Anchoring_Kit_Drawing_1.jpg\",\"width\":800,\"height\":600},{\"@type\":\"BreadcrumbList\",\"@id\":\"https:\/\/www.ms-viscom.com\/hr\/izdelek\/dodaci-za-staklenik-set-za-zastitu-od-vjetra-i-sidrenje\/#breadcrumb\",\"itemListElement\":[{\"@type\":\"ListItem\",\"position\":1,\"name\":\"Domov\",\"item\":\"https:\/\/www.ms-viscom.com\/hr\/\"},{\"@type\":\"ListItem\",\"position\":2,\"name\":\"Trgovina\",\"item\":\"https:\/\/www.ms-viscom.com\/hr\/trgovina\/\"},{\"@type\":\"ListItem\",\"position\":3,\"name\":\"DODACI za STAKLENIK \u2013 Set za za\u0161titu od vjetra i sidrenje\"}]},{\"@type\":\"WebSite\",\"@id\":\"https:\/\/www.ms-viscom.com\/hr\/#website\",\"url\":\"https:\/\/www.ms-viscom.com\/hr\/\",\"name\":\"MS Viscom\",\"description\":\"\",\"potentialAction\":[{\"@type\":\"SearchAction\",\"target\":{\"@type\":\"EntryPoint\",\"urlTemplate\":\"https:\/\/www.ms-viscom.com\/hr\/?s={search_term_string}\"},\"query-input\":{\"@type\":\"PropertyValueSpecification\",\"valueRequired\":true,\"valueName\":\"search_term_string\"}}],\"inLanguage\":\"hr\"}]}<\/script>\n<!-- \/ Yoast SEO plugin. -->","yoast_head_json":{"title":"DODACI za STAKLENIK \u2013 Set za za\u0161titu od vjetra i sidrenje - MS Viscom","robots":{"index":"index","follow":"follow","max-snippet":"max-snippet:-1","max-image-preview":"max-image-preview:large","max-video-preview":"max-video-preview:-1"},"canonical":"https:\/\/www.ms-viscom.com\/hr\/izdelek\/dodaci-za-staklenik-set-za-zastitu-od-vjetra-i-sidrenje\/","og_locale":"hr_HR","og_type":"article","og_title":"DODACI za STAKLENIK \u2013 Set za za\u0161titu od vjetra i sidrenje - MS Viscom","og_description":"Set za sidrenje Uz set za sidrenje mo\u017eete za\u0161tititi svoj staklenik od oluja. Jednostavan i siguran na\u010din za\u0161tite od vjetra i vremenskih uvjeta. Set sidrenih vijaka mo\u017ee se pri\u010dvrstiti na tvrde ili mekane povr\u0161ine poput drva, betona ili trave. &nbsp;","og_url":"https:\/\/www.ms-viscom.com\/hr\/izdelek\/dodaci-za-staklenik-set-za-zastitu-od-vjetra-i-sidrenje\/","og_site_name":"MS Viscom","article_modified_time":"2025-11-17T07:37:26+00:00","twitter_card":"summary_large_image","schema":{"@context":"https:\/\/schema.org","@graph":[{"@type":"WebPage","@id":"https:\/\/www.ms-viscom.com\/hr\/izdelek\/dodaci-za-staklenik-set-za-zastitu-od-vjetra-i-sidrenje\/","url":"https:\/\/www.ms-viscom.com\/hr\/izdelek\/dodaci-za-staklenik-set-za-zastitu-od-vjetra-i-sidrenje\/","name":"DODACI za STAKLENIK \u2013 Set za za\u0161titu od vjetra i sidrenje - MS Viscom","isPartOf":{"@id":"https:\/\/www.ms-viscom.com\/hr\/#website"},"primaryImageOfPage":{"@id":"https:\/\/www.ms-viscom.com\/hr\/izdelek\/dodaci-za-staklenik-set-za-zastitu-od-vjetra-i-sidrenje\/#primaryimage"},"image":{"@id":"https:\/\/www.ms-viscom.com\/hr\/izdelek\/dodaci-za-staklenik-set-za-zastitu-od-vjetra-i-sidrenje\/#primaryimage"},"thumbnailUrl":"https:\/\/www.ms-viscom.com\/wp-content\/uploads\/2025\/07\/Palram_Accessories_Sheds_Anchoring_Kit_Drawing_1.jpg","datePublished":"2025-07-21T08:11:32+00:00","dateModified":"2025-11-17T07:37:26+00:00","breadcrumb":{"@id":"https:\/\/www.ms-viscom.com\/hr\/izdelek\/dodaci-za-staklenik-set-za-zastitu-od-vjetra-i-sidrenje\/#breadcrumb"},"inLanguage":"hr","potentialAction":[{"@type":"ReadAction","target":["https:\/\/www.ms-viscom.com\/hr\/izdelek\/dodaci-za-staklenik-set-za-zastitu-od-vjetra-i-sidrenje\/"]}]},{"@type":"ImageObject","inLanguage":"hr","@id":"https:\/\/www.ms-viscom.com\/hr\/izdelek\/dodaci-za-staklenik-set-za-zastitu-od-vjetra-i-sidrenje\/#primaryimage","url":"https:\/\/www.ms-viscom.com\/wp-content\/uploads\/2025\/07\/Palram_Accessories_Sheds_Anchoring_Kit_Drawing_1.jpg","contentUrl":"https:\/\/www.ms-viscom.com\/wp-content\/uploads\/2025\/07\/Palram_Accessories_Sheds_Anchoring_Kit_Drawing_1.jpg","width":800,"height":600},{"@type":"BreadcrumbList","@id":"https:\/\/www.ms-viscom.com\/hr\/izdelek\/dodaci-za-staklenik-set-za-zastitu-od-vjetra-i-sidrenje\/#breadcrumb","itemListElement":[{"@type":"ListItem","position":1,"name":"Domov","item":"https:\/\/www.ms-viscom.com\/hr\/"},{"@type":"ListItem","position":2,"name":"Trgovina","item":"https:\/\/www.ms-viscom.com\/hr\/trgovina\/"},{"@type":"ListItem","position":3,"name":"DODACI za STAKLENIK \u2013 Set za za\u0161titu od vjetra i sidrenje"}]},{"@type":"WebSite","@id":"https:\/\/www.ms-viscom.com\/hr\/#website","url":"https:\/\/www.ms-viscom.com\/hr\/","name":"MS Viscom","description":"","potentialAction":[{"@type":"SearchAction","target":{"@type":"EntryPoint","urlTemplate":"https:\/\/www.ms-viscom.com\/hr\/?s={search_term_string}"},"query-input":{"@type":"PropertyValueSpecification","valueRequired":true,"valueName":"search_term_string"}}],"inLanguage":"hr"}]}},"_links":{"self":[{"href":"https:\/\/www.ms-viscom.com\/hr\/wp-json\/wp\/v2\/product\/3524","targetHints":{"allow":["GET"]}}],"collection":[{"href":"https:\/\/www.ms-viscom.com\/hr\/wp-json\/wp\/v2\/product"}],"about":[{"href":"https:\/\/www.ms-viscom.com\/hr\/wp-json\/wp\/v2\/types\/product"}],"wp:featuredmedia":[{"embeddable":true,"href":"https:\/\/www.ms-viscom.com\/hr\/wp-json\/wp\/v2\/media\/1478"}],"wp:attachment":[{"href":"https:\/\/www.ms-viscom.com\/hr\/wp-json\/wp\/v2\/media?parent=3524"}],"wp:term":[{"taxonomy":"product_brand","embeddable":true,"href":"https:\/\/www.ms-viscom.com\/hr\/wp-json\/wp\/v2\/product_brand?post=3524"},{"taxonomy":"product_cat","embeddable":true,"href":"https:\/\/www.ms-viscom.com\/hr\/wp-json\/wp\/v2\/product_cat?post=3524"},{"taxonomy":"product_tag","embeddable":true,"href":"https:\/\/www.ms-viscom.com\/hr\/wp-json\/wp\/v2\/product_tag?post=3524"}],"curies":[{"name":"wp","href":"https:\/\/api.w.org\/{rel}","templated":true}]}}