{"id":3493,"date":"2025-07-21T09:09:32","date_gmt":"2025-07-21T08:09:32","guid":{"rendered":"https:\/\/www.ms-viscom.com\/izdelek\/zimski-vrtovi-san-remo-antracit\/"},"modified":"2025-11-17T08:37:15","modified_gmt":"2025-11-17T07:37:15","slug":"zimski-vrtovi-san-remo-antracit","status":"publish","type":"product","link":"https:\/\/www.ms-viscom.com\/hr\/izdelek\/zimski-vrtovi-san-remo-antracit\/","title":{"rendered":"Zimski vrtovi \u2013 San Remo-antracit"},"content":{"rendered":"<h4><strong>SanRemo donosi novu razinu kvalitete u va\u0161 dom i stil \u017eivota<\/strong><\/h4>\n<table cellpadding=\"0\" cellspacing=\"0\" height=\"257\" hspace=\"0\" vspace=\"0\" width=\"570\">\n<tbody>\n<tr>\n<td align=\"left\" height=\"322\" valign=\"top\">\n<p>* Konstrukcija otporna na sve vremenske uvjete \u2013 pru\u017ea za\u0161titu i u nepovoljnim vremenskim prilikama<\/p>\n<p>* Troja \u0161iroka dvostruka klizna vrata omogu\u0107uju bolju cirkulaciju zraka i jednostavan prolaz<br \/>\n(121 \u0160 \u00d7 203 V cm \/ 47,6&#8243; \u0160 \u00d7 79,9&#8243; V)<\/p>\n<p>* Vrata koja se mogu zaklju\u010dati \u2013 zaklju\u010davanje iznutra pomo\u0107u glavnog klju\u010da<\/p>\n<p>* Izdr\u017eljiva, oja\u010dana aluminijska konstrukcija<\/p>\n<p>* Zidna monta\u017ena plo\u010da podesiva je po visini kako bi odgovarala \u017eeljenoj visini (285\u2013310 cm \/ 9,4&#8243;\u201310,2&#8243;)<\/p>\n<p>* Polikarbonatni krovni paneli otporni na udarce s UV za\u0161titom<\/p>\n<p>* Visokokvalitetni, kristalno \u010disti akrilni zidni paneli prirodno su otporni na \u0161tetne UV zrake<\/p>\n<p>* Ugra\u0111en sustav oluka omogu\u0107uje u\u010dinkovito odvo\u0111enje i skupljanje vode (promjer 50 mm \/ 2&#8243;)<\/p>\n<p>* Jednostavna monta\u017ea \u2013 unaprijed sastavljena vrata, bez potrebe za penjanjem<\/p>\n<p>* Ako \u017eelite dodati dodatno svjetlo svom prostoru, razmislite o kupnji svjetlosnog sustava (prodaje se zasebno)<\/p>\n<p>* Dizajniran tako da omogu\u0107uje jednostavnu monta\u017eu i demonta\u017eu.<\/p>\n<\/td>\n<\/tr>\n<\/tbody>\n<\/table>\n<p>&nbsp;<br \/>\n&nbsp;<\/p>\n<h4><strong>Otvorite svoj dom prema mirnom vanjskom okru\u017eenju i stvorite dodatni prostor za u\u017eivanje tijekom cijele godine<\/strong><\/h4>\n<p>* Kristalno \u010dist, proziran akrilni zidni sustav \u2013 fleksibilan i jednostavan za \u010di\u0161\u0107enje, savr\u0161eno se uklapa u svaki ku\u0107ni i vanjski dizajn<\/p>\n<p>* Akrilne plo\u010de otporne na udarce zadr\u017eavaju visoku propusnost svjetlosti i imaju dug vijek trajanja<\/p>\n<p>* Click N\u2019 Lock krovni sustav omogu\u0107uje sigurnu i jednostavnu monta\u017eu, zaklju\u010dava panele izme\u0111u konstrukcijskih profila i sprje\u010dava prodor vode u staklene dijelove<\/p>\n<p>&nbsp;<br \/>\n&nbsp;<\/p>\n<p><strong>Va\u017ene informacije<\/strong><\/p>\n<p>Prije po\u010detka monta\u017ee provjerite je li podloga potpuno ravna i poravnata te pod kutom od 90\u00b0 u odnosu na zid za monta\u017eu.<\/p>\n<p>&nbsp;<br \/>\n&nbsp;<\/p>\n<p><strong>Zimski vrtovi San Remo su vrhunske kvalitete i imaju 12 godina jamstva.<\/strong><\/p>\n","protected":false},"excerpt":{"rendered":"<p>Do\u017eivite savr\u0161en vanjski prostor unutar doma.<\/p>\n<p> Zimski vrtovi San Remo izvrstan su izbor za moderne i tradicionalne terase, omogu\u0107uju jednostavnu monta\u017eu i vrhunske su kvalitete.<\/p>\n","protected":false},"featured_media":1318,"template":"","meta":{"_acf_changed":false},"product_brand":[],"product_cat":[198],"product_tag":[],"class_list":{"0":"post-3493","1":"product","2":"type-product","3":"status-publish","4":"has-post-thumbnail","6":"product_cat-nadstresnice","8":"first","9":"outofstock","10":"taxable","11":"shipping-taxable","12":"purchasable","13":"product-type-simple"},"acf":[],"yoast_head":"<!-- This site is optimized with the Yoast SEO plugin v26.9 - https:\/\/yoast.com\/product\/yoast-seo-wordpress\/ -->\n<title>Zimski vrtovi \u2013 San Remo-antracit - MS Viscom<\/title>\n<meta name=\"robots\" content=\"index, follow, max-snippet:-1, max-image-preview:large, max-video-preview:-1\" \/>\n<link rel=\"canonical\" href=\"https:\/\/www.ms-viscom.com\/hr\/izdelek\/zimski-vrtovi-san-remo-antracit\/\" \/>\n<meta property=\"og:locale\" content=\"hr_HR\" \/>\n<meta property=\"og:type\" content=\"article\" \/>\n<meta property=\"og:title\" content=\"Zimski vrtovi \u2013 San Remo-antracit - MS Viscom\" \/>\n<meta property=\"og:description\" content=\"Do\u017eivite savr\u0161en vanjski prostor unutar doma.   Zimski vrtovi San Remo izvrstan su izbor za moderne i tradicionalne terase, omogu\u0107uju jednostavnu monta\u017eu i vrhunske su kvalitete.\" \/>\n<meta property=\"og:url\" content=\"https:\/\/www.ms-viscom.com\/hr\/izdelek\/zimski-vrtovi-san-remo-antracit\/\" \/>\n<meta property=\"og:site_name\" content=\"MS Viscom\" \/>\n<meta property=\"article:modified_time\" content=\"2025-11-17T07:37:15+00:00\" \/>\n<meta name=\"twitter:card\" content=\"summary_large_image\" \/>\n<meta name=\"twitter:label1\" content=\"Procijenjeno vrijeme \u010ditanja\" \/>\n\t<meta name=\"twitter:data1\" content=\"1 minuta\" \/>\n<script type=\"application\/ld+json\" class=\"yoast-schema-graph\">{\"@context\":\"https:\/\/schema.org\",\"@graph\":[{\"@type\":\"WebPage\",\"@id\":\"https:\/\/www.ms-viscom.com\/hr\/izdelek\/zimski-vrtovi-san-remo-antracit\/\",\"url\":\"https:\/\/www.ms-viscom.com\/hr\/izdelek\/zimski-vrtovi-san-remo-antracit\/\",\"name\":\"Zimski vrtovi \u2013 San Remo-antracit - MS Viscom\",\"isPartOf\":{\"@id\":\"https:\/\/www.ms-viscom.com\/hr\/#website\"},\"primaryImageOfPage\":{\"@id\":\"https:\/\/www.ms-viscom.com\/hr\/izdelek\/zimski-vrtovi-san-remo-antracit\/#primaryimage\"},\"image\":{\"@id\":\"https:\/\/www.ms-viscom.com\/hr\/izdelek\/zimski-vrtovi-san-remo-antracit\/#primaryimage\"},\"thumbnailUrl\":\"https:\/\/www.ms-viscom.com\/wp-content\/uploads\/2025\/07\/SanRemo-zimski-vrt-3x5.56m-antracit_r.jpg\",\"datePublished\":\"2025-07-21T08:09:32+00:00\",\"dateModified\":\"2025-11-17T07:37:15+00:00\",\"breadcrumb\":{\"@id\":\"https:\/\/www.ms-viscom.com\/hr\/izdelek\/zimski-vrtovi-san-remo-antracit\/#breadcrumb\"},\"inLanguage\":\"hr\",\"potentialAction\":[{\"@type\":\"ReadAction\",\"target\":[\"https:\/\/www.ms-viscom.com\/hr\/izdelek\/zimski-vrtovi-san-remo-antracit\/\"]}]},{\"@type\":\"ImageObject\",\"inLanguage\":\"hr\",\"@id\":\"https:\/\/www.ms-viscom.com\/hr\/izdelek\/zimski-vrtovi-san-remo-antracit\/#primaryimage\",\"url\":\"https:\/\/www.ms-viscom.com\/wp-content\/uploads\/2025\/07\/SanRemo-zimski-vrt-3x5.56m-antracit_r.jpg\",\"contentUrl\":\"https:\/\/www.ms-viscom.com\/wp-content\/uploads\/2025\/07\/SanRemo-zimski-vrt-3x5.56m-antracit_r.jpg\",\"width\":800,\"height\":600},{\"@type\":\"BreadcrumbList\",\"@id\":\"https:\/\/www.ms-viscom.com\/hr\/izdelek\/zimski-vrtovi-san-remo-antracit\/#breadcrumb\",\"itemListElement\":[{\"@type\":\"ListItem\",\"position\":1,\"name\":\"Domov\",\"item\":\"https:\/\/www.ms-viscom.com\/hr\/\"},{\"@type\":\"ListItem\",\"position\":2,\"name\":\"Trgovina\",\"item\":\"https:\/\/www.ms-viscom.com\/hr\/trgovina\/\"},{\"@type\":\"ListItem\",\"position\":3,\"name\":\"Zimski vrtovi \u2013 San Remo-antracit\"}]},{\"@type\":\"WebSite\",\"@id\":\"https:\/\/www.ms-viscom.com\/hr\/#website\",\"url\":\"https:\/\/www.ms-viscom.com\/hr\/\",\"name\":\"MS Viscom\",\"description\":\"\",\"potentialAction\":[{\"@type\":\"SearchAction\",\"target\":{\"@type\":\"EntryPoint\",\"urlTemplate\":\"https:\/\/www.ms-viscom.com\/hr\/?s={search_term_string}\"},\"query-input\":{\"@type\":\"PropertyValueSpecification\",\"valueRequired\":true,\"valueName\":\"search_term_string\"}}],\"inLanguage\":\"hr\"}]}<\/script>\n<!-- \/ Yoast SEO plugin. -->","yoast_head_json":{"title":"Zimski vrtovi \u2013 San Remo-antracit - MS Viscom","robots":{"index":"index","follow":"follow","max-snippet":"max-snippet:-1","max-image-preview":"max-image-preview:large","max-video-preview":"max-video-preview:-1"},"canonical":"https:\/\/www.ms-viscom.com\/hr\/izdelek\/zimski-vrtovi-san-remo-antracit\/","og_locale":"hr_HR","og_type":"article","og_title":"Zimski vrtovi \u2013 San Remo-antracit - MS Viscom","og_description":"Do\u017eivite savr\u0161en vanjski prostor unutar doma.   Zimski vrtovi San Remo izvrstan su izbor za moderne i tradicionalne terase, omogu\u0107uju jednostavnu monta\u017eu i vrhunske su kvalitete.","og_url":"https:\/\/www.ms-viscom.com\/hr\/izdelek\/zimski-vrtovi-san-remo-antracit\/","og_site_name":"MS Viscom","article_modified_time":"2025-11-17T07:37:15+00:00","twitter_card":"summary_large_image","twitter_misc":{"Procijenjeno vrijeme \u010ditanja":"1 minuta"},"schema":{"@context":"https:\/\/schema.org","@graph":[{"@type":"WebPage","@id":"https:\/\/www.ms-viscom.com\/hr\/izdelek\/zimski-vrtovi-san-remo-antracit\/","url":"https:\/\/www.ms-viscom.com\/hr\/izdelek\/zimski-vrtovi-san-remo-antracit\/","name":"Zimski vrtovi \u2013 San Remo-antracit - MS Viscom","isPartOf":{"@id":"https:\/\/www.ms-viscom.com\/hr\/#website"},"primaryImageOfPage":{"@id":"https:\/\/www.ms-viscom.com\/hr\/izdelek\/zimski-vrtovi-san-remo-antracit\/#primaryimage"},"image":{"@id":"https:\/\/www.ms-viscom.com\/hr\/izdelek\/zimski-vrtovi-san-remo-antracit\/#primaryimage"},"thumbnailUrl":"https:\/\/www.ms-viscom.com\/wp-content\/uploads\/2025\/07\/SanRemo-zimski-vrt-3x5.56m-antracit_r.jpg","datePublished":"2025-07-21T08:09:32+00:00","dateModified":"2025-11-17T07:37:15+00:00","breadcrumb":{"@id":"https:\/\/www.ms-viscom.com\/hr\/izdelek\/zimski-vrtovi-san-remo-antracit\/#breadcrumb"},"inLanguage":"hr","potentialAction":[{"@type":"ReadAction","target":["https:\/\/www.ms-viscom.com\/hr\/izdelek\/zimski-vrtovi-san-remo-antracit\/"]}]},{"@type":"ImageObject","inLanguage":"hr","@id":"https:\/\/www.ms-viscom.com\/hr\/izdelek\/zimski-vrtovi-san-remo-antracit\/#primaryimage","url":"https:\/\/www.ms-viscom.com\/wp-content\/uploads\/2025\/07\/SanRemo-zimski-vrt-3x5.56m-antracit_r.jpg","contentUrl":"https:\/\/www.ms-viscom.com\/wp-content\/uploads\/2025\/07\/SanRemo-zimski-vrt-3x5.56m-antracit_r.jpg","width":800,"height":600},{"@type":"BreadcrumbList","@id":"https:\/\/www.ms-viscom.com\/hr\/izdelek\/zimski-vrtovi-san-remo-antracit\/#breadcrumb","itemListElement":[{"@type":"ListItem","position":1,"name":"Domov","item":"https:\/\/www.ms-viscom.com\/hr\/"},{"@type":"ListItem","position":2,"name":"Trgovina","item":"https:\/\/www.ms-viscom.com\/hr\/trgovina\/"},{"@type":"ListItem","position":3,"name":"Zimski vrtovi \u2013 San Remo-antracit"}]},{"@type":"WebSite","@id":"https:\/\/www.ms-viscom.com\/hr\/#website","url":"https:\/\/www.ms-viscom.com\/hr\/","name":"MS Viscom","description":"","potentialAction":[{"@type":"SearchAction","target":{"@type":"EntryPoint","urlTemplate":"https:\/\/www.ms-viscom.com\/hr\/?s={search_term_string}"},"query-input":{"@type":"PropertyValueSpecification","valueRequired":true,"valueName":"search_term_string"}}],"inLanguage":"hr"}]}},"_links":{"self":[{"href":"https:\/\/www.ms-viscom.com\/hr\/wp-json\/wp\/v2\/product\/3493","targetHints":{"allow":["GET"]}}],"collection":[{"href":"https:\/\/www.ms-viscom.com\/hr\/wp-json\/wp\/v2\/product"}],"about":[{"href":"https:\/\/www.ms-viscom.com\/hr\/wp-json\/wp\/v2\/types\/product"}],"wp:featuredmedia":[{"embeddable":true,"href":"https:\/\/www.ms-viscom.com\/hr\/wp-json\/wp\/v2\/media\/1318"}],"wp:attachment":[{"href":"https:\/\/www.ms-viscom.com\/hr\/wp-json\/wp\/v2\/media?parent=3493"}],"wp:term":[{"taxonomy":"product_brand","embeddable":true,"href":"https:\/\/www.ms-viscom.com\/hr\/wp-json\/wp\/v2\/product_brand?post=3493"},{"taxonomy":"product_cat","embeddable":true,"href":"https:\/\/www.ms-viscom.com\/hr\/wp-json\/wp\/v2\/product_cat?post=3493"},{"taxonomy":"product_tag","embeddable":true,"href":"https:\/\/www.ms-viscom.com\/hr\/wp-json\/wp\/v2\/product_tag?post=3493"}],"curies":[{"name":"wp","href":"https:\/\/api.w.org\/{rel}","templated":true}]}}