{"id":3484,"date":"2025-07-21T09:08:35","date_gmt":"2025-07-21T08:08:35","guid":{"rendered":"https:\/\/www.ms-viscom.com\/izdelek\/jednorucna-preklopna-kuhinjska-slavina\/"},"modified":"2025-11-17T08:37:13","modified_gmt":"2025-11-17T07:37:13","slug":"jednorucna-preklopna-kuhinjska-slavina","status":"publish","type":"product","link":"https:\/\/www.ms-viscom.com\/hr\/izdelek\/jednorucna-preklopna-kuhinjska-slavina\/","title":{"rendered":"Jednoru\u010dna preklopna kuhinjska slavina"},"content":{"rendered":"<p>Materijal ku\u0107i\u0161ta: nehr\u0111aju\u0107i \u010delik 304<br \/>\nMaterijal ru\u010dke: nehr\u0111aju\u0107i \u010delik 304<br \/>\nVentil: kerami\u010dki<br \/>\nSastavni dijelovi: par dovodnih crijeva od 50 cm<br \/>\nVeli\u010dina ulo\u0161ka: 35 mm<br \/>\nUgradnja: armatura se montira na umivaonik ili radnu plo\u010du<br \/>\nProtok vode: \u2265 8 L\/min<\/p>\n","protected":false},"excerpt":{"rendered":"<p>Jednoru\u010dna preklopna kuhinjska mije\u0161alica<\/p>\n","protected":false},"featured_media":2637,"template":"","meta":{"_acf_changed":false},"product_brand":[],"product_cat":[166,168],"product_tag":[],"class_list":{"0":"post-3484","1":"product","2":"type-product","3":"status-publish","4":"has-post-thumbnail","6":"product_cat-bellano-vanjske-kuhinje","7":"product_cat-modularne-vanjske-kuhinje","9":"first","10":"instock","11":"taxable","12":"shipping-taxable","13":"purchasable","14":"product-type-simple"},"acf":[],"yoast_head":"<!-- This site is optimized with the Yoast SEO plugin v26.9 - https:\/\/yoast.com\/product\/yoast-seo-wordpress\/ -->\n<title>Jednoru\u010dna preklopna kuhinjska slavina - MS Viscom<\/title>\n<meta name=\"robots\" content=\"index, follow, max-snippet:-1, max-image-preview:large, max-video-preview:-1\" \/>\n<link rel=\"canonical\" href=\"https:\/\/www.ms-viscom.com\/hr\/izdelek\/jednorucna-preklopna-kuhinjska-slavina\/\" \/>\n<meta property=\"og:locale\" content=\"hr_HR\" \/>\n<meta property=\"og:type\" content=\"article\" \/>\n<meta property=\"og:title\" content=\"Jednoru\u010dna preklopna kuhinjska slavina - MS Viscom\" \/>\n<meta property=\"og:description\" content=\"Jednoru\u010dna preklopna kuhinjska mije\u0161alica\" \/>\n<meta property=\"og:url\" content=\"https:\/\/www.ms-viscom.com\/hr\/izdelek\/jednorucna-preklopna-kuhinjska-slavina\/\" \/>\n<meta property=\"og:site_name\" content=\"MS Viscom\" \/>\n<meta property=\"article:modified_time\" content=\"2025-11-17T07:37:13+00:00\" \/>\n<meta name=\"twitter:card\" content=\"summary_large_image\" \/>\n<script type=\"application\/ld+json\" class=\"yoast-schema-graph\">{\"@context\":\"https:\/\/schema.org\",\"@graph\":[{\"@type\":\"WebPage\",\"@id\":\"https:\/\/www.ms-viscom.com\/hr\/izdelek\/jednorucna-preklopna-kuhinjska-slavina\/\",\"url\":\"https:\/\/www.ms-viscom.com\/hr\/izdelek\/jednorucna-preklopna-kuhinjska-slavina\/\",\"name\":\"Jednoru\u010dna preklopna kuhinjska slavina - MS Viscom\",\"isPartOf\":{\"@id\":\"https:\/\/www.ms-viscom.com\/hr\/#website\"},\"primaryImageOfPage\":{\"@id\":\"https:\/\/www.ms-viscom.com\/hr\/izdelek\/jednorucna-preklopna-kuhinjska-slavina\/#primaryimage\"},\"image\":{\"@id\":\"https:\/\/www.ms-viscom.com\/hr\/izdelek\/jednorucna-preklopna-kuhinjska-slavina\/#primaryimage\"},\"thumbnailUrl\":\"https:\/\/www.ms-viscom.com\/wp-content\/uploads\/2025\/07\/Preklopna-INOX-pipa-1-scaled.jpg\",\"datePublished\":\"2025-07-21T08:08:35+00:00\",\"dateModified\":\"2025-11-17T07:37:13+00:00\",\"breadcrumb\":{\"@id\":\"https:\/\/www.ms-viscom.com\/hr\/izdelek\/jednorucna-preklopna-kuhinjska-slavina\/#breadcrumb\"},\"inLanguage\":\"hr\",\"potentialAction\":[{\"@type\":\"ReadAction\",\"target\":[\"https:\/\/www.ms-viscom.com\/hr\/izdelek\/jednorucna-preklopna-kuhinjska-slavina\/\"]}]},{\"@type\":\"ImageObject\",\"inLanguage\":\"hr\",\"@id\":\"https:\/\/www.ms-viscom.com\/hr\/izdelek\/jednorucna-preklopna-kuhinjska-slavina\/#primaryimage\",\"url\":\"https:\/\/www.ms-viscom.com\/wp-content\/uploads\/2025\/07\/Preklopna-INOX-pipa-1-scaled.jpg\",\"contentUrl\":\"https:\/\/www.ms-viscom.com\/wp-content\/uploads\/2025\/07\/Preklopna-INOX-pipa-1-scaled.jpg\",\"width\":2560,\"height\":1703},{\"@type\":\"BreadcrumbList\",\"@id\":\"https:\/\/www.ms-viscom.com\/hr\/izdelek\/jednorucna-preklopna-kuhinjska-slavina\/#breadcrumb\",\"itemListElement\":[{\"@type\":\"ListItem\",\"position\":1,\"name\":\"Domov\",\"item\":\"https:\/\/www.ms-viscom.com\/hr\/\"},{\"@type\":\"ListItem\",\"position\":2,\"name\":\"Trgovina\",\"item\":\"https:\/\/www.ms-viscom.com\/hr\/trgovina\/\"},{\"@type\":\"ListItem\",\"position\":3,\"name\":\"Jednoru\u010dna preklopna kuhinjska slavina\"}]},{\"@type\":\"WebSite\",\"@id\":\"https:\/\/www.ms-viscom.com\/hr\/#website\",\"url\":\"https:\/\/www.ms-viscom.com\/hr\/\",\"name\":\"MS Viscom\",\"description\":\"\",\"potentialAction\":[{\"@type\":\"SearchAction\",\"target\":{\"@type\":\"EntryPoint\",\"urlTemplate\":\"https:\/\/www.ms-viscom.com\/hr\/?s={search_term_string}\"},\"query-input\":{\"@type\":\"PropertyValueSpecification\",\"valueRequired\":true,\"valueName\":\"search_term_string\"}}],\"inLanguage\":\"hr\"}]}<\/script>\n<!-- \/ Yoast SEO plugin. -->","yoast_head_json":{"title":"Jednoru\u010dna preklopna kuhinjska slavina - MS Viscom","robots":{"index":"index","follow":"follow","max-snippet":"max-snippet:-1","max-image-preview":"max-image-preview:large","max-video-preview":"max-video-preview:-1"},"canonical":"https:\/\/www.ms-viscom.com\/hr\/izdelek\/jednorucna-preklopna-kuhinjska-slavina\/","og_locale":"hr_HR","og_type":"article","og_title":"Jednoru\u010dna preklopna kuhinjska slavina - MS Viscom","og_description":"Jednoru\u010dna preklopna kuhinjska mije\u0161alica","og_url":"https:\/\/www.ms-viscom.com\/hr\/izdelek\/jednorucna-preklopna-kuhinjska-slavina\/","og_site_name":"MS Viscom","article_modified_time":"2025-11-17T07:37:13+00:00","twitter_card":"summary_large_image","schema":{"@context":"https:\/\/schema.org","@graph":[{"@type":"WebPage","@id":"https:\/\/www.ms-viscom.com\/hr\/izdelek\/jednorucna-preklopna-kuhinjska-slavina\/","url":"https:\/\/www.ms-viscom.com\/hr\/izdelek\/jednorucna-preklopna-kuhinjska-slavina\/","name":"Jednoru\u010dna preklopna kuhinjska slavina - MS Viscom","isPartOf":{"@id":"https:\/\/www.ms-viscom.com\/hr\/#website"},"primaryImageOfPage":{"@id":"https:\/\/www.ms-viscom.com\/hr\/izdelek\/jednorucna-preklopna-kuhinjska-slavina\/#primaryimage"},"image":{"@id":"https:\/\/www.ms-viscom.com\/hr\/izdelek\/jednorucna-preklopna-kuhinjska-slavina\/#primaryimage"},"thumbnailUrl":"https:\/\/www.ms-viscom.com\/wp-content\/uploads\/2025\/07\/Preklopna-INOX-pipa-1-scaled.jpg","datePublished":"2025-07-21T08:08:35+00:00","dateModified":"2025-11-17T07:37:13+00:00","breadcrumb":{"@id":"https:\/\/www.ms-viscom.com\/hr\/izdelek\/jednorucna-preklopna-kuhinjska-slavina\/#breadcrumb"},"inLanguage":"hr","potentialAction":[{"@type":"ReadAction","target":["https:\/\/www.ms-viscom.com\/hr\/izdelek\/jednorucna-preklopna-kuhinjska-slavina\/"]}]},{"@type":"ImageObject","inLanguage":"hr","@id":"https:\/\/www.ms-viscom.com\/hr\/izdelek\/jednorucna-preklopna-kuhinjska-slavina\/#primaryimage","url":"https:\/\/www.ms-viscom.com\/wp-content\/uploads\/2025\/07\/Preklopna-INOX-pipa-1-scaled.jpg","contentUrl":"https:\/\/www.ms-viscom.com\/wp-content\/uploads\/2025\/07\/Preklopna-INOX-pipa-1-scaled.jpg","width":2560,"height":1703},{"@type":"BreadcrumbList","@id":"https:\/\/www.ms-viscom.com\/hr\/izdelek\/jednorucna-preklopna-kuhinjska-slavina\/#breadcrumb","itemListElement":[{"@type":"ListItem","position":1,"name":"Domov","item":"https:\/\/www.ms-viscom.com\/hr\/"},{"@type":"ListItem","position":2,"name":"Trgovina","item":"https:\/\/www.ms-viscom.com\/hr\/trgovina\/"},{"@type":"ListItem","position":3,"name":"Jednoru\u010dna preklopna kuhinjska slavina"}]},{"@type":"WebSite","@id":"https:\/\/www.ms-viscom.com\/hr\/#website","url":"https:\/\/www.ms-viscom.com\/hr\/","name":"MS Viscom","description":"","potentialAction":[{"@type":"SearchAction","target":{"@type":"EntryPoint","urlTemplate":"https:\/\/www.ms-viscom.com\/hr\/?s={search_term_string}"},"query-input":{"@type":"PropertyValueSpecification","valueRequired":true,"valueName":"search_term_string"}}],"inLanguage":"hr"}]}},"_links":{"self":[{"href":"https:\/\/www.ms-viscom.com\/hr\/wp-json\/wp\/v2\/product\/3484","targetHints":{"allow":["GET"]}}],"collection":[{"href":"https:\/\/www.ms-viscom.com\/hr\/wp-json\/wp\/v2\/product"}],"about":[{"href":"https:\/\/www.ms-viscom.com\/hr\/wp-json\/wp\/v2\/types\/product"}],"wp:featuredmedia":[{"embeddable":true,"href":"https:\/\/www.ms-viscom.com\/hr\/wp-json\/wp\/v2\/media\/2637"}],"wp:attachment":[{"href":"https:\/\/www.ms-viscom.com\/hr\/wp-json\/wp\/v2\/media?parent=3484"}],"wp:term":[{"taxonomy":"product_brand","embeddable":true,"href":"https:\/\/www.ms-viscom.com\/hr\/wp-json\/wp\/v2\/product_brand?post=3484"},{"taxonomy":"product_cat","embeddable":true,"href":"https:\/\/www.ms-viscom.com\/hr\/wp-json\/wp\/v2\/product_cat?post=3484"},{"taxonomy":"product_tag","embeddable":true,"href":"https:\/\/www.ms-viscom.com\/hr\/wp-json\/wp\/v2\/product_tag?post=3484"}],"curies":[{"name":"wp","href":"https:\/\/api.w.org\/{rel}","templated":true}]}}