{"id":3483,"date":"2025-07-21T09:08:30","date_gmt":"2025-07-21T08:08:30","guid":{"rendered":"https:\/\/www.ms-viscom.com\/izdelek\/vanjski-ormar-za-tv-kompaktna-ploca-drveni-dekor\/"},"modified":"2025-11-17T08:37:13","modified_gmt":"2025-11-17T07:37:13","slug":"vanjski-ormar-za-tv-kompaktna-ploca-drveni-dekor","status":"publish","type":"product","link":"https:\/\/www.ms-viscom.com\/hr\/izdelek\/vanjski-ormar-za-tv-kompaktna-ploca-drveni-dekor\/","title":{"rendered":"Vanjski ormar za TV \u2013 kompaktna plo\u010da \u2013 drveni dekor"},"content":{"rendered":"<p><a href=\"https:\/\/www.youtube.com\/watch?v=V8qNJ0skW8M\">video proizvoda:<\/a><\/p>\n<p>&nbsp;<\/p>\n<p>&nbsp;<\/p>\n<p>Vanjski ormar za TV otporan je na sve vanjske utjecaje poput ki\u0161e i sunca (UV za\u0161tita), jer je izra\u0111en od materijala otpornog na vremenske uvjete.<\/p>\n<p>Kada je zatvoren, vanjski ormar za TV u potpunosti \u0161titi televizor od vremenskih utjecaja poput ki\u0161e, magle ili vjetra, tako da je televizor u ormaru potpuno siguran i nije ga potrebno unositi u ku\u0107u tijekom zime.<\/p>\n<p>Nakon svakog gledanja televizije, ormar se jednostavno zatvara pomo\u0107u daljinskog upravlja\u010da, \u010dime je televizor potpuno za\u0161ti\u0107en.<\/p>\n<p>Iako je vanjski ormar za TV u potpunosti otporan na vremenske uvjete, za dulji vijek trajanja televizora koji se nalazi u ormaru, preporu\u010dujemo da se ormar postavi na mjesto pod krovom.<\/p>\n<p>&nbsp;<\/p>\n<p>Radite li u uredu, u zatvorenom prostoru?<\/p>\n<p>\u017delite li provoditi vi\u0161e vremena vani, na svje\u017eem zraku?<\/p>\n<p>\u017delite li s prijateljima gledati nogometnu utakmicu, ali nemate dovoljno prostora u ku\u0107i ili stanu?<\/p>\n<p>Volite li imati internetski radio ili YouTube glazbu vani dok obavljate razli\u010dite vrtne poslove?<\/p>\n<p>Nakon napornog dana, \u017eelite li u\u017eivati u pi\u0107u i na balkonu ili terasi slu\u0161ati glazbu ili pogledati vijesti?<\/p>\n<p>&nbsp;<\/p>\n<p>Tada je na\u0161 vanjski ormar za televizor idealno rje\u0161enje za vas \u2014 prenesite svoju dnevnu sobu na otvoreno.<\/p>\n<p>&nbsp;<\/p>\n<p><strong>Specifikacije:<\/strong><\/p>\n<p>&nbsp;<\/p>\n<p>&#8211; 1594 x 344 mm, visina: 1005 mm;<br \/>\n&#8211; konstrukcija od nehr\u0111aju\u0107eg \u010delika;<br \/>\n&#8211; ku\u0107i\u0161te izra\u0111eno od kompaktne plo\u010de;<br \/>\n&#8211; nogice od nehr\u0111aju\u0107eg \u010delika;<br \/>\n&#8211; podizni mehanizam s daljinskim upravlja\u010dem \u2014 prikladan za TV ure\u0111aje veli\u010dine 42 \u2013 65&#8243; i maksimalne dubine 80 mm;<br \/>\n&#8211; brzina podiznog mehanizma: 32 mm\/s;<br \/>\n&#8211; te\u017eina: 82 kg;<br \/>\n&#8211; jamstvo na okvir, podizni mehanizam i elektri\u010dne komponente: 1 godina.<\/p>\n","protected":false},"excerpt":{"rendered":"<p>Vanjski ormar za TV \u2013 kompaktna plo\u010da \u2013 drveni dekor<\/p>\n","protected":false},"featured_media":1207,"template":"","meta":{"_acf_changed":false},"product_brand":[],"product_cat":[166,170],"product_tag":[],"class_list":{"0":"post-3483","1":"product","2":"type-product","3":"status-publish","4":"has-post-thumbnail","6":"product_cat-bellano-vanjske-kuhinje","7":"product_cat-tv-podizne-komode","9":"first","10":"instock","11":"taxable","12":"shipping-taxable","13":"purchasable","14":"product-type-simple"},"acf":[],"yoast_head":"<!-- This site is optimized with the Yoast SEO plugin v26.9 - https:\/\/yoast.com\/product\/yoast-seo-wordpress\/ -->\n<title>Vanjski ormar za TV \u2013 kompaktna plo\u010da \u2013 drveni dekor - MS Viscom<\/title>\n<meta name=\"robots\" content=\"index, follow, max-snippet:-1, max-image-preview:large, max-video-preview:-1\" \/>\n<link rel=\"canonical\" href=\"https:\/\/www.ms-viscom.com\/hr\/izdelek\/vanjski-ormar-za-tv-kompaktna-ploca-drveni-dekor\/\" \/>\n<meta property=\"og:locale\" content=\"hr_HR\" \/>\n<meta property=\"og:type\" content=\"article\" \/>\n<meta property=\"og:title\" content=\"Vanjski ormar za TV \u2013 kompaktna plo\u010da \u2013 drveni dekor - MS Viscom\" \/>\n<meta property=\"og:description\" content=\"Vanjski ormar za TV \u2013 kompaktna plo\u010da \u2013 drveni dekor\" \/>\n<meta property=\"og:url\" content=\"https:\/\/www.ms-viscom.com\/hr\/izdelek\/vanjski-ormar-za-tv-kompaktna-ploca-drveni-dekor\/\" \/>\n<meta property=\"og:site_name\" content=\"MS Viscom\" \/>\n<meta property=\"article:modified_time\" content=\"2025-11-17T07:37:13+00:00\" \/>\n<meta name=\"twitter:card\" content=\"summary_large_image\" \/>\n<meta name=\"twitter:label1\" content=\"Procijenjeno vrijeme \u010ditanja\" \/>\n\t<meta name=\"twitter:data1\" content=\"1 minuta\" \/>\n<script type=\"application\/ld+json\" class=\"yoast-schema-graph\">{\"@context\":\"https:\/\/schema.org\",\"@graph\":[{\"@type\":\"WebPage\",\"@id\":\"https:\/\/www.ms-viscom.com\/hr\/izdelek\/vanjski-ormar-za-tv-kompaktna-ploca-drveni-dekor\/\",\"url\":\"https:\/\/www.ms-viscom.com\/hr\/izdelek\/vanjski-ormar-za-tv-kompaktna-ploca-drveni-dekor\/\",\"name\":\"Vanjski ormar za TV \u2013 kompaktna plo\u010da \u2013 drveni dekor - MS Viscom\",\"isPartOf\":{\"@id\":\"https:\/\/www.ms-viscom.com\/hr\/#website\"},\"primaryImageOfPage\":{\"@id\":\"https:\/\/www.ms-viscom.com\/hr\/izdelek\/vanjski-ormar-za-tv-kompaktna-ploca-drveni-dekor\/#primaryimage\"},\"image\":{\"@id\":\"https:\/\/www.ms-viscom.com\/hr\/izdelek\/vanjski-ormar-za-tv-kompaktna-ploca-drveni-dekor\/#primaryimage\"},\"thumbnailUrl\":\"https:\/\/www.ms-viscom.com\/wp-content\/uploads\/2025\/07\/Zunanja_omara_za_TV_lesni_dekor_01.jpg\",\"datePublished\":\"2025-07-21T08:08:30+00:00\",\"dateModified\":\"2025-11-17T07:37:13+00:00\",\"breadcrumb\":{\"@id\":\"https:\/\/www.ms-viscom.com\/hr\/izdelek\/vanjski-ormar-za-tv-kompaktna-ploca-drveni-dekor\/#breadcrumb\"},\"inLanguage\":\"hr\",\"potentialAction\":[{\"@type\":\"ReadAction\",\"target\":[\"https:\/\/www.ms-viscom.com\/hr\/izdelek\/vanjski-ormar-za-tv-kompaktna-ploca-drveni-dekor\/\"]}]},{\"@type\":\"ImageObject\",\"inLanguage\":\"hr\",\"@id\":\"https:\/\/www.ms-viscom.com\/hr\/izdelek\/vanjski-ormar-za-tv-kompaktna-ploca-drveni-dekor\/#primaryimage\",\"url\":\"https:\/\/www.ms-viscom.com\/wp-content\/uploads\/2025\/07\/Zunanja_omara_za_TV_lesni_dekor_01.jpg\",\"contentUrl\":\"https:\/\/www.ms-viscom.com\/wp-content\/uploads\/2025\/07\/Zunanja_omara_za_TV_lesni_dekor_01.jpg\",\"width\":800,\"height\":600},{\"@type\":\"BreadcrumbList\",\"@id\":\"https:\/\/www.ms-viscom.com\/hr\/izdelek\/vanjski-ormar-za-tv-kompaktna-ploca-drveni-dekor\/#breadcrumb\",\"itemListElement\":[{\"@type\":\"ListItem\",\"position\":1,\"name\":\"Domov\",\"item\":\"https:\/\/www.ms-viscom.com\/hr\/\"},{\"@type\":\"ListItem\",\"position\":2,\"name\":\"Trgovina\",\"item\":\"https:\/\/www.ms-viscom.com\/hr\/trgovina\/\"},{\"@type\":\"ListItem\",\"position\":3,\"name\":\"Vanjski ormar za TV \u2013 kompaktna plo\u010da \u2013 drveni dekor\"}]},{\"@type\":\"WebSite\",\"@id\":\"https:\/\/www.ms-viscom.com\/hr\/#website\",\"url\":\"https:\/\/www.ms-viscom.com\/hr\/\",\"name\":\"MS Viscom\",\"description\":\"\",\"potentialAction\":[{\"@type\":\"SearchAction\",\"target\":{\"@type\":\"EntryPoint\",\"urlTemplate\":\"https:\/\/www.ms-viscom.com\/hr\/?s={search_term_string}\"},\"query-input\":{\"@type\":\"PropertyValueSpecification\",\"valueRequired\":true,\"valueName\":\"search_term_string\"}}],\"inLanguage\":\"hr\"}]}<\/script>\n<!-- \/ Yoast SEO plugin. -->","yoast_head_json":{"title":"Vanjski ormar za TV \u2013 kompaktna plo\u010da \u2013 drveni dekor - MS Viscom","robots":{"index":"index","follow":"follow","max-snippet":"max-snippet:-1","max-image-preview":"max-image-preview:large","max-video-preview":"max-video-preview:-1"},"canonical":"https:\/\/www.ms-viscom.com\/hr\/izdelek\/vanjski-ormar-za-tv-kompaktna-ploca-drveni-dekor\/","og_locale":"hr_HR","og_type":"article","og_title":"Vanjski ormar za TV \u2013 kompaktna plo\u010da \u2013 drveni dekor - MS Viscom","og_description":"Vanjski ormar za TV \u2013 kompaktna plo\u010da \u2013 drveni dekor","og_url":"https:\/\/www.ms-viscom.com\/hr\/izdelek\/vanjski-ormar-za-tv-kompaktna-ploca-drveni-dekor\/","og_site_name":"MS Viscom","article_modified_time":"2025-11-17T07:37:13+00:00","twitter_card":"summary_large_image","twitter_misc":{"Procijenjeno vrijeme \u010ditanja":"1 minuta"},"schema":{"@context":"https:\/\/schema.org","@graph":[{"@type":"WebPage","@id":"https:\/\/www.ms-viscom.com\/hr\/izdelek\/vanjski-ormar-za-tv-kompaktna-ploca-drveni-dekor\/","url":"https:\/\/www.ms-viscom.com\/hr\/izdelek\/vanjski-ormar-za-tv-kompaktna-ploca-drveni-dekor\/","name":"Vanjski ormar za TV \u2013 kompaktna plo\u010da \u2013 drveni dekor - MS Viscom","isPartOf":{"@id":"https:\/\/www.ms-viscom.com\/hr\/#website"},"primaryImageOfPage":{"@id":"https:\/\/www.ms-viscom.com\/hr\/izdelek\/vanjski-ormar-za-tv-kompaktna-ploca-drveni-dekor\/#primaryimage"},"image":{"@id":"https:\/\/www.ms-viscom.com\/hr\/izdelek\/vanjski-ormar-za-tv-kompaktna-ploca-drveni-dekor\/#primaryimage"},"thumbnailUrl":"https:\/\/www.ms-viscom.com\/wp-content\/uploads\/2025\/07\/Zunanja_omara_za_TV_lesni_dekor_01.jpg","datePublished":"2025-07-21T08:08:30+00:00","dateModified":"2025-11-17T07:37:13+00:00","breadcrumb":{"@id":"https:\/\/www.ms-viscom.com\/hr\/izdelek\/vanjski-ormar-za-tv-kompaktna-ploca-drveni-dekor\/#breadcrumb"},"inLanguage":"hr","potentialAction":[{"@type":"ReadAction","target":["https:\/\/www.ms-viscom.com\/hr\/izdelek\/vanjski-ormar-za-tv-kompaktna-ploca-drveni-dekor\/"]}]},{"@type":"ImageObject","inLanguage":"hr","@id":"https:\/\/www.ms-viscom.com\/hr\/izdelek\/vanjski-ormar-za-tv-kompaktna-ploca-drveni-dekor\/#primaryimage","url":"https:\/\/www.ms-viscom.com\/wp-content\/uploads\/2025\/07\/Zunanja_omara_za_TV_lesni_dekor_01.jpg","contentUrl":"https:\/\/www.ms-viscom.com\/wp-content\/uploads\/2025\/07\/Zunanja_omara_za_TV_lesni_dekor_01.jpg","width":800,"height":600},{"@type":"BreadcrumbList","@id":"https:\/\/www.ms-viscom.com\/hr\/izdelek\/vanjski-ormar-za-tv-kompaktna-ploca-drveni-dekor\/#breadcrumb","itemListElement":[{"@type":"ListItem","position":1,"name":"Domov","item":"https:\/\/www.ms-viscom.com\/hr\/"},{"@type":"ListItem","position":2,"name":"Trgovina","item":"https:\/\/www.ms-viscom.com\/hr\/trgovina\/"},{"@type":"ListItem","position":3,"name":"Vanjski ormar za TV \u2013 kompaktna plo\u010da \u2013 drveni dekor"}]},{"@type":"WebSite","@id":"https:\/\/www.ms-viscom.com\/hr\/#website","url":"https:\/\/www.ms-viscom.com\/hr\/","name":"MS Viscom","description":"","potentialAction":[{"@type":"SearchAction","target":{"@type":"EntryPoint","urlTemplate":"https:\/\/www.ms-viscom.com\/hr\/?s={search_term_string}"},"query-input":{"@type":"PropertyValueSpecification","valueRequired":true,"valueName":"search_term_string"}}],"inLanguage":"hr"}]}},"_links":{"self":[{"href":"https:\/\/www.ms-viscom.com\/hr\/wp-json\/wp\/v2\/product\/3483","targetHints":{"allow":["GET"]}}],"collection":[{"href":"https:\/\/www.ms-viscom.com\/hr\/wp-json\/wp\/v2\/product"}],"about":[{"href":"https:\/\/www.ms-viscom.com\/hr\/wp-json\/wp\/v2\/types\/product"}],"wp:featuredmedia":[{"embeddable":true,"href":"https:\/\/www.ms-viscom.com\/hr\/wp-json\/wp\/v2\/media\/1207"}],"wp:attachment":[{"href":"https:\/\/www.ms-viscom.com\/hr\/wp-json\/wp\/v2\/media?parent=3483"}],"wp:term":[{"taxonomy":"product_brand","embeddable":true,"href":"https:\/\/www.ms-viscom.com\/hr\/wp-json\/wp\/v2\/product_brand?post=3483"},{"taxonomy":"product_cat","embeddable":true,"href":"https:\/\/www.ms-viscom.com\/hr\/wp-json\/wp\/v2\/product_cat?post=3483"},{"taxonomy":"product_tag","embeddable":true,"href":"https:\/\/www.ms-viscom.com\/hr\/wp-json\/wp\/v2\/product_tag?post=3483"}],"curies":[{"name":"wp","href":"https:\/\/api.w.org\/{rel}","templated":true}]}}