{"id":3480,"date":"2025-07-21T09:08:21","date_gmt":"2025-07-21T08:08:21","guid":{"rendered":"https:\/\/www.ms-viscom.com\/izdelek\/vanjski-hladnjak\/"},"modified":"2025-11-17T08:37:12","modified_gmt":"2025-11-17T07:37:12","slug":"vanjski-hladnjak","status":"publish","type":"product","link":"https:\/\/www.ms-viscom.com\/hr\/izdelek\/vanjski-hladnjak\/","title":{"rendered":"Vanjski hladnjak"},"content":{"rendered":"<p>Veli\u010dina proizvoda D*\u0160*V: 581 x 595 x 820 mm;&nbsp;<\/p>\n<p>Kapacitet: 150 l;&nbsp;<\/p>\n<p>Materijal: nehr\u0111aju\u0107i \u010delik SS 304;&nbsp;<\/p>\n<p>3 police;&nbsp;<\/p>\n<p>Kompresorsko hla\u0111enje;&nbsp;<\/p>\n<p>Vrsta rashladnog sredstva: R600;&nbsp;<\/p>\n<p>Vrata \u2013 troslojno staklo s UV za\u0161titom;&nbsp;<\/p>\n<p>Unutarnja LED rasvjeta;&nbsp;<\/p>\n<p>Veli\u010dina pakiranja: 655 x 665 x 840 mm;&nbsp;<\/p>\n<p>Neto te\u017eina: 52 kg;&nbsp;<\/p>\n<p>Bruto te\u017eina: 56 kg.<\/p>\n","protected":false},"excerpt":{"rendered":"<p>Veli\u010dina proizvoda D*\u0160*V: 581 x 595 x 820 mm;&nbsp; Kapacitet: 150 l;&nbsp; Materijal: nehr\u0111aju\u0107i \u010delik SS 304;&nbsp; 3 police;&nbsp; Kompresorsko hla\u0111enje;&nbsp; Vrsta rashladnog sredstva: R600;&nbsp; Vrata \u2013 troslojno staklo s UV za\u0161titom;&nbsp; Unutarnja LED rasvjeta;&nbsp; Veli\u010dina pakiranja: 655 x 665 x 840 mm;&nbsp; Neto te\u017eina: 52 kg;&nbsp; Bruto te\u017eina: 56 kg.<\/p>\n","protected":false},"featured_media":584,"template":"","meta":{"_acf_changed":false},"product_brand":[],"product_cat":[166,168],"product_tag":[],"class_list":{"0":"post-3480","1":"product","2":"type-product","3":"status-publish","4":"has-post-thumbnail","6":"product_cat-bellano-vanjske-kuhinje","7":"product_cat-modularne-vanjske-kuhinje","9":"first","10":"instock","11":"taxable","12":"shipping-taxable","13":"purchasable","14":"product-type-simple"},"acf":[],"yoast_head":"<!-- This site is optimized with the Yoast SEO plugin v26.9 - https:\/\/yoast.com\/product\/yoast-seo-wordpress\/ -->\n<title>Vanjski hladnjak - MS Viscom<\/title>\n<meta name=\"robots\" content=\"index, follow, max-snippet:-1, max-image-preview:large, max-video-preview:-1\" \/>\n<link rel=\"canonical\" href=\"https:\/\/www.ms-viscom.com\/hr\/izdelek\/vanjski-hladnjak\/\" \/>\n<meta property=\"og:locale\" content=\"hr_HR\" \/>\n<meta property=\"og:type\" content=\"article\" \/>\n<meta property=\"og:title\" content=\"Vanjski hladnjak - MS Viscom\" \/>\n<meta property=\"og:description\" content=\"Veli\u010dina proizvoda D*\u0160*V: 581 x 595 x 820 mm;&nbsp; Kapacitet: 150 l;&nbsp; Materijal: nehr\u0111aju\u0107i \u010delik SS 304;&nbsp; 3 police;&nbsp; Kompresorsko hla\u0111enje;&nbsp; Vrsta rashladnog sredstva: R600;&nbsp; Vrata \u2013 troslojno staklo s UV za\u0161titom;&nbsp; Unutarnja LED rasvjeta;&nbsp; Veli\u010dina pakiranja: 655 x 665 x 840 mm;&nbsp; Neto te\u017eina: 52 kg;&nbsp; Bruto te\u017eina: 56 kg.\" \/>\n<meta property=\"og:url\" content=\"https:\/\/www.ms-viscom.com\/hr\/izdelek\/vanjski-hladnjak\/\" \/>\n<meta property=\"og:site_name\" content=\"MS Viscom\" \/>\n<meta property=\"article:modified_time\" content=\"2025-11-17T07:37:12+00:00\" \/>\n<meta name=\"twitter:card\" content=\"summary_large_image\" \/>\n<script type=\"application\/ld+json\" class=\"yoast-schema-graph\">{\"@context\":\"https:\/\/schema.org\",\"@graph\":[{\"@type\":\"WebPage\",\"@id\":\"https:\/\/www.ms-viscom.com\/hr\/izdelek\/vanjski-hladnjak\/\",\"url\":\"https:\/\/www.ms-viscom.com\/hr\/izdelek\/vanjski-hladnjak\/\",\"name\":\"Vanjski hladnjak - MS Viscom\",\"isPartOf\":{\"@id\":\"https:\/\/www.ms-viscom.com\/hr\/#website\"},\"primaryImageOfPage\":{\"@id\":\"https:\/\/www.ms-viscom.com\/hr\/izdelek\/vanjski-hladnjak\/#primaryimage\"},\"image\":{\"@id\":\"https:\/\/www.ms-viscom.com\/hr\/izdelek\/vanjski-hladnjak\/#primaryimage\"},\"thumbnailUrl\":\"https:\/\/www.ms-viscom.com\/wp-content\/uploads\/2025\/07\/01_zunanji_hladilnik_ms_viscom.jpg\",\"datePublished\":\"2025-07-21T08:08:21+00:00\",\"dateModified\":\"2025-11-17T07:37:12+00:00\",\"breadcrumb\":{\"@id\":\"https:\/\/www.ms-viscom.com\/hr\/izdelek\/vanjski-hladnjak\/#breadcrumb\"},\"inLanguage\":\"hr\",\"potentialAction\":[{\"@type\":\"ReadAction\",\"target\":[\"https:\/\/www.ms-viscom.com\/hr\/izdelek\/vanjski-hladnjak\/\"]}]},{\"@type\":\"ImageObject\",\"inLanguage\":\"hr\",\"@id\":\"https:\/\/www.ms-viscom.com\/hr\/izdelek\/vanjski-hladnjak\/#primaryimage\",\"url\":\"https:\/\/www.ms-viscom.com\/wp-content\/uploads\/2025\/07\/01_zunanji_hladilnik_ms_viscom.jpg\",\"contentUrl\":\"https:\/\/www.ms-viscom.com\/wp-content\/uploads\/2025\/07\/01_zunanji_hladilnik_ms_viscom.jpg\",\"width\":800,\"height\":600},{\"@type\":\"BreadcrumbList\",\"@id\":\"https:\/\/www.ms-viscom.com\/hr\/izdelek\/vanjski-hladnjak\/#breadcrumb\",\"itemListElement\":[{\"@type\":\"ListItem\",\"position\":1,\"name\":\"Domov\",\"item\":\"https:\/\/www.ms-viscom.com\/hr\/\"},{\"@type\":\"ListItem\",\"position\":2,\"name\":\"Trgovina\",\"item\":\"https:\/\/www.ms-viscom.com\/hr\/trgovina\/\"},{\"@type\":\"ListItem\",\"position\":3,\"name\":\"Vanjski hladnjak\"}]},{\"@type\":\"WebSite\",\"@id\":\"https:\/\/www.ms-viscom.com\/hr\/#website\",\"url\":\"https:\/\/www.ms-viscom.com\/hr\/\",\"name\":\"MS Viscom\",\"description\":\"\",\"potentialAction\":[{\"@type\":\"SearchAction\",\"target\":{\"@type\":\"EntryPoint\",\"urlTemplate\":\"https:\/\/www.ms-viscom.com\/hr\/?s={search_term_string}\"},\"query-input\":{\"@type\":\"PropertyValueSpecification\",\"valueRequired\":true,\"valueName\":\"search_term_string\"}}],\"inLanguage\":\"hr\"}]}<\/script>\n<!-- \/ Yoast SEO plugin. -->","yoast_head_json":{"title":"Vanjski hladnjak - MS Viscom","robots":{"index":"index","follow":"follow","max-snippet":"max-snippet:-1","max-image-preview":"max-image-preview:large","max-video-preview":"max-video-preview:-1"},"canonical":"https:\/\/www.ms-viscom.com\/hr\/izdelek\/vanjski-hladnjak\/","og_locale":"hr_HR","og_type":"article","og_title":"Vanjski hladnjak - MS Viscom","og_description":"Veli\u010dina proizvoda D*\u0160*V: 581 x 595 x 820 mm;&nbsp; Kapacitet: 150 l;&nbsp; Materijal: nehr\u0111aju\u0107i \u010delik SS 304;&nbsp; 3 police;&nbsp; Kompresorsko hla\u0111enje;&nbsp; Vrsta rashladnog sredstva: R600;&nbsp; Vrata \u2013 troslojno staklo s UV za\u0161titom;&nbsp; Unutarnja LED rasvjeta;&nbsp; Veli\u010dina pakiranja: 655 x 665 x 840 mm;&nbsp; Neto te\u017eina: 52 kg;&nbsp; Bruto te\u017eina: 56 kg.","og_url":"https:\/\/www.ms-viscom.com\/hr\/izdelek\/vanjski-hladnjak\/","og_site_name":"MS Viscom","article_modified_time":"2025-11-17T07:37:12+00:00","twitter_card":"summary_large_image","schema":{"@context":"https:\/\/schema.org","@graph":[{"@type":"WebPage","@id":"https:\/\/www.ms-viscom.com\/hr\/izdelek\/vanjski-hladnjak\/","url":"https:\/\/www.ms-viscom.com\/hr\/izdelek\/vanjski-hladnjak\/","name":"Vanjski hladnjak - MS Viscom","isPartOf":{"@id":"https:\/\/www.ms-viscom.com\/hr\/#website"},"primaryImageOfPage":{"@id":"https:\/\/www.ms-viscom.com\/hr\/izdelek\/vanjski-hladnjak\/#primaryimage"},"image":{"@id":"https:\/\/www.ms-viscom.com\/hr\/izdelek\/vanjski-hladnjak\/#primaryimage"},"thumbnailUrl":"https:\/\/www.ms-viscom.com\/wp-content\/uploads\/2025\/07\/01_zunanji_hladilnik_ms_viscom.jpg","datePublished":"2025-07-21T08:08:21+00:00","dateModified":"2025-11-17T07:37:12+00:00","breadcrumb":{"@id":"https:\/\/www.ms-viscom.com\/hr\/izdelek\/vanjski-hladnjak\/#breadcrumb"},"inLanguage":"hr","potentialAction":[{"@type":"ReadAction","target":["https:\/\/www.ms-viscom.com\/hr\/izdelek\/vanjski-hladnjak\/"]}]},{"@type":"ImageObject","inLanguage":"hr","@id":"https:\/\/www.ms-viscom.com\/hr\/izdelek\/vanjski-hladnjak\/#primaryimage","url":"https:\/\/www.ms-viscom.com\/wp-content\/uploads\/2025\/07\/01_zunanji_hladilnik_ms_viscom.jpg","contentUrl":"https:\/\/www.ms-viscom.com\/wp-content\/uploads\/2025\/07\/01_zunanji_hladilnik_ms_viscom.jpg","width":800,"height":600},{"@type":"BreadcrumbList","@id":"https:\/\/www.ms-viscom.com\/hr\/izdelek\/vanjski-hladnjak\/#breadcrumb","itemListElement":[{"@type":"ListItem","position":1,"name":"Domov","item":"https:\/\/www.ms-viscom.com\/hr\/"},{"@type":"ListItem","position":2,"name":"Trgovina","item":"https:\/\/www.ms-viscom.com\/hr\/trgovina\/"},{"@type":"ListItem","position":3,"name":"Vanjski hladnjak"}]},{"@type":"WebSite","@id":"https:\/\/www.ms-viscom.com\/hr\/#website","url":"https:\/\/www.ms-viscom.com\/hr\/","name":"MS Viscom","description":"","potentialAction":[{"@type":"SearchAction","target":{"@type":"EntryPoint","urlTemplate":"https:\/\/www.ms-viscom.com\/hr\/?s={search_term_string}"},"query-input":{"@type":"PropertyValueSpecification","valueRequired":true,"valueName":"search_term_string"}}],"inLanguage":"hr"}]}},"_links":{"self":[{"href":"https:\/\/www.ms-viscom.com\/hr\/wp-json\/wp\/v2\/product\/3480","targetHints":{"allow":["GET"]}}],"collection":[{"href":"https:\/\/www.ms-viscom.com\/hr\/wp-json\/wp\/v2\/product"}],"about":[{"href":"https:\/\/www.ms-viscom.com\/hr\/wp-json\/wp\/v2\/types\/product"}],"wp:featuredmedia":[{"embeddable":true,"href":"https:\/\/www.ms-viscom.com\/hr\/wp-json\/wp\/v2\/media\/584"}],"wp:attachment":[{"href":"https:\/\/www.ms-viscom.com\/hr\/wp-json\/wp\/v2\/media?parent=3480"}],"wp:term":[{"taxonomy":"product_brand","embeddable":true,"href":"https:\/\/www.ms-viscom.com\/hr\/wp-json\/wp\/v2\/product_brand?post=3480"},{"taxonomy":"product_cat","embeddable":true,"href":"https:\/\/www.ms-viscom.com\/hr\/wp-json\/wp\/v2\/product_cat?post=3480"},{"taxonomy":"product_tag","embeddable":true,"href":"https:\/\/www.ms-viscom.com\/hr\/wp-json\/wp\/v2\/product_tag?post=3480"}],"curies":[{"name":"wp","href":"https:\/\/api.w.org\/{rel}","templated":true}]}}