{"id":3471,"date":"2025-07-21T09:07:41","date_gmt":"2025-07-21T08:07:41","guid":{"rendered":"https:\/\/www.ms-viscom.com\/izdelek\/vrtni-paviljon-roma\/"},"modified":"2025-11-17T08:37:08","modified_gmt":"2025-11-17T07:37:08","slug":"vrtni-paviljon-roma","status":"publish","type":"product","link":"https:\/\/www.ms-viscom.com\/hr\/izdelek\/vrtni-paviljon-roma\/","title":{"rendered":"Vrtni paviljon \u2013 Roma"},"content":{"rendered":"<h4><b>Vanjski paviljon \u2013 prekrasan sredi\u0161nji element va\u0161eg vrta ili dvori\u0161ta<\/b><\/h4>\n<table width=\"527\" cellspacing=\"0\" cellpadding=\"0\">\n<tbody>\n<tr>\n<td align=\"left\" valign=\"top\" height=\"336\">&nbsp;<\/p>\n<p>* Robusna konstrukcija \u2013 oja\u010dani dizajn s izdr\u017eljivim sivim pra\u0161kasto oblo\u017eenim aluminijskim okvirom otpornim na koroziju i spojnim elementima od pocin\u010danog \u010delika<\/p>\n<p>* Otporan na nepovoljne vremenske uvjete \u2013 plo\u010de nije potrebno skidati tijekom zime<\/p>\n<p>* \u010cvrsta i dugotrajna aluminijska konstrukcija daje svakom vanjskom prostoru profinjen izgled<\/p>\n<p>* Prakti\u010dno neuni\u0161tive dvoslojne polikarbonatne plo\u010de debljine 6 mm, 100 % za\u0161ti\u0107ene od UV-zraka, \u0161tite od \u0161tetnog UV-zra\u010denja, tu\u010de i snijega<\/p>\n<p>* Posebno obra\u0111ena bron\u010dana zavr\u0161na obrada propu\u0161ta prirodnu sun\u010devu svjetlost tijekom obla\u010dnih dana, a istovremeno pru\u017ea dovoljno sjene<\/p>\n<p>* Jednostavna monta\u017ea \u2013 dvije osobe mogu je postaviti zahvaljuju\u0107i unaprijed izbu\u0161enim profilima i unaprijed izrezanim plo\u010dama; svi vijci su uklju\u010deni<\/p>\n<p>* Pravokutna konstrukcija mo\u017ee se premjestiti i u\u010dvrstiti na bilo koju podlogu<\/p>\n<p>* Elegantni gornji ventilacijski otvor omogu\u0107uje protok zraka i odvod dima<\/p>\n<p>* Be\u0161avni pokrov \u2013 nevidljiv okvir<\/p>\n<p>&nbsp;<\/p>\n<p>&nbsp;<\/p>\n<h4><b>Oja\u010dan i elegantan dizajn stvara profinjenu i trajnu strukturu<\/b><\/h4>\n<p>* Tradicionalni \u0161esterokutni oblik \u2013 savr\u0161eno sredi\u0161te za prostor opu\u0161tanja, ro\u0161tilj ili vanjski spa<\/p>\n<p>* Ugra\u0111ene vodilice i kukice za dodavanje zavjesa ili mre\u017eastih materijala \u2013 trenutno mijenjaju izgled prostora (uklju\u010deno 72 kukice)<\/p>\n<p>* Zavjese i mre\u017ee dostupne su zasebno (prodaju se odvojeno)<\/p>\n<p>&nbsp;<\/p>\n<p>&nbsp;\n<\/td>\n<\/tr>\n<\/tbody>\n<\/table>\n<h4><strong>Paviljon Roma je vrhunske kvalitete i ima 10 godina jamstva.<\/strong><\/h4>\n","protected":false},"excerpt":{"rendered":"<p>Dodajte da\u0161ak \u0161ika u svoj prostor za opu\u0161tanje u vrtu.<\/p>\n","protected":false},"featured_media":1116,"template":"","meta":{"_acf_changed":false},"product_brand":[],"product_cat":[198,228],"product_tag":[],"class_list":{"0":"post-3471","1":"product","2":"type-product","3":"status-publish","4":"has-post-thumbnail","6":"product_cat-nadstresnice","7":"product_cat-roma","9":"first","10":"outofstock","11":"taxable","12":"shipping-taxable","13":"purchasable","14":"product-type-simple"},"acf":[],"yoast_head":"<!-- This site is optimized with the Yoast SEO plugin v26.9 - https:\/\/yoast.com\/product\/yoast-seo-wordpress\/ -->\n<title>Vrtni paviljon \u2013 Roma - MS Viscom<\/title>\n<meta name=\"robots\" content=\"index, follow, max-snippet:-1, max-image-preview:large, max-video-preview:-1\" \/>\n<link rel=\"canonical\" href=\"https:\/\/www.ms-viscom.com\/hr\/izdelek\/vrtni-paviljon-roma\/\" \/>\n<meta property=\"og:locale\" content=\"hr_HR\" \/>\n<meta property=\"og:type\" content=\"article\" \/>\n<meta property=\"og:title\" content=\"Vrtni paviljon \u2013 Roma - MS Viscom\" \/>\n<meta property=\"og:description\" content=\"Dodajte da\u0161ak \u0161ika u svoj prostor za opu\u0161tanje u vrtu.\" \/>\n<meta property=\"og:url\" content=\"https:\/\/www.ms-viscom.com\/hr\/izdelek\/vrtni-paviljon-roma\/\" \/>\n<meta property=\"og:site_name\" content=\"MS Viscom\" \/>\n<meta property=\"article:modified_time\" content=\"2025-11-17T07:37:08+00:00\" \/>\n<meta name=\"twitter:card\" content=\"summary_large_image\" \/>\n<meta name=\"twitter:label1\" content=\"Procijenjeno vrijeme \u010ditanja\" \/>\n\t<meta name=\"twitter:data1\" content=\"1 minuta\" \/>\n<script type=\"application\/ld+json\" class=\"yoast-schema-graph\">{\"@context\":\"https:\/\/schema.org\",\"@graph\":[{\"@type\":\"WebPage\",\"@id\":\"https:\/\/www.ms-viscom.com\/hr\/izdelek\/vrtni-paviljon-roma\/\",\"url\":\"https:\/\/www.ms-viscom.com\/hr\/izdelek\/vrtni-paviljon-roma\/\",\"name\":\"Vrtni paviljon \u2013 Roma - MS Viscom\",\"isPartOf\":{\"@id\":\"https:\/\/www.ms-viscom.com\/hr\/#website\"},\"primaryImageOfPage\":{\"@id\":\"https:\/\/www.ms-viscom.com\/hr\/izdelek\/vrtni-paviljon-roma\/#primaryimage\"},\"image\":{\"@id\":\"https:\/\/www.ms-viscom.com\/hr\/izdelek\/vrtni-paviljon-roma\/#primaryimage\"},\"thumbnailUrl\":\"https:\/\/www.ms-viscom.com\/wp-content\/uploads\/2025\/07\/Palram_Garden_Gazebo_Roma_r.jpg\",\"datePublished\":\"2025-07-21T08:07:41+00:00\",\"dateModified\":\"2025-11-17T07:37:08+00:00\",\"breadcrumb\":{\"@id\":\"https:\/\/www.ms-viscom.com\/hr\/izdelek\/vrtni-paviljon-roma\/#breadcrumb\"},\"inLanguage\":\"hr\",\"potentialAction\":[{\"@type\":\"ReadAction\",\"target\":[\"https:\/\/www.ms-viscom.com\/hr\/izdelek\/vrtni-paviljon-roma\/\"]}]},{\"@type\":\"ImageObject\",\"inLanguage\":\"hr\",\"@id\":\"https:\/\/www.ms-viscom.com\/hr\/izdelek\/vrtni-paviljon-roma\/#primaryimage\",\"url\":\"https:\/\/www.ms-viscom.com\/wp-content\/uploads\/2025\/07\/Palram_Garden_Gazebo_Roma_r.jpg\",\"contentUrl\":\"https:\/\/www.ms-viscom.com\/wp-content\/uploads\/2025\/07\/Palram_Garden_Gazebo_Roma_r.jpg\",\"width\":800,\"height\":600},{\"@type\":\"BreadcrumbList\",\"@id\":\"https:\/\/www.ms-viscom.com\/hr\/izdelek\/vrtni-paviljon-roma\/#breadcrumb\",\"itemListElement\":[{\"@type\":\"ListItem\",\"position\":1,\"name\":\"Domov\",\"item\":\"https:\/\/www.ms-viscom.com\/hr\/\"},{\"@type\":\"ListItem\",\"position\":2,\"name\":\"Trgovina\",\"item\":\"https:\/\/www.ms-viscom.com\/hr\/trgovina\/\"},{\"@type\":\"ListItem\",\"position\":3,\"name\":\"Vrtni paviljon \u2013 Roma\"}]},{\"@type\":\"WebSite\",\"@id\":\"https:\/\/www.ms-viscom.com\/hr\/#website\",\"url\":\"https:\/\/www.ms-viscom.com\/hr\/\",\"name\":\"MS Viscom\",\"description\":\"\",\"potentialAction\":[{\"@type\":\"SearchAction\",\"target\":{\"@type\":\"EntryPoint\",\"urlTemplate\":\"https:\/\/www.ms-viscom.com\/hr\/?s={search_term_string}\"},\"query-input\":{\"@type\":\"PropertyValueSpecification\",\"valueRequired\":true,\"valueName\":\"search_term_string\"}}],\"inLanguage\":\"hr\"}]}<\/script>\n<!-- \/ Yoast SEO plugin. -->","yoast_head_json":{"title":"Vrtni paviljon \u2013 Roma - MS Viscom","robots":{"index":"index","follow":"follow","max-snippet":"max-snippet:-1","max-image-preview":"max-image-preview:large","max-video-preview":"max-video-preview:-1"},"canonical":"https:\/\/www.ms-viscom.com\/hr\/izdelek\/vrtni-paviljon-roma\/","og_locale":"hr_HR","og_type":"article","og_title":"Vrtni paviljon \u2013 Roma - MS Viscom","og_description":"Dodajte da\u0161ak \u0161ika u svoj prostor za opu\u0161tanje u vrtu.","og_url":"https:\/\/www.ms-viscom.com\/hr\/izdelek\/vrtni-paviljon-roma\/","og_site_name":"MS Viscom","article_modified_time":"2025-11-17T07:37:08+00:00","twitter_card":"summary_large_image","twitter_misc":{"Procijenjeno vrijeme \u010ditanja":"1 minuta"},"schema":{"@context":"https:\/\/schema.org","@graph":[{"@type":"WebPage","@id":"https:\/\/www.ms-viscom.com\/hr\/izdelek\/vrtni-paviljon-roma\/","url":"https:\/\/www.ms-viscom.com\/hr\/izdelek\/vrtni-paviljon-roma\/","name":"Vrtni paviljon \u2013 Roma - MS Viscom","isPartOf":{"@id":"https:\/\/www.ms-viscom.com\/hr\/#website"},"primaryImageOfPage":{"@id":"https:\/\/www.ms-viscom.com\/hr\/izdelek\/vrtni-paviljon-roma\/#primaryimage"},"image":{"@id":"https:\/\/www.ms-viscom.com\/hr\/izdelek\/vrtni-paviljon-roma\/#primaryimage"},"thumbnailUrl":"https:\/\/www.ms-viscom.com\/wp-content\/uploads\/2025\/07\/Palram_Garden_Gazebo_Roma_r.jpg","datePublished":"2025-07-21T08:07:41+00:00","dateModified":"2025-11-17T07:37:08+00:00","breadcrumb":{"@id":"https:\/\/www.ms-viscom.com\/hr\/izdelek\/vrtni-paviljon-roma\/#breadcrumb"},"inLanguage":"hr","potentialAction":[{"@type":"ReadAction","target":["https:\/\/www.ms-viscom.com\/hr\/izdelek\/vrtni-paviljon-roma\/"]}]},{"@type":"ImageObject","inLanguage":"hr","@id":"https:\/\/www.ms-viscom.com\/hr\/izdelek\/vrtni-paviljon-roma\/#primaryimage","url":"https:\/\/www.ms-viscom.com\/wp-content\/uploads\/2025\/07\/Palram_Garden_Gazebo_Roma_r.jpg","contentUrl":"https:\/\/www.ms-viscom.com\/wp-content\/uploads\/2025\/07\/Palram_Garden_Gazebo_Roma_r.jpg","width":800,"height":600},{"@type":"BreadcrumbList","@id":"https:\/\/www.ms-viscom.com\/hr\/izdelek\/vrtni-paviljon-roma\/#breadcrumb","itemListElement":[{"@type":"ListItem","position":1,"name":"Domov","item":"https:\/\/www.ms-viscom.com\/hr\/"},{"@type":"ListItem","position":2,"name":"Trgovina","item":"https:\/\/www.ms-viscom.com\/hr\/trgovina\/"},{"@type":"ListItem","position":3,"name":"Vrtni paviljon \u2013 Roma"}]},{"@type":"WebSite","@id":"https:\/\/www.ms-viscom.com\/hr\/#website","url":"https:\/\/www.ms-viscom.com\/hr\/","name":"MS Viscom","description":"","potentialAction":[{"@type":"SearchAction","target":{"@type":"EntryPoint","urlTemplate":"https:\/\/www.ms-viscom.com\/hr\/?s={search_term_string}"},"query-input":{"@type":"PropertyValueSpecification","valueRequired":true,"valueName":"search_term_string"}}],"inLanguage":"hr"}]}},"_links":{"self":[{"href":"https:\/\/www.ms-viscom.com\/hr\/wp-json\/wp\/v2\/product\/3471","targetHints":{"allow":["GET"]}}],"collection":[{"href":"https:\/\/www.ms-viscom.com\/hr\/wp-json\/wp\/v2\/product"}],"about":[{"href":"https:\/\/www.ms-viscom.com\/hr\/wp-json\/wp\/v2\/types\/product"}],"wp:featuredmedia":[{"embeddable":true,"href":"https:\/\/www.ms-viscom.com\/hr\/wp-json\/wp\/v2\/media\/1116"}],"wp:attachment":[{"href":"https:\/\/www.ms-viscom.com\/hr\/wp-json\/wp\/v2\/media?parent=3471"}],"wp:term":[{"taxonomy":"product_brand","embeddable":true,"href":"https:\/\/www.ms-viscom.com\/hr\/wp-json\/wp\/v2\/product_brand?post=3471"},{"taxonomy":"product_cat","embeddable":true,"href":"https:\/\/www.ms-viscom.com\/hr\/wp-json\/wp\/v2\/product_cat?post=3471"},{"taxonomy":"product_tag","embeddable":true,"href":"https:\/\/www.ms-viscom.com\/hr\/wp-json\/wp\/v2\/product_tag?post=3471"}],"curies":[{"name":"wp","href":"https:\/\/api.w.org\/{rel}","templated":true}]}}