{"id":3469,"date":"2025-07-21T09:07:26","date_gmt":"2025-07-21T08:07:26","guid":{"rendered":"https:\/\/www.ms-viscom.com\/izdelek\/vrtni-paviljon-roma-siva-bronza\/"},"modified":"2025-11-17T08:37:08","modified_gmt":"2025-11-17T07:37:08","slug":"vrtni-paviljon-roma-siva-bronza","status":"publish","type":"product","link":"https:\/\/www.ms-viscom.com\/hr\/izdelek\/vrtni-paviljon-roma-siva-bronza\/","title":{"rendered":"VRTNI PAVILJON ROMA, siva\/bronza"},"content":{"rendered":"<p><a href=\"https:\/\/www.youtube.com\/watch?v=qt_aZ9Xpjzo\">https:\/\/www.youtube.com\/watch?v=qt_aZ9Xpjzo<\/a><\/p>\n<p>&nbsp;<\/p>\n<ul>\n<li>\n<h2><strong>TEHNI\u010cKA PODR\u0160KA<\/strong><\/h2>\n<\/li>\n<li>\n<h2><strong>MOGU\u0106NOST MONTA\u017dE VANJSKOG IZVO\u0110A\u010cA<\/strong><\/h2>\n<\/li>\n<li>\n<h2><strong>REZERVNI DIJELOVI<\/strong><\/h2>\n<\/li>\n<\/ul>\n<p>&nbsp;<\/p>\n<p><strong>Vanjski paviljon, prekrasan sredi\u0161nji dio va\u0161eg vrta ili dvori\u0161ta<\/strong><\/p>\n<ul>\n<li>Robusna konstrukcija \u2013 oja\u010dani dizajn s izdr\u017eljivim sivim pra\u0161kasto lakiranim okvirom koji je otporan na koroziju te spojnicama od pocin\u010danog \u010delika<\/li>\n<li>Otporan na nepovoljne vremenske uvjete \u2013 plo\u010de nije potrebno uklanjati tijekom zime<\/li>\n<li>\u010cvrsta i izdr\u017eljiva aluminijska konstrukcija daje svakom vrtnom prostoru profinjen izgled<\/li>\n<li>Prakti\u010dno nelomljive dvoslojne polikarbonatne plo\u010de debljine 6 mm, koje su 100 % za\u0161ti\u0107ene od UV zraka, \u0161tite od \u0161tetnih UV zraka, tu\u010de i snijega<\/li>\n<li>Posebno obra\u0111ena jedinstvena bron\u010dana povr\u0161ina propu\u0161ta prirodnu sun\u010devu svjetlost tijekom obla\u010dnih dana i istodobno osigurava dovoljno sjene<\/li>\n<li>Jednostavna monta\u017ea za dvije osobe \u2013 unaprijed izbu\u0161eni profili i unaprijed odrezane plo\u010de spremne su za sastavljanje, a svi vijci su uklju\u010deni<\/li>\n<li>Pravokutna konstrukcija mo\u017ee se premjestiti i pri\u010dvrstiti na bilo koju povr\u0161inu<\/li>\n<li>Elegantni detalj gornjeg ventilacijskog otvora omogu\u0107uje protok zraka i odvod dima<\/li>\n<\/ul>\n","protected":false},"excerpt":{"rendered":"<p>Vrtni paviljon Palram, Roma u sivoj boji ima estetski privla\u010dan izgled, prakti\u010dan.<\/p>\n<p>&nbsp;<\/p>\n<p><strong>Vanjski paviljon, prekrasan sredi\u0161nji dio va\u0161eg vrta ili dvori\u0161ta<\/strong><\/p>\n<p>\u2022 Robusna konstrukcija \u2013 oja\u010dani dizajn s izdr\u017eljivim sivim pra\u0161kasto lakiranim okvirom koji je<\/p>\n<p>otporan na koroziju, te spojnicama od pocin\u010danog \u010delika<\/p>\n<p>\u2022 Otporan na nepovoljne vremenske uvjete \u2013 plo\u010de nije potrebno uklanjati tijekom zime<\/p>\n<p>\u2022 \u010cvrsta i izdr\u017eljiva aluminijska konstrukcija daje svakom vrtnom prostoru profinjen izgled<\/p>\n<p>\u2022 Prakti\u010dno nelomljive dvoslojne polikarbonatne plo\u010de debljine 6 mm, koje su 100 % za\u0161ti\u0107ene<\/p>\n<p>od UV zraka, \u0161tite od \u0161tetnih UV zraka, tu\u010de i snijega<\/p>\n<p>\u2022 Posebno obra\u0111ena jedinstvena bron\u010dana povr\u0161ina propu\u0161ta prirodnu sun\u010devu svjetlost tijekom obla\u010dnih dana i<\/p>\n<p>istodobno osigurava dovoljno sjene<\/p>\n<p>\u2022 Jednostavna monta\u017ea za dvije osobe \u2013 unaprijed izbu\u0161eni profili i unaprijed<\/p>\n<p>odrezane plo\u010de spremne su za sastavljanje, a svi vijci su uklju\u010deni<\/p>\n<p>\u2022 Pravokutna konstrukcija mo\u017ee se premjestiti i pri\u010dvrstiti na bilo koju povr\u0161inu<\/p>\n<p>\u2022 Elegantni detalj gornjeg ventilacijskog otvora omogu\u0107uje protok zraka i odvod dima<\/p>\n<p>\u2022 Be\u0161avni pokrov \u2013 nevidljivi okvir<\/p>\n","protected":false},"featured_media":1116,"template":"","meta":{"_acf_changed":false},"product_brand":[],"product_cat":[198,228],"product_tag":[],"class_list":{"0":"post-3469","1":"product","2":"type-product","3":"status-publish","4":"has-post-thumbnail","6":"product_cat-nadstresnice","7":"product_cat-roma","9":"first","10":"instock","11":"taxable","12":"shipping-taxable","13":"purchasable","14":"product-type-simple"},"acf":[],"yoast_head":"<!-- This site is optimized with the Yoast SEO plugin v26.9 - https:\/\/yoast.com\/product\/yoast-seo-wordpress\/ -->\n<title>VRTNI PAVILJON ROMA, siva\/bronza - MS Viscom<\/title>\n<meta name=\"robots\" content=\"index, follow, max-snippet:-1, max-image-preview:large, max-video-preview:-1\" \/>\n<link rel=\"canonical\" href=\"https:\/\/www.ms-viscom.com\/hr\/izdelek\/vrtni-paviljon-roma-siva-bronza\/\" \/>\n<meta property=\"og:locale\" content=\"hr_HR\" \/>\n<meta property=\"og:type\" content=\"article\" \/>\n<meta property=\"og:title\" content=\"VRTNI PAVILJON ROMA, siva\/bronza - MS Viscom\" \/>\n<meta property=\"og:description\" content=\"Vrtni paviljon Palram, Roma u sivoj boji ima estetski privla\u010dan izgled, prakti\u010dan.  &nbsp;  Vanjski paviljon, prekrasan sredi\u0161nji dio va\u0161eg vrta ili dvori\u0161ta  \u2022 Robusna konstrukcija \u2013 oja\u010dani dizajn s izdr\u017eljivim sivim pra\u0161kasto lakiranim okvirom koji je  otporan na koroziju, te spojnicama od pocin\u010danog \u010delika  \u2022 Otporan na nepovoljne vremenske uvjete \u2013 plo\u010de nije potrebno uklanjati tijekom zime  \u2022 \u010cvrsta i izdr\u017eljiva aluminijska konstrukcija daje svakom vrtnom prostoru profinjen izgled  \u2022 Prakti\u010dno nelomljive dvoslojne polikarbonatne plo\u010de debljine 6 mm, koje su 100 % za\u0161ti\u0107ene  od UV zraka, \u0161tite od \u0161tetnih UV zraka, tu\u010de i snijega  \u2022 Posebno obra\u0111ena jedinstvena bron\u010dana povr\u0161ina propu\u0161ta prirodnu sun\u010devu svjetlost tijekom obla\u010dnih dana i  istodobno osigurava dovoljno sjene  \u2022 Jednostavna monta\u017ea za dvije osobe \u2013 unaprijed izbu\u0161eni profili i unaprijed  odrezane plo\u010de spremne su za sastavljanje, a svi vijci su uklju\u010deni  \u2022 Pravokutna konstrukcija mo\u017ee se premjestiti i pri\u010dvrstiti na bilo koju povr\u0161inu  \u2022 Elegantni detalj gornjeg ventilacijskog otvora omogu\u0107uje protok zraka i odvod dima  \u2022 Be\u0161avni pokrov \u2013 nevidljivi okvir\" \/>\n<meta property=\"og:url\" content=\"https:\/\/www.ms-viscom.com\/hr\/izdelek\/vrtni-paviljon-roma-siva-bronza\/\" \/>\n<meta property=\"og:site_name\" content=\"MS Viscom\" \/>\n<meta property=\"article:modified_time\" content=\"2025-11-17T07:37:08+00:00\" \/>\n<meta name=\"twitter:card\" content=\"summary_large_image\" \/>\n<meta name=\"twitter:label1\" content=\"Procijenjeno vrijeme \u010ditanja\" \/>\n\t<meta name=\"twitter:data1\" content=\"1 minuta\" \/>\n<script type=\"application\/ld+json\" class=\"yoast-schema-graph\">{\"@context\":\"https:\/\/schema.org\",\"@graph\":[{\"@type\":\"WebPage\",\"@id\":\"https:\/\/www.ms-viscom.com\/hr\/izdelek\/vrtni-paviljon-roma-siva-bronza\/\",\"url\":\"https:\/\/www.ms-viscom.com\/hr\/izdelek\/vrtni-paviljon-roma-siva-bronza\/\",\"name\":\"VRTNI PAVILJON ROMA, siva\/bronza - MS Viscom\",\"isPartOf\":{\"@id\":\"https:\/\/www.ms-viscom.com\/hr\/#website\"},\"primaryImageOfPage\":{\"@id\":\"https:\/\/www.ms-viscom.com\/hr\/izdelek\/vrtni-paviljon-roma-siva-bronza\/#primaryimage\"},\"image\":{\"@id\":\"https:\/\/www.ms-viscom.com\/hr\/izdelek\/vrtni-paviljon-roma-siva-bronza\/#primaryimage\"},\"thumbnailUrl\":\"https:\/\/www.ms-viscom.com\/wp-content\/uploads\/2025\/07\/Palram_Garden_Gazebo_Roma_r.jpg\",\"datePublished\":\"2025-07-21T08:07:26+00:00\",\"dateModified\":\"2025-11-17T07:37:08+00:00\",\"breadcrumb\":{\"@id\":\"https:\/\/www.ms-viscom.com\/hr\/izdelek\/vrtni-paviljon-roma-siva-bronza\/#breadcrumb\"},\"inLanguage\":\"hr\",\"potentialAction\":[{\"@type\":\"ReadAction\",\"target\":[\"https:\/\/www.ms-viscom.com\/hr\/izdelek\/vrtni-paviljon-roma-siva-bronza\/\"]}]},{\"@type\":\"ImageObject\",\"inLanguage\":\"hr\",\"@id\":\"https:\/\/www.ms-viscom.com\/hr\/izdelek\/vrtni-paviljon-roma-siva-bronza\/#primaryimage\",\"url\":\"https:\/\/www.ms-viscom.com\/wp-content\/uploads\/2025\/07\/Palram_Garden_Gazebo_Roma_r.jpg\",\"contentUrl\":\"https:\/\/www.ms-viscom.com\/wp-content\/uploads\/2025\/07\/Palram_Garden_Gazebo_Roma_r.jpg\",\"width\":800,\"height\":600},{\"@type\":\"BreadcrumbList\",\"@id\":\"https:\/\/www.ms-viscom.com\/hr\/izdelek\/vrtni-paviljon-roma-siva-bronza\/#breadcrumb\",\"itemListElement\":[{\"@type\":\"ListItem\",\"position\":1,\"name\":\"Domov\",\"item\":\"https:\/\/www.ms-viscom.com\/hr\/\"},{\"@type\":\"ListItem\",\"position\":2,\"name\":\"Trgovina\",\"item\":\"https:\/\/www.ms-viscom.com\/hr\/trgovina\/\"},{\"@type\":\"ListItem\",\"position\":3,\"name\":\"VRTNI PAVILJON ROMA, siva\/bronza\"}]},{\"@type\":\"WebSite\",\"@id\":\"https:\/\/www.ms-viscom.com\/hr\/#website\",\"url\":\"https:\/\/www.ms-viscom.com\/hr\/\",\"name\":\"MS Viscom\",\"description\":\"\",\"potentialAction\":[{\"@type\":\"SearchAction\",\"target\":{\"@type\":\"EntryPoint\",\"urlTemplate\":\"https:\/\/www.ms-viscom.com\/hr\/?s={search_term_string}\"},\"query-input\":{\"@type\":\"PropertyValueSpecification\",\"valueRequired\":true,\"valueName\":\"search_term_string\"}}],\"inLanguage\":\"hr\"}]}<\/script>\n<!-- \/ Yoast SEO plugin. -->","yoast_head_json":{"title":"VRTNI PAVILJON ROMA, siva\/bronza - MS Viscom","robots":{"index":"index","follow":"follow","max-snippet":"max-snippet:-1","max-image-preview":"max-image-preview:large","max-video-preview":"max-video-preview:-1"},"canonical":"https:\/\/www.ms-viscom.com\/hr\/izdelek\/vrtni-paviljon-roma-siva-bronza\/","og_locale":"hr_HR","og_type":"article","og_title":"VRTNI PAVILJON ROMA, siva\/bronza - MS Viscom","og_description":"Vrtni paviljon Palram, Roma u sivoj boji ima estetski privla\u010dan izgled, prakti\u010dan.  &nbsp;  Vanjski paviljon, prekrasan sredi\u0161nji dio va\u0161eg vrta ili dvori\u0161ta  \u2022 Robusna konstrukcija \u2013 oja\u010dani dizajn s izdr\u017eljivim sivim pra\u0161kasto lakiranim okvirom koji je  otporan na koroziju, te spojnicama od pocin\u010danog \u010delika  \u2022 Otporan na nepovoljne vremenske uvjete \u2013 plo\u010de nije potrebno uklanjati tijekom zime  \u2022 \u010cvrsta i izdr\u017eljiva aluminijska konstrukcija daje svakom vrtnom prostoru profinjen izgled  \u2022 Prakti\u010dno nelomljive dvoslojne polikarbonatne plo\u010de debljine 6 mm, koje su 100 % za\u0161ti\u0107ene  od UV zraka, \u0161tite od \u0161tetnih UV zraka, tu\u010de i snijega  \u2022 Posebno obra\u0111ena jedinstvena bron\u010dana povr\u0161ina propu\u0161ta prirodnu sun\u010devu svjetlost tijekom obla\u010dnih dana i  istodobno osigurava dovoljno sjene  \u2022 Jednostavna monta\u017ea za dvije osobe \u2013 unaprijed izbu\u0161eni profili i unaprijed  odrezane plo\u010de spremne su za sastavljanje, a svi vijci su uklju\u010deni  \u2022 Pravokutna konstrukcija mo\u017ee se premjestiti i pri\u010dvrstiti na bilo koju povr\u0161inu  \u2022 Elegantni detalj gornjeg ventilacijskog otvora omogu\u0107uje protok zraka i odvod dima  \u2022 Be\u0161avni pokrov \u2013 nevidljivi okvir","og_url":"https:\/\/www.ms-viscom.com\/hr\/izdelek\/vrtni-paviljon-roma-siva-bronza\/","og_site_name":"MS Viscom","article_modified_time":"2025-11-17T07:37:08+00:00","twitter_card":"summary_large_image","twitter_misc":{"Procijenjeno vrijeme \u010ditanja":"1 minuta"},"schema":{"@context":"https:\/\/schema.org","@graph":[{"@type":"WebPage","@id":"https:\/\/www.ms-viscom.com\/hr\/izdelek\/vrtni-paviljon-roma-siva-bronza\/","url":"https:\/\/www.ms-viscom.com\/hr\/izdelek\/vrtni-paviljon-roma-siva-bronza\/","name":"VRTNI PAVILJON ROMA, siva\/bronza - MS Viscom","isPartOf":{"@id":"https:\/\/www.ms-viscom.com\/hr\/#website"},"primaryImageOfPage":{"@id":"https:\/\/www.ms-viscom.com\/hr\/izdelek\/vrtni-paviljon-roma-siva-bronza\/#primaryimage"},"image":{"@id":"https:\/\/www.ms-viscom.com\/hr\/izdelek\/vrtni-paviljon-roma-siva-bronza\/#primaryimage"},"thumbnailUrl":"https:\/\/www.ms-viscom.com\/wp-content\/uploads\/2025\/07\/Palram_Garden_Gazebo_Roma_r.jpg","datePublished":"2025-07-21T08:07:26+00:00","dateModified":"2025-11-17T07:37:08+00:00","breadcrumb":{"@id":"https:\/\/www.ms-viscom.com\/hr\/izdelek\/vrtni-paviljon-roma-siva-bronza\/#breadcrumb"},"inLanguage":"hr","potentialAction":[{"@type":"ReadAction","target":["https:\/\/www.ms-viscom.com\/hr\/izdelek\/vrtni-paviljon-roma-siva-bronza\/"]}]},{"@type":"ImageObject","inLanguage":"hr","@id":"https:\/\/www.ms-viscom.com\/hr\/izdelek\/vrtni-paviljon-roma-siva-bronza\/#primaryimage","url":"https:\/\/www.ms-viscom.com\/wp-content\/uploads\/2025\/07\/Palram_Garden_Gazebo_Roma_r.jpg","contentUrl":"https:\/\/www.ms-viscom.com\/wp-content\/uploads\/2025\/07\/Palram_Garden_Gazebo_Roma_r.jpg","width":800,"height":600},{"@type":"BreadcrumbList","@id":"https:\/\/www.ms-viscom.com\/hr\/izdelek\/vrtni-paviljon-roma-siva-bronza\/#breadcrumb","itemListElement":[{"@type":"ListItem","position":1,"name":"Domov","item":"https:\/\/www.ms-viscom.com\/hr\/"},{"@type":"ListItem","position":2,"name":"Trgovina","item":"https:\/\/www.ms-viscom.com\/hr\/trgovina\/"},{"@type":"ListItem","position":3,"name":"VRTNI PAVILJON ROMA, siva\/bronza"}]},{"@type":"WebSite","@id":"https:\/\/www.ms-viscom.com\/hr\/#website","url":"https:\/\/www.ms-viscom.com\/hr\/","name":"MS Viscom","description":"","potentialAction":[{"@type":"SearchAction","target":{"@type":"EntryPoint","urlTemplate":"https:\/\/www.ms-viscom.com\/hr\/?s={search_term_string}"},"query-input":{"@type":"PropertyValueSpecification","valueRequired":true,"valueName":"search_term_string"}}],"inLanguage":"hr"}]}},"_links":{"self":[{"href":"https:\/\/www.ms-viscom.com\/hr\/wp-json\/wp\/v2\/product\/3469","targetHints":{"allow":["GET"]}}],"collection":[{"href":"https:\/\/www.ms-viscom.com\/hr\/wp-json\/wp\/v2\/product"}],"about":[{"href":"https:\/\/www.ms-viscom.com\/hr\/wp-json\/wp\/v2\/types\/product"}],"wp:featuredmedia":[{"embeddable":true,"href":"https:\/\/www.ms-viscom.com\/hr\/wp-json\/wp\/v2\/media\/1116"}],"wp:attachment":[{"href":"https:\/\/www.ms-viscom.com\/hr\/wp-json\/wp\/v2\/media?parent=3469"}],"wp:term":[{"taxonomy":"product_brand","embeddable":true,"href":"https:\/\/www.ms-viscom.com\/hr\/wp-json\/wp\/v2\/product_brand?post=3469"},{"taxonomy":"product_cat","embeddable":true,"href":"https:\/\/www.ms-viscom.com\/hr\/wp-json\/wp\/v2\/product_cat?post=3469"},{"taxonomy":"product_tag","embeddable":true,"href":"https:\/\/www.ms-viscom.com\/hr\/wp-json\/wp\/v2\/product_tag?post=3469"}],"curies":[{"name":"wp","href":"https:\/\/api.w.org\/{rel}","templated":true}]}}