{"id":3468,"date":"2025-07-21T09:07:23","date_gmt":"2025-07-21T08:07:23","guid":{"rendered":"https:\/\/www.ms-viscom.com\/izdelek\/staklenik-polikarbonat-hybrid-tip-6x12-dim-185-x-370-cm-aluminij\/"},"modified":"2025-11-17T08:37:07","modified_gmt":"2025-11-17T07:37:07","slug":"staklenik-polikarbonat-hybrid-tip-6x12-dim-185-x-370-cm-aluminij","status":"publish","type":"product","link":"https:\/\/www.ms-viscom.com\/hr\/izdelek\/staklenik-polikarbonat-hybrid-tip-6x12-dim-185-x-370-cm-aluminij\/","title":{"rendered":"STAKLENIK POLIKARBONAT &#8211; HYBRID (Tip 6&#215;12) &#8211; Dim. 185 x 370 cm &#8211; ALUMINIJ"},"content":{"rendered":"<h2><a href=\"https:\/\/www.youtube.com\/watch?v=WrFANnVGlu0\">VIDEO PRAKTI\u010cNI PRIMJER SASTAVLJANJA<\/a><\/h2>\n<p>&nbsp;<\/p>\n<ul>\n<li>\n<h2><strong>TEHNI\u010cKA PODR\u0160KA<\/strong><\/h2>\n<\/li>\n<li>\n<h2><strong>MOGU\u0106NOST MONTA\u017dE VANJSKOG IZVO\u0110A\u010cA<\/strong><\/h2>\n<\/li>\n<li>\n<h2><strong>REZERVNI DIJELOVI<\/strong><\/h2>\n<\/li>\n<li>\n<h2><strong>5 GODINA JAMSTVA<\/strong><\/h2>\n<\/li>\n<\/ul>\n<p>&nbsp;<\/p>\n<ul>\n<li>Prakti\u010dno neuni\u0161tiv polikarbonatni premaz osigurava uravnote\u017eene uvjete za rast\n<ul>\n<li><strong>Krov \u2013 Dvoslojne plo\u010de od polikarbonata \u0161tite od izlo\u017eenosti jakom sun\u010devom svjetlu<\/strong><\/li>\n<li><strong>Zid \u2013 Kristalno \u010diste polikarbonatne plo\u010de osiguravaju vi\u0161e od 90 % propusnosti svjetlosti<\/strong><\/li>\n<\/ul>\n<\/li>\n<li>Plo\u010de blokiraju \u0161tetne UV zrake i 100 % su za\u0161ti\u0107ene od UV svjetlosti te ne izblijede, n<br \/>\n","protected":false},"excerpt":{"rendered":"<p>GARANCIJA 5 GODINA, MNOGO DODATAKA ZA STAKLENIK<\/p>\n","protected":false},"featured_media":1088,"template":"","meta":{"_acf_changed":false},"product_brand":[],"product_cat":[258,266],"product_tag":[],"class_list":{"0":"post-3468","1":"product","2":"type-product","3":"status-publish","4":"has-post-thumbnail","6":"product_cat-staklenici","7":"product_cat-hybrid","9":"first","10":"instock","11":"taxable","12":"shipping-taxable","13":"purchasable","14":"product-type-simple"},"acf":[],"yoast_head":"<!-- This site is optimized with the Yoast SEO plugin v26.9 - https:\/\/yoast.com\/product\/yoast-seo-wordpress\/ -->\n<title>STAKLENIK POLIKARBONAT - HYBRID (Tip 6x12) - Dim. 185 x 370 cm - ALUMINIJ - MS Viscom<\/title>\n<meta name=\"robots\" content=\"index, follow, max-snippet:-1, max-image-preview:large, max-video-preview:-1\" \/>\n<link rel=\"canonical\" href=\"https:\/\/www.ms-viscom.com\/hr\/izdelek\/staklenik-polikarbonat-hybrid-tip-6x12-dim-185-x-370-cm-aluminij\/\" \/>\n<meta property=\"og:locale\" content=\"hr_HR\" \/>\n<meta property=\"og:type\" content=\"article\" \/>\n<meta property=\"og:title\" content=\"STAKLENIK POLIKARBONAT - HYBRID (Tip 6x12) - Dim. 185 x 370 cm - ALUMINIJ - MS Viscom\" \/>\n<meta property=\"og:description\" content=\"GARANCIJA 5 GODINA, MNOGO DODATAKA ZA STAKLENIK\" \/>\n<meta property=\"og:url\" content=\"https:\/\/www.ms-viscom.com\/hr\/izdelek\/staklenik-polikarbonat-hybrid-tip-6x12-dim-185-x-370-cm-aluminij\/\" \/>\n<meta property=\"og:site_name\" content=\"MS Viscom\" \/>\n<meta property=\"article:modified_time\" content=\"2025-11-17T07:37:07+00:00\" \/>\n<meta name=\"twitter:card\" content=\"summary_large_image\" \/>\n<script type=\"application\/ld+json\" class=\"yoast-schema-graph\">{\"@context\":\"https:\/\/schema.org\",\"@graph\":[{\"@type\":\"WebPage\",\"@id\":\"https:\/\/www.ms-viscom.com\/hr\/izdelek\/staklenik-polikarbonat-hybrid-tip-6x12-dim-185-x-370-cm-aluminij\/\",\"url\":\"https:\/\/www.ms-viscom.com\/hr\/izdelek\/staklenik-polikarbonat-hybrid-tip-6x12-dim-185-x-370-cm-aluminij\/\",\"name\":\"STAKLENIK POLIKARBONAT - HYBRID (Tip 6x12) - Dim. 185 x 370 cm - ALUMINIJ - MS Viscom\",\"isPartOf\":{\"@id\":\"https:\/\/www.ms-viscom.com\/hr\/#website\"},\"primaryImageOfPage\":{\"@id\":\"https:\/\/www.ms-viscom.com\/hr\/izdelek\/staklenik-polikarbonat-hybrid-tip-6x12-dim-185-x-370-cm-aluminij\/#primaryimage\"},\"image\":{\"@id\":\"https:\/\/www.ms-viscom.com\/hr\/izdelek\/staklenik-polikarbonat-hybrid-tip-6x12-dim-185-x-370-cm-aluminij\/#primaryimage\"},\"thumbnailUrl\":\"https:\/\/www.ms-viscom.com\/wp-content\/uploads\/2025\/07\/Palram_Greenhouse_Hybrid_6x12_Silver_Main_1.jpg\",\"datePublished\":\"2025-07-21T08:07:23+00:00\",\"dateModified\":\"2025-11-17T07:37:07+00:00\",\"breadcrumb\":{\"@id\":\"https:\/\/www.ms-viscom.com\/hr\/izdelek\/staklenik-polikarbonat-hybrid-tip-6x12-dim-185-x-370-cm-aluminij\/#breadcrumb\"},\"inLanguage\":\"hr\",\"potentialAction\":[{\"@type\":\"ReadAction\",\"target\":[\"https:\/\/www.ms-viscom.com\/hr\/izdelek\/staklenik-polikarbonat-hybrid-tip-6x12-dim-185-x-370-cm-aluminij\/\"]}]},{\"@type\":\"ImageObject\",\"inLanguage\":\"hr\",\"@id\":\"https:\/\/www.ms-viscom.com\/hr\/izdelek\/staklenik-polikarbonat-hybrid-tip-6x12-dim-185-x-370-cm-aluminij\/#primaryimage\",\"url\":\"https:\/\/www.ms-viscom.com\/wp-content\/uploads\/2025\/07\/Palram_Greenhouse_Hybrid_6x12_Silver_Main_1.jpg\",\"contentUrl\":\"https:\/\/www.ms-viscom.com\/wp-content\/uploads\/2025\/07\/Palram_Greenhouse_Hybrid_6x12_Silver_Main_1.jpg\",\"width\":800,\"height\":600},{\"@type\":\"BreadcrumbList\",\"@id\":\"https:\/\/www.ms-viscom.com\/hr\/izdelek\/staklenik-polikarbonat-hybrid-tip-6x12-dim-185-x-370-cm-aluminij\/#breadcrumb\",\"itemListElement\":[{\"@type\":\"ListItem\",\"position\":1,\"name\":\"Domov\",\"item\":\"https:\/\/www.ms-viscom.com\/hr\/\"},{\"@type\":\"ListItem\",\"position\":2,\"name\":\"Trgovina\",\"item\":\"https:\/\/www.ms-viscom.com\/hr\/trgovina\/\"},{\"@type\":\"ListItem\",\"position\":3,\"name\":\"STAKLENIK POLIKARBONAT &#8211; HYBRID (Tip 6&#215;12) &#8211; Dim. 185 x 370 cm &#8211; ALUMINIJ\"}]},{\"@type\":\"WebSite\",\"@id\":\"https:\/\/www.ms-viscom.com\/hr\/#website\",\"url\":\"https:\/\/www.ms-viscom.com\/hr\/\",\"name\":\"MS Viscom\",\"description\":\"\",\"potentialAction\":[{\"@type\":\"SearchAction\",\"target\":{\"@type\":\"EntryPoint\",\"urlTemplate\":\"https:\/\/www.ms-viscom.com\/hr\/?s={search_term_string}\"},\"query-input\":{\"@type\":\"PropertyValueSpecification\",\"valueRequired\":true,\"valueName\":\"search_term_string\"}}],\"inLanguage\":\"hr\"}]}<\/script>\n<!-- \/ Yoast SEO plugin. -->","yoast_head_json":{"title":"STAKLENIK POLIKARBONAT - HYBRID (Tip 6x12) - Dim. 185 x 370 cm - ALUMINIJ - MS Viscom","robots":{"index":"index","follow":"follow","max-snippet":"max-snippet:-1","max-image-preview":"max-image-preview:large","max-video-preview":"max-video-preview:-1"},"canonical":"https:\/\/www.ms-viscom.com\/hr\/izdelek\/staklenik-polikarbonat-hybrid-tip-6x12-dim-185-x-370-cm-aluminij\/","og_locale":"hr_HR","og_type":"article","og_title":"STAKLENIK POLIKARBONAT - HYBRID (Tip 6x12) - Dim. 185 x 370 cm - ALUMINIJ - MS Viscom","og_description":"GARANCIJA 5 GODINA, MNOGO DODATAKA ZA STAKLENIK","og_url":"https:\/\/www.ms-viscom.com\/hr\/izdelek\/staklenik-polikarbonat-hybrid-tip-6x12-dim-185-x-370-cm-aluminij\/","og_site_name":"MS Viscom","article_modified_time":"2025-11-17T07:37:07+00:00","twitter_card":"summary_large_image","schema":{"@context":"https:\/\/schema.org","@graph":[{"@type":"WebPage","@id":"https:\/\/www.ms-viscom.com\/hr\/izdelek\/staklenik-polikarbonat-hybrid-tip-6x12-dim-185-x-370-cm-aluminij\/","url":"https:\/\/www.ms-viscom.com\/hr\/izdelek\/staklenik-polikarbonat-hybrid-tip-6x12-dim-185-x-370-cm-aluminij\/","name":"STAKLENIK POLIKARBONAT - HYBRID (Tip 6x12) - Dim. 185 x 370 cm - ALUMINIJ - MS Viscom","isPartOf":{"@id":"https:\/\/www.ms-viscom.com\/hr\/#website"},"primaryImageOfPage":{"@id":"https:\/\/www.ms-viscom.com\/hr\/izdelek\/staklenik-polikarbonat-hybrid-tip-6x12-dim-185-x-370-cm-aluminij\/#primaryimage"},"image":{"@id":"https:\/\/www.ms-viscom.com\/hr\/izdelek\/staklenik-polikarbonat-hybrid-tip-6x12-dim-185-x-370-cm-aluminij\/#primaryimage"},"thumbnailUrl":"https:\/\/www.ms-viscom.com\/wp-content\/uploads\/2025\/07\/Palram_Greenhouse_Hybrid_6x12_Silver_Main_1.jpg","datePublished":"2025-07-21T08:07:23+00:00","dateModified":"2025-11-17T07:37:07+00:00","breadcrumb":{"@id":"https:\/\/www.ms-viscom.com\/hr\/izdelek\/staklenik-polikarbonat-hybrid-tip-6x12-dim-185-x-370-cm-aluminij\/#breadcrumb"},"inLanguage":"hr","potentialAction":[{"@type":"ReadAction","target":["https:\/\/www.ms-viscom.com\/hr\/izdelek\/staklenik-polikarbonat-hybrid-tip-6x12-dim-185-x-370-cm-aluminij\/"]}]},{"@type":"ImageObject","inLanguage":"hr","@id":"https:\/\/www.ms-viscom.com\/hr\/izdelek\/staklenik-polikarbonat-hybrid-tip-6x12-dim-185-x-370-cm-aluminij\/#primaryimage","url":"https:\/\/www.ms-viscom.com\/wp-content\/uploads\/2025\/07\/Palram_Greenhouse_Hybrid_6x12_Silver_Main_1.jpg","contentUrl":"https:\/\/www.ms-viscom.com\/wp-content\/uploads\/2025\/07\/Palram_Greenhouse_Hybrid_6x12_Silver_Main_1.jpg","width":800,"height":600},{"@type":"BreadcrumbList","@id":"https:\/\/www.ms-viscom.com\/hr\/izdelek\/staklenik-polikarbonat-hybrid-tip-6x12-dim-185-x-370-cm-aluminij\/#breadcrumb","itemListElement":[{"@type":"ListItem","position":1,"name":"Domov","item":"https:\/\/www.ms-viscom.com\/hr\/"},{"@type":"ListItem","position":2,"name":"Trgovina","item":"https:\/\/www.ms-viscom.com\/hr\/trgovina\/"},{"@type":"ListItem","position":3,"name":"STAKLENIK POLIKARBONAT &#8211; HYBRID (Tip 6&#215;12) &#8211; Dim. 185 x 370 cm &#8211; ALUMINIJ"}]},{"@type":"WebSite","@id":"https:\/\/www.ms-viscom.com\/hr\/#website","url":"https:\/\/www.ms-viscom.com\/hr\/","name":"MS Viscom","description":"","potentialAction":[{"@type":"SearchAction","target":{"@type":"EntryPoint","urlTemplate":"https:\/\/www.ms-viscom.com\/hr\/?s={search_term_string}"},"query-input":{"@type":"PropertyValueSpecification","valueRequired":true,"valueName":"search_term_string"}}],"inLanguage":"hr"}]}},"_links":{"self":[{"href":"https:\/\/www.ms-viscom.com\/hr\/wp-json\/wp\/v2\/product\/3468","targetHints":{"allow":["GET"]}}],"collection":[{"href":"https:\/\/www.ms-viscom.com\/hr\/wp-json\/wp\/v2\/product"}],"about":[{"href":"https:\/\/www.ms-viscom.com\/hr\/wp-json\/wp\/v2\/types\/product"}],"wp:featuredmedia":[{"embeddable":true,"href":"https:\/\/www.ms-viscom.com\/hr\/wp-json\/wp\/v2\/media\/1088"}],"wp:attachment":[{"href":"https:\/\/www.ms-viscom.com\/hr\/wp-json\/wp\/v2\/media?parent=3468"}],"wp:term":[{"taxonomy":"product_brand","embeddable":true,"href":"https:\/\/www.ms-viscom.com\/hr\/wp-json\/wp\/v2\/product_brand?post=3468"},{"taxonomy":"product_cat","embeddable":true,"href":"https:\/\/www.ms-viscom.com\/hr\/wp-json\/wp\/v2\/product_cat?post=3468"},{"taxonomy":"product_tag","embeddable":true,"href":"https:\/\/www.ms-viscom.com\/hr\/wp-json\/wp\/v2\/product_tag?post=3468"}],"curies":[{"name":"wp","href":"https:\/\/api.w.org\/{rel}","templated":true}]}}