{"id":3460,"date":"2025-07-21T09:06:52","date_gmt":"2025-07-21T08:06:52","guid":{"rendered":"https:\/\/www.ms-viscom.com\/izdelek\/suntuf-asbest-valovite-polikarbonatne-ploce\/"},"modified":"2025-11-17T08:37:05","modified_gmt":"2025-11-17T07:37:05","slug":"suntuf-asbest-valovite-polikarbonatne-ploce","status":"publish","type":"product","link":"https:\/\/www.ms-viscom.com\/hr\/izdelek\/suntuf-asbest-valovite-polikarbonatne-ploce\/","title":{"rendered":"SUNTUF ASBEST \u2013 valovite polikarbonatne plo\u010de"},"content":{"rendered":"<p>Laki valoviti polikarbonatni paneli SUNTUF ASBEST odlikuju se visokom udarnom \u010dvrsto\u0107om i dobrom strukturnom izdr\u017eljivo\u0161\u0107u. Zahvaljuju\u0107i dobroj propusnosti svjetla, plo\u010de SUNTUF ASBEST savr\u0161ene su za pokrivanje velikih objekata (industrijskih hala, \u0161tala) ili kao zamjena za krovne prozore.<\/p>\n<p>&nbsp;<\/p>\n<h3>Glavne prednosti polikarbonatnih plo\u010da SUNTUF ASBEST:<\/h3>\n<p>\u2022 EKONOMI\u010cNO RJE\u0160ENJE<\/p>\n<p>\u2022 mala te\u017eina i visoka otpornost na udarce,<\/p>\n<p>\u2022 dobra propusnost svjetla,<\/p>\n<p>\u2022 izvrsna strukturna izdr\u017eljivost,<\/p>\n<p>\u2022 otpornost na UV zrake i vremenske uvjete,<\/p>\n<p>\u2022 blokiraju gotovo sve vrste zra\u010denja,<\/p>\n<p>\u2022 jednostavno rukovanje i monta\u017ea,<\/p>\n","protected":false},"excerpt":{"rendered":"<p>Laki valoviti polikarbonatni paneli SUNTUF ASBEST odlikuju se visokom otporno\u0161\u0107u na udarce.<br \/>\nSuntuf Asbest \u010desto se koristi kao povoljnija zamjena za krovne prozore u industrijskim halama, \u0161talama, sjenicima i sli\u010dnim objektima.<br \/>\nZahvaljuju\u0107i dobroj propusnosti svjetla, plo\u010de SUNTUF ASBEST predstavljaju izvrstan i ekonomski isplativ nadomjestak za krovne pokrove<\/p>\n","protected":false},"featured_media":1029,"template":"","meta":{"_acf_changed":false},"product_brand":[],"product_cat":[232,244],"product_tag":[],"class_list":{"0":"post-3460","1":"product","2":"type-product","3":"status-publish","4":"has-post-thumbnail","6":"product_cat-polikarbonatne-ploce","7":"product_cat-valovite-ploce","9":"first","10":"outofstock","11":"taxable","12":"shipping-taxable","13":"purchasable","14":"product-type-simple"},"acf":[],"yoast_head":"<!-- This site is optimized with the Yoast SEO plugin v26.9 - https:\/\/yoast.com\/product\/yoast-seo-wordpress\/ -->\n<title>SUNTUF ASBEST \u2013 valovite polikarbonatne plo\u010de - MS Viscom<\/title>\n<meta name=\"robots\" content=\"index, follow, max-snippet:-1, max-image-preview:large, max-video-preview:-1\" \/>\n<link rel=\"canonical\" href=\"https:\/\/www.ms-viscom.com\/hr\/izdelek\/suntuf-asbest-valovite-polikarbonatne-ploce\/\" \/>\n<meta property=\"og:locale\" content=\"hr_HR\" \/>\n<meta property=\"og:type\" content=\"article\" \/>\n<meta property=\"og:title\" content=\"SUNTUF ASBEST \u2013 valovite polikarbonatne plo\u010de - MS Viscom\" \/>\n<meta property=\"og:description\" content=\"Laki valoviti polikarbonatni paneli SUNTUF ASBEST odlikuju se visokom otporno\u0161\u0107u na udarce. Suntuf Asbest \u010desto se koristi kao povoljnija zamjena za krovne prozore u industrijskim halama, \u0161talama, sjenicima i sli\u010dnim objektima. Zahvaljuju\u0107i dobroj propusnosti svjetla, plo\u010de SUNTUF ASBEST predstavljaju izvrstan i ekonomski isplativ nadomjestak za krovne pokrove\" \/>\n<meta property=\"og:url\" content=\"https:\/\/www.ms-viscom.com\/hr\/izdelek\/suntuf-asbest-valovite-polikarbonatne-ploce\/\" \/>\n<meta property=\"og:site_name\" content=\"MS Viscom\" \/>\n<meta property=\"article:modified_time\" content=\"2025-11-17T07:37:05+00:00\" \/>\n<meta name=\"twitter:card\" content=\"summary_large_image\" \/>\n<script type=\"application\/ld+json\" class=\"yoast-schema-graph\">{\"@context\":\"https:\/\/schema.org\",\"@graph\":[{\"@type\":\"WebPage\",\"@id\":\"https:\/\/www.ms-viscom.com\/hr\/izdelek\/suntuf-asbest-valovite-polikarbonatne-ploce\/\",\"url\":\"https:\/\/www.ms-viscom.com\/hr\/izdelek\/suntuf-asbest-valovite-polikarbonatne-ploce\/\",\"name\":\"SUNTUF ASBEST \u2013 valovite polikarbonatne plo\u010de - MS Viscom\",\"isPartOf\":{\"@id\":\"https:\/\/www.ms-viscom.com\/hr\/#website\"},\"primaryImageOfPage\":{\"@id\":\"https:\/\/www.ms-viscom.com\/hr\/izdelek\/suntuf-asbest-valovite-polikarbonatne-ploce\/#primaryimage\"},\"image\":{\"@id\":\"https:\/\/www.ms-viscom.com\/hr\/izdelek\/suntuf-asbest-valovite-polikarbonatne-ploce\/#primaryimage\"},\"thumbnailUrl\":\"https:\/\/www.ms-viscom.com\/wp-content\/uploads\/2025\/07\/Suntuf-Asbest-1_r.jpg\",\"datePublished\":\"2025-07-21T08:06:52+00:00\",\"dateModified\":\"2025-11-17T07:37:05+00:00\",\"breadcrumb\":{\"@id\":\"https:\/\/www.ms-viscom.com\/hr\/izdelek\/suntuf-asbest-valovite-polikarbonatne-ploce\/#breadcrumb\"},\"inLanguage\":\"hr\",\"potentialAction\":[{\"@type\":\"ReadAction\",\"target\":[\"https:\/\/www.ms-viscom.com\/hr\/izdelek\/suntuf-asbest-valovite-polikarbonatne-ploce\/\"]}]},{\"@type\":\"ImageObject\",\"inLanguage\":\"hr\",\"@id\":\"https:\/\/www.ms-viscom.com\/hr\/izdelek\/suntuf-asbest-valovite-polikarbonatne-ploce\/#primaryimage\",\"url\":\"https:\/\/www.ms-viscom.com\/wp-content\/uploads\/2025\/07\/Suntuf-Asbest-1_r.jpg\",\"contentUrl\":\"https:\/\/www.ms-viscom.com\/wp-content\/uploads\/2025\/07\/Suntuf-Asbest-1_r.jpg\",\"width\":800,\"height\":600},{\"@type\":\"BreadcrumbList\",\"@id\":\"https:\/\/www.ms-viscom.com\/hr\/izdelek\/suntuf-asbest-valovite-polikarbonatne-ploce\/#breadcrumb\",\"itemListElement\":[{\"@type\":\"ListItem\",\"position\":1,\"name\":\"Domov\",\"item\":\"https:\/\/www.ms-viscom.com\/hr\/\"},{\"@type\":\"ListItem\",\"position\":2,\"name\":\"Trgovina\",\"item\":\"https:\/\/www.ms-viscom.com\/hr\/trgovina\/\"},{\"@type\":\"ListItem\",\"position\":3,\"name\":\"SUNTUF ASBEST \u2013 valovite polikarbonatne plo\u010de\"}]},{\"@type\":\"WebSite\",\"@id\":\"https:\/\/www.ms-viscom.com\/hr\/#website\",\"url\":\"https:\/\/www.ms-viscom.com\/hr\/\",\"name\":\"MS Viscom\",\"description\":\"\",\"potentialAction\":[{\"@type\":\"SearchAction\",\"target\":{\"@type\":\"EntryPoint\",\"urlTemplate\":\"https:\/\/www.ms-viscom.com\/hr\/?s={search_term_string}\"},\"query-input\":{\"@type\":\"PropertyValueSpecification\",\"valueRequired\":true,\"valueName\":\"search_term_string\"}}],\"inLanguage\":\"hr\"}]}<\/script>\n<!-- \/ Yoast SEO plugin. -->","yoast_head_json":{"title":"SUNTUF ASBEST \u2013 valovite polikarbonatne plo\u010de - MS Viscom","robots":{"index":"index","follow":"follow","max-snippet":"max-snippet:-1","max-image-preview":"max-image-preview:large","max-video-preview":"max-video-preview:-1"},"canonical":"https:\/\/www.ms-viscom.com\/hr\/izdelek\/suntuf-asbest-valovite-polikarbonatne-ploce\/","og_locale":"hr_HR","og_type":"article","og_title":"SUNTUF ASBEST \u2013 valovite polikarbonatne plo\u010de - MS Viscom","og_description":"Laki valoviti polikarbonatni paneli SUNTUF ASBEST odlikuju se visokom otporno\u0161\u0107u na udarce. Suntuf Asbest \u010desto se koristi kao povoljnija zamjena za krovne prozore u industrijskim halama, \u0161talama, sjenicima i sli\u010dnim objektima. Zahvaljuju\u0107i dobroj propusnosti svjetla, plo\u010de SUNTUF ASBEST predstavljaju izvrstan i ekonomski isplativ nadomjestak za krovne pokrove","og_url":"https:\/\/www.ms-viscom.com\/hr\/izdelek\/suntuf-asbest-valovite-polikarbonatne-ploce\/","og_site_name":"MS Viscom","article_modified_time":"2025-11-17T07:37:05+00:00","twitter_card":"summary_large_image","schema":{"@context":"https:\/\/schema.org","@graph":[{"@type":"WebPage","@id":"https:\/\/www.ms-viscom.com\/hr\/izdelek\/suntuf-asbest-valovite-polikarbonatne-ploce\/","url":"https:\/\/www.ms-viscom.com\/hr\/izdelek\/suntuf-asbest-valovite-polikarbonatne-ploce\/","name":"SUNTUF ASBEST \u2013 valovite polikarbonatne plo\u010de - MS Viscom","isPartOf":{"@id":"https:\/\/www.ms-viscom.com\/hr\/#website"},"primaryImageOfPage":{"@id":"https:\/\/www.ms-viscom.com\/hr\/izdelek\/suntuf-asbest-valovite-polikarbonatne-ploce\/#primaryimage"},"image":{"@id":"https:\/\/www.ms-viscom.com\/hr\/izdelek\/suntuf-asbest-valovite-polikarbonatne-ploce\/#primaryimage"},"thumbnailUrl":"https:\/\/www.ms-viscom.com\/wp-content\/uploads\/2025\/07\/Suntuf-Asbest-1_r.jpg","datePublished":"2025-07-21T08:06:52+00:00","dateModified":"2025-11-17T07:37:05+00:00","breadcrumb":{"@id":"https:\/\/www.ms-viscom.com\/hr\/izdelek\/suntuf-asbest-valovite-polikarbonatne-ploce\/#breadcrumb"},"inLanguage":"hr","potentialAction":[{"@type":"ReadAction","target":["https:\/\/www.ms-viscom.com\/hr\/izdelek\/suntuf-asbest-valovite-polikarbonatne-ploce\/"]}]},{"@type":"ImageObject","inLanguage":"hr","@id":"https:\/\/www.ms-viscom.com\/hr\/izdelek\/suntuf-asbest-valovite-polikarbonatne-ploce\/#primaryimage","url":"https:\/\/www.ms-viscom.com\/wp-content\/uploads\/2025\/07\/Suntuf-Asbest-1_r.jpg","contentUrl":"https:\/\/www.ms-viscom.com\/wp-content\/uploads\/2025\/07\/Suntuf-Asbest-1_r.jpg","width":800,"height":600},{"@type":"BreadcrumbList","@id":"https:\/\/www.ms-viscom.com\/hr\/izdelek\/suntuf-asbest-valovite-polikarbonatne-ploce\/#breadcrumb","itemListElement":[{"@type":"ListItem","position":1,"name":"Domov","item":"https:\/\/www.ms-viscom.com\/hr\/"},{"@type":"ListItem","position":2,"name":"Trgovina","item":"https:\/\/www.ms-viscom.com\/hr\/trgovina\/"},{"@type":"ListItem","position":3,"name":"SUNTUF ASBEST \u2013 valovite polikarbonatne plo\u010de"}]},{"@type":"WebSite","@id":"https:\/\/www.ms-viscom.com\/hr\/#website","url":"https:\/\/www.ms-viscom.com\/hr\/","name":"MS Viscom","description":"","potentialAction":[{"@type":"SearchAction","target":{"@type":"EntryPoint","urlTemplate":"https:\/\/www.ms-viscom.com\/hr\/?s={search_term_string}"},"query-input":{"@type":"PropertyValueSpecification","valueRequired":true,"valueName":"search_term_string"}}],"inLanguage":"hr"}]}},"_links":{"self":[{"href":"https:\/\/www.ms-viscom.com\/hr\/wp-json\/wp\/v2\/product\/3460","targetHints":{"allow":["GET"]}}],"collection":[{"href":"https:\/\/www.ms-viscom.com\/hr\/wp-json\/wp\/v2\/product"}],"about":[{"href":"https:\/\/www.ms-viscom.com\/hr\/wp-json\/wp\/v2\/types\/product"}],"wp:featuredmedia":[{"embeddable":true,"href":"https:\/\/www.ms-viscom.com\/hr\/wp-json\/wp\/v2\/media\/1029"}],"wp:attachment":[{"href":"https:\/\/www.ms-viscom.com\/hr\/wp-json\/wp\/v2\/media?parent=3460"}],"wp:term":[{"taxonomy":"product_brand","embeddable":true,"href":"https:\/\/www.ms-viscom.com\/hr\/wp-json\/wp\/v2\/product_brand?post=3460"},{"taxonomy":"product_cat","embeddable":true,"href":"https:\/\/www.ms-viscom.com\/hr\/wp-json\/wp\/v2\/product_cat?post=3460"},{"taxonomy":"product_tag","embeddable":true,"href":"https:\/\/www.ms-viscom.com\/hr\/wp-json\/wp\/v2\/product_tag?post=3460"}],"curies":[{"name":"wp","href":"https:\/\/api.w.org\/{rel}","templated":true}]}}