{"id":3443,"date":"2025-07-21T09:06:20","date_gmt":"2025-07-21T08:06:20","guid":{"rendered":"https:\/\/www.ms-viscom.com\/izdelek\/guma-za-profile\/"},"modified":"2025-11-17T08:37:00","modified_gmt":"2025-11-17T07:37:00","slug":"guma-za-profile","status":"publish","type":"product","link":"https:\/\/www.ms-viscom.com\/hr\/izdelek\/guma-za-profile\/","title":{"rendered":"GUMA ZA PROFILE"},"content":{"rendered":"<p>Guma za profile koristi se za brtvljenje izme\u0111u polikarbonatnih plo\u010da i gornjeg odnosno donjeg dijela profila. Guma se jednostavno ume\u0107e u utor na gornjem i donjem spojnom aluminijskom profilu. Za svaki teku\u0107i metar gornjeg ili donjeg profila tro\u0161i se dva metra gume.<\/p>\n","protected":false},"excerpt":{"rendered":"<p>Guma za profile koristi se za brtvljenje izme\u0111u polikarbonatnih plo\u010da i gornjeg odnosno donjeg dijela profila. Guma se jednostavno ume\u0107e u utor na gornjem i donjem spojnom aluminijskom profilu. Za svaki teku\u0107i metar gornjeg ili donjeg profila tro\u0161i se dva metra gume.<\/p>\n","protected":false},"featured_media":966,"template":"","meta":{"_acf_changed":false},"product_brand":[],"product_cat":[232,236],"product_tag":[],"class_list":{"0":"post-3443","1":"product","2":"type-product","3":"status-publish","4":"has-post-thumbnail","6":"product_cat-polikarbonatne-ploce","7":"product_cat-montazni-material","9":"first","10":"outofstock","11":"taxable","12":"shipping-taxable","13":"product-type-simple"},"acf":[],"yoast_head":"<!-- This site is optimized with the Yoast SEO plugin v26.9 - https:\/\/yoast.com\/product\/yoast-seo-wordpress\/ -->\n<title>GUMA ZA PROFILE - MS Viscom<\/title>\n<meta name=\"robots\" content=\"index, follow, max-snippet:-1, max-image-preview:large, max-video-preview:-1\" \/>\n<link rel=\"canonical\" href=\"https:\/\/www.ms-viscom.com\/hr\/izdelek\/guma-za-profile\/\" \/>\n<meta property=\"og:locale\" content=\"hr_HR\" \/>\n<meta property=\"og:type\" content=\"article\" \/>\n<meta property=\"og:title\" content=\"GUMA ZA PROFILE - MS Viscom\" \/>\n<meta property=\"og:description\" content=\"Guma za profile koristi se za brtvljenje izme\u0111u polikarbonatnih plo\u010da i gornjeg odnosno donjeg dijela profila. Guma se jednostavno ume\u0107e u utor na gornjem i donjem spojnom aluminijskom profilu. Za svaki teku\u0107i metar gornjeg ili donjeg profila tro\u0161i se dva metra gume.\" \/>\n<meta property=\"og:url\" content=\"https:\/\/www.ms-viscom.com\/hr\/izdelek\/guma-za-profile\/\" \/>\n<meta property=\"og:site_name\" content=\"MS Viscom\" \/>\n<meta property=\"article:modified_time\" content=\"2025-11-17T07:37:00+00:00\" \/>\n<meta name=\"twitter:card\" content=\"summary_large_image\" \/>\n<script type=\"application\/ld+json\" class=\"yoast-schema-graph\">{\"@context\":\"https:\/\/schema.org\",\"@graph\":[{\"@type\":\"WebPage\",\"@id\":\"https:\/\/www.ms-viscom.com\/hr\/izdelek\/guma-za-profile\/\",\"url\":\"https:\/\/www.ms-viscom.com\/hr\/izdelek\/guma-za-profile\/\",\"name\":\"GUMA ZA PROFILE - MS Viscom\",\"isPartOf\":{\"@id\":\"https:\/\/www.ms-viscom.com\/hr\/#website\"},\"primaryImageOfPage\":{\"@id\":\"https:\/\/www.ms-viscom.com\/hr\/izdelek\/guma-za-profile\/#primaryimage\"},\"image\":{\"@id\":\"https:\/\/www.ms-viscom.com\/hr\/izdelek\/guma-za-profile\/#primaryimage\"},\"thumbnailUrl\":\"https:\/\/www.ms-viscom.com\/wp-content\/uploads\/2025\/07\/Guma_za_profile_r.jpg\",\"datePublished\":\"2025-07-21T08:06:20+00:00\",\"dateModified\":\"2025-11-17T07:37:00+00:00\",\"breadcrumb\":{\"@id\":\"https:\/\/www.ms-viscom.com\/hr\/izdelek\/guma-za-profile\/#breadcrumb\"},\"inLanguage\":\"hr\",\"potentialAction\":[{\"@type\":\"ReadAction\",\"target\":[\"https:\/\/www.ms-viscom.com\/hr\/izdelek\/guma-za-profile\/\"]}]},{\"@type\":\"ImageObject\",\"inLanguage\":\"hr\",\"@id\":\"https:\/\/www.ms-viscom.com\/hr\/izdelek\/guma-za-profile\/#primaryimage\",\"url\":\"https:\/\/www.ms-viscom.com\/wp-content\/uploads\/2025\/07\/Guma_za_profile_r.jpg\",\"contentUrl\":\"https:\/\/www.ms-viscom.com\/wp-content\/uploads\/2025\/07\/Guma_za_profile_r.jpg\",\"width\":800,\"height\":600},{\"@type\":\"BreadcrumbList\",\"@id\":\"https:\/\/www.ms-viscom.com\/hr\/izdelek\/guma-za-profile\/#breadcrumb\",\"itemListElement\":[{\"@type\":\"ListItem\",\"position\":1,\"name\":\"Domov\",\"item\":\"https:\/\/www.ms-viscom.com\/hr\/\"},{\"@type\":\"ListItem\",\"position\":2,\"name\":\"Trgovina\",\"item\":\"https:\/\/www.ms-viscom.com\/hr\/trgovina\/\"},{\"@type\":\"ListItem\",\"position\":3,\"name\":\"GUMA ZA PROFILE\"}]},{\"@type\":\"WebSite\",\"@id\":\"https:\/\/www.ms-viscom.com\/hr\/#website\",\"url\":\"https:\/\/www.ms-viscom.com\/hr\/\",\"name\":\"MS Viscom\",\"description\":\"\",\"potentialAction\":[{\"@type\":\"SearchAction\",\"target\":{\"@type\":\"EntryPoint\",\"urlTemplate\":\"https:\/\/www.ms-viscom.com\/hr\/?s={search_term_string}\"},\"query-input\":{\"@type\":\"PropertyValueSpecification\",\"valueRequired\":true,\"valueName\":\"search_term_string\"}}],\"inLanguage\":\"hr\"}]}<\/script>\n<!-- \/ Yoast SEO plugin. -->","yoast_head_json":{"title":"GUMA ZA PROFILE - MS Viscom","robots":{"index":"index","follow":"follow","max-snippet":"max-snippet:-1","max-image-preview":"max-image-preview:large","max-video-preview":"max-video-preview:-1"},"canonical":"https:\/\/www.ms-viscom.com\/hr\/izdelek\/guma-za-profile\/","og_locale":"hr_HR","og_type":"article","og_title":"GUMA ZA PROFILE - MS Viscom","og_description":"Guma za profile koristi se za brtvljenje izme\u0111u polikarbonatnih plo\u010da i gornjeg odnosno donjeg dijela profila. Guma se jednostavno ume\u0107e u utor na gornjem i donjem spojnom aluminijskom profilu. Za svaki teku\u0107i metar gornjeg ili donjeg profila tro\u0161i se dva metra gume.","og_url":"https:\/\/www.ms-viscom.com\/hr\/izdelek\/guma-za-profile\/","og_site_name":"MS Viscom","article_modified_time":"2025-11-17T07:37:00+00:00","twitter_card":"summary_large_image","schema":{"@context":"https:\/\/schema.org","@graph":[{"@type":"WebPage","@id":"https:\/\/www.ms-viscom.com\/hr\/izdelek\/guma-za-profile\/","url":"https:\/\/www.ms-viscom.com\/hr\/izdelek\/guma-za-profile\/","name":"GUMA ZA PROFILE - MS Viscom","isPartOf":{"@id":"https:\/\/www.ms-viscom.com\/hr\/#website"},"primaryImageOfPage":{"@id":"https:\/\/www.ms-viscom.com\/hr\/izdelek\/guma-za-profile\/#primaryimage"},"image":{"@id":"https:\/\/www.ms-viscom.com\/hr\/izdelek\/guma-za-profile\/#primaryimage"},"thumbnailUrl":"https:\/\/www.ms-viscom.com\/wp-content\/uploads\/2025\/07\/Guma_za_profile_r.jpg","datePublished":"2025-07-21T08:06:20+00:00","dateModified":"2025-11-17T07:37:00+00:00","breadcrumb":{"@id":"https:\/\/www.ms-viscom.com\/hr\/izdelek\/guma-za-profile\/#breadcrumb"},"inLanguage":"hr","potentialAction":[{"@type":"ReadAction","target":["https:\/\/www.ms-viscom.com\/hr\/izdelek\/guma-za-profile\/"]}]},{"@type":"ImageObject","inLanguage":"hr","@id":"https:\/\/www.ms-viscom.com\/hr\/izdelek\/guma-za-profile\/#primaryimage","url":"https:\/\/www.ms-viscom.com\/wp-content\/uploads\/2025\/07\/Guma_za_profile_r.jpg","contentUrl":"https:\/\/www.ms-viscom.com\/wp-content\/uploads\/2025\/07\/Guma_za_profile_r.jpg","width":800,"height":600},{"@type":"BreadcrumbList","@id":"https:\/\/www.ms-viscom.com\/hr\/izdelek\/guma-za-profile\/#breadcrumb","itemListElement":[{"@type":"ListItem","position":1,"name":"Domov","item":"https:\/\/www.ms-viscom.com\/hr\/"},{"@type":"ListItem","position":2,"name":"Trgovina","item":"https:\/\/www.ms-viscom.com\/hr\/trgovina\/"},{"@type":"ListItem","position":3,"name":"GUMA ZA PROFILE"}]},{"@type":"WebSite","@id":"https:\/\/www.ms-viscom.com\/hr\/#website","url":"https:\/\/www.ms-viscom.com\/hr\/","name":"MS Viscom","description":"","potentialAction":[{"@type":"SearchAction","target":{"@type":"EntryPoint","urlTemplate":"https:\/\/www.ms-viscom.com\/hr\/?s={search_term_string}"},"query-input":{"@type":"PropertyValueSpecification","valueRequired":true,"valueName":"search_term_string"}}],"inLanguage":"hr"}]}},"_links":{"self":[{"href":"https:\/\/www.ms-viscom.com\/hr\/wp-json\/wp\/v2\/product\/3443","targetHints":{"allow":["GET"]}}],"collection":[{"href":"https:\/\/www.ms-viscom.com\/hr\/wp-json\/wp\/v2\/product"}],"about":[{"href":"https:\/\/www.ms-viscom.com\/hr\/wp-json\/wp\/v2\/types\/product"}],"wp:featuredmedia":[{"embeddable":true,"href":"https:\/\/www.ms-viscom.com\/hr\/wp-json\/wp\/v2\/media\/966"}],"wp:attachment":[{"href":"https:\/\/www.ms-viscom.com\/hr\/wp-json\/wp\/v2\/media?parent=3443"}],"wp:term":[{"taxonomy":"product_brand","embeddable":true,"href":"https:\/\/www.ms-viscom.com\/hr\/wp-json\/wp\/v2\/product_brand?post=3443"},{"taxonomy":"product_cat","embeddable":true,"href":"https:\/\/www.ms-viscom.com\/hr\/wp-json\/wp\/v2\/product_cat?post=3443"},{"taxonomy":"product_tag","embeddable":true,"href":"https:\/\/www.ms-viscom.com\/hr\/wp-json\/wp\/v2\/product_tag?post=3443"}],"curies":[{"name":"wp","href":"https:\/\/api.w.org\/{rel}","templated":true}]}}