{"id":3441,"date":"2025-07-21T09:06:17","date_gmt":"2025-07-21T08:06:17","guid":{"rendered":"https:\/\/www.ms-viscom.com\/izdelek\/pokrovni-spojni-profil-60-mm-aluminij\/"},"modified":"2025-11-17T08:36:57","modified_gmt":"2025-11-17T07:36:57","slug":"pokrovni-spojni-profil-60-mm-aluminij","status":"publish","type":"product","link":"https:\/\/www.ms-viscom.com\/hr\/izdelek\/pokrovni-spojni-profil-60-mm-aluminij\/","title":{"rendered":"POKROVNI SPOJNI PROFIL 60 MM, aluminij"},"content":{"rendered":"<p>Pokrivni spojni profil, 60 mm, koristi se za spajanje polikarbonatnih plo\u010da me\u0111usobno na gornjem dijelu plo\u010de.<\/p>\n","protected":false},"excerpt":{"rendered":"<p>Pokrivni spojni profil, 60 mm, koristi se za spajanje polikarbonatnih plo\u010da me\u0111usobno na gornjem dijelu plo\u010de.<\/p>\n","protected":false},"featured_media":959,"template":"","meta":{"_acf_changed":false},"product_brand":[],"product_cat":[232,234],"product_tag":[],"class_list":{"0":"post-3441","1":"product","2":"type-product","3":"status-publish","4":"has-post-thumbnail","6":"product_cat-polikarbonatne-ploce","7":"product_cat-alu-profili","9":"first","10":"outofstock","11":"taxable","12":"shipping-taxable","13":"purchasable","14":"product-type-simple"},"acf":[],"yoast_head":"<!-- This site is optimized with the Yoast SEO plugin v26.9 - https:\/\/yoast.com\/product\/yoast-seo-wordpress\/ -->\n<title>POKROVNI SPOJNI PROFIL 60 MM, aluminij - MS Viscom<\/title>\n<meta name=\"robots\" content=\"index, follow, max-snippet:-1, max-image-preview:large, max-video-preview:-1\" \/>\n<link rel=\"canonical\" href=\"https:\/\/www.ms-viscom.com\/hr\/izdelek\/pokrovni-spojni-profil-60-mm-aluminij\/\" \/>\n<meta property=\"og:locale\" content=\"hr_HR\" \/>\n<meta property=\"og:type\" content=\"article\" \/>\n<meta property=\"og:title\" content=\"POKROVNI SPOJNI PROFIL 60 MM, aluminij - MS Viscom\" \/>\n<meta property=\"og:description\" content=\"Pokrivni spojni profil, 60 mm, koristi se za spajanje polikarbonatnih plo\u010da me\u0111usobno na gornjem dijelu plo\u010de.\" \/>\n<meta property=\"og:url\" content=\"https:\/\/www.ms-viscom.com\/hr\/izdelek\/pokrovni-spojni-profil-60-mm-aluminij\/\" \/>\n<meta property=\"og:site_name\" content=\"MS Viscom\" \/>\n<meta property=\"article:modified_time\" content=\"2025-11-17T07:36:57+00:00\" \/>\n<meta name=\"twitter:card\" content=\"summary_large_image\" \/>\n<script type=\"application\/ld+json\" class=\"yoast-schema-graph\">{\"@context\":\"https:\/\/schema.org\",\"@graph\":[{\"@type\":\"WebPage\",\"@id\":\"https:\/\/www.ms-viscom.com\/hr\/izdelek\/pokrovni-spojni-profil-60-mm-aluminij\/\",\"url\":\"https:\/\/www.ms-viscom.com\/hr\/izdelek\/pokrovni-spojni-profil-60-mm-aluminij\/\",\"name\":\"POKROVNI SPOJNI PROFIL 60 MM, aluminij - MS Viscom\",\"isPartOf\":{\"@id\":\"https:\/\/www.ms-viscom.com\/hr\/#website\"},\"primaryImageOfPage\":{\"@id\":\"https:\/\/www.ms-viscom.com\/hr\/izdelek\/pokrovni-spojni-profil-60-mm-aluminij\/#primaryimage\"},\"image\":{\"@id\":\"https:\/\/www.ms-viscom.com\/hr\/izdelek\/pokrovni-spojni-profil-60-mm-aluminij\/#primaryimage\"},\"thumbnailUrl\":\"https:\/\/www.ms-viscom.com\/wp-content\/uploads\/2025\/07\/Pokrivni_vezni_profil_r.jpg\",\"datePublished\":\"2025-07-21T08:06:17+00:00\",\"dateModified\":\"2025-11-17T07:36:57+00:00\",\"breadcrumb\":{\"@id\":\"https:\/\/www.ms-viscom.com\/hr\/izdelek\/pokrovni-spojni-profil-60-mm-aluminij\/#breadcrumb\"},\"inLanguage\":\"hr\",\"potentialAction\":[{\"@type\":\"ReadAction\",\"target\":[\"https:\/\/www.ms-viscom.com\/hr\/izdelek\/pokrovni-spojni-profil-60-mm-aluminij\/\"]}]},{\"@type\":\"ImageObject\",\"inLanguage\":\"hr\",\"@id\":\"https:\/\/www.ms-viscom.com\/hr\/izdelek\/pokrovni-spojni-profil-60-mm-aluminij\/#primaryimage\",\"url\":\"https:\/\/www.ms-viscom.com\/wp-content\/uploads\/2025\/07\/Pokrivni_vezni_profil_r.jpg\",\"contentUrl\":\"https:\/\/www.ms-viscom.com\/wp-content\/uploads\/2025\/07\/Pokrivni_vezni_profil_r.jpg\",\"width\":800,\"height\":600},{\"@type\":\"BreadcrumbList\",\"@id\":\"https:\/\/www.ms-viscom.com\/hr\/izdelek\/pokrovni-spojni-profil-60-mm-aluminij\/#breadcrumb\",\"itemListElement\":[{\"@type\":\"ListItem\",\"position\":1,\"name\":\"Domov\",\"item\":\"https:\/\/www.ms-viscom.com\/hr\/\"},{\"@type\":\"ListItem\",\"position\":2,\"name\":\"Trgovina\",\"item\":\"https:\/\/www.ms-viscom.com\/hr\/trgovina\/\"},{\"@type\":\"ListItem\",\"position\":3,\"name\":\"POKROVNI SPOJNI PROFIL 60 MM, aluminij\"}]},{\"@type\":\"WebSite\",\"@id\":\"https:\/\/www.ms-viscom.com\/hr\/#website\",\"url\":\"https:\/\/www.ms-viscom.com\/hr\/\",\"name\":\"MS Viscom\",\"description\":\"\",\"potentialAction\":[{\"@type\":\"SearchAction\",\"target\":{\"@type\":\"EntryPoint\",\"urlTemplate\":\"https:\/\/www.ms-viscom.com\/hr\/?s={search_term_string}\"},\"query-input\":{\"@type\":\"PropertyValueSpecification\",\"valueRequired\":true,\"valueName\":\"search_term_string\"}}],\"inLanguage\":\"hr\"}]}<\/script>\n<!-- \/ Yoast SEO plugin. -->","yoast_head_json":{"title":"POKROVNI SPOJNI PROFIL 60 MM, aluminij - MS Viscom","robots":{"index":"index","follow":"follow","max-snippet":"max-snippet:-1","max-image-preview":"max-image-preview:large","max-video-preview":"max-video-preview:-1"},"canonical":"https:\/\/www.ms-viscom.com\/hr\/izdelek\/pokrovni-spojni-profil-60-mm-aluminij\/","og_locale":"hr_HR","og_type":"article","og_title":"POKROVNI SPOJNI PROFIL 60 MM, aluminij - MS Viscom","og_description":"Pokrivni spojni profil, 60 mm, koristi se za spajanje polikarbonatnih plo\u010da me\u0111usobno na gornjem dijelu plo\u010de.","og_url":"https:\/\/www.ms-viscom.com\/hr\/izdelek\/pokrovni-spojni-profil-60-mm-aluminij\/","og_site_name":"MS Viscom","article_modified_time":"2025-11-17T07:36:57+00:00","twitter_card":"summary_large_image","schema":{"@context":"https:\/\/schema.org","@graph":[{"@type":"WebPage","@id":"https:\/\/www.ms-viscom.com\/hr\/izdelek\/pokrovni-spojni-profil-60-mm-aluminij\/","url":"https:\/\/www.ms-viscom.com\/hr\/izdelek\/pokrovni-spojni-profil-60-mm-aluminij\/","name":"POKROVNI SPOJNI PROFIL 60 MM, aluminij - MS Viscom","isPartOf":{"@id":"https:\/\/www.ms-viscom.com\/hr\/#website"},"primaryImageOfPage":{"@id":"https:\/\/www.ms-viscom.com\/hr\/izdelek\/pokrovni-spojni-profil-60-mm-aluminij\/#primaryimage"},"image":{"@id":"https:\/\/www.ms-viscom.com\/hr\/izdelek\/pokrovni-spojni-profil-60-mm-aluminij\/#primaryimage"},"thumbnailUrl":"https:\/\/www.ms-viscom.com\/wp-content\/uploads\/2025\/07\/Pokrivni_vezni_profil_r.jpg","datePublished":"2025-07-21T08:06:17+00:00","dateModified":"2025-11-17T07:36:57+00:00","breadcrumb":{"@id":"https:\/\/www.ms-viscom.com\/hr\/izdelek\/pokrovni-spojni-profil-60-mm-aluminij\/#breadcrumb"},"inLanguage":"hr","potentialAction":[{"@type":"ReadAction","target":["https:\/\/www.ms-viscom.com\/hr\/izdelek\/pokrovni-spojni-profil-60-mm-aluminij\/"]}]},{"@type":"ImageObject","inLanguage":"hr","@id":"https:\/\/www.ms-viscom.com\/hr\/izdelek\/pokrovni-spojni-profil-60-mm-aluminij\/#primaryimage","url":"https:\/\/www.ms-viscom.com\/wp-content\/uploads\/2025\/07\/Pokrivni_vezni_profil_r.jpg","contentUrl":"https:\/\/www.ms-viscom.com\/wp-content\/uploads\/2025\/07\/Pokrivni_vezni_profil_r.jpg","width":800,"height":600},{"@type":"BreadcrumbList","@id":"https:\/\/www.ms-viscom.com\/hr\/izdelek\/pokrovni-spojni-profil-60-mm-aluminij\/#breadcrumb","itemListElement":[{"@type":"ListItem","position":1,"name":"Domov","item":"https:\/\/www.ms-viscom.com\/hr\/"},{"@type":"ListItem","position":2,"name":"Trgovina","item":"https:\/\/www.ms-viscom.com\/hr\/trgovina\/"},{"@type":"ListItem","position":3,"name":"POKROVNI SPOJNI PROFIL 60 MM, aluminij"}]},{"@type":"WebSite","@id":"https:\/\/www.ms-viscom.com\/hr\/#website","url":"https:\/\/www.ms-viscom.com\/hr\/","name":"MS Viscom","description":"","potentialAction":[{"@type":"SearchAction","target":{"@type":"EntryPoint","urlTemplate":"https:\/\/www.ms-viscom.com\/hr\/?s={search_term_string}"},"query-input":{"@type":"PropertyValueSpecification","valueRequired":true,"valueName":"search_term_string"}}],"inLanguage":"hr"}]}},"_links":{"self":[{"href":"https:\/\/www.ms-viscom.com\/hr\/wp-json\/wp\/v2\/product\/3441","targetHints":{"allow":["GET"]}}],"collection":[{"href":"https:\/\/www.ms-viscom.com\/hr\/wp-json\/wp\/v2\/product"}],"about":[{"href":"https:\/\/www.ms-viscom.com\/hr\/wp-json\/wp\/v2\/types\/product"}],"wp:featuredmedia":[{"embeddable":true,"href":"https:\/\/www.ms-viscom.com\/hr\/wp-json\/wp\/v2\/media\/959"}],"wp:attachment":[{"href":"https:\/\/www.ms-viscom.com\/hr\/wp-json\/wp\/v2\/media?parent=3441"}],"wp:term":[{"taxonomy":"product_brand","embeddable":true,"href":"https:\/\/www.ms-viscom.com\/hr\/wp-json\/wp\/v2\/product_brand?post=3441"},{"taxonomy":"product_cat","embeddable":true,"href":"https:\/\/www.ms-viscom.com\/hr\/wp-json\/wp\/v2\/product_cat?post=3441"},{"taxonomy":"product_tag","embeddable":true,"href":"https:\/\/www.ms-viscom.com\/hr\/wp-json\/wp\/v2\/product_tag?post=3441"}],"curies":[{"name":"wp","href":"https:\/\/api.w.org\/{rel}","templated":true}]}}