{"id":3430,"date":"2025-07-21T09:06:06","date_gmt":"2025-07-21T08:06:06","guid":{"rendered":"https:\/\/www.ms-viscom.com\/izdelek\/staklenik-glory-8x16-dimenzije-247-x-483-cm\/"},"modified":"2025-11-17T08:36:54","modified_gmt":"2025-11-17T07:36:54","slug":"staklenik-glory-8x16-dimenzije-247-x-483-cm","status":"publish","type":"product","link":"https:\/\/www.ms-viscom.com\/hr\/izdelek\/staklenik-glory-8x16-dimenzije-247-x-483-cm\/","title":{"rendered":"STAKLENIK &#8211; GLORY 8X16, dimenzije 247 x 483 cm"},"content":{"rendered":"<p><strong>Luksuzni odgovor za istinske zaljubljenike u vrtlarstvo!<\/strong><\/p>\n<p>&nbsp;<\/p>\n<p>\u2022 Iznimno \u010dvrst aluminijski okvir osigurava konstrukciju otpornu na udarce i tu\u010du  <\/p>\n<p>\u2022 10-mm dvoslojne polikarbonatne plo\u010de pru\u017eaju savr\u0161enu debljinu, dodatnu za\u0161titu i idealnu izolaciju  <\/p>\n<p>\u2022 Velika unutarnja visina i prostranost omogu\u0107uju dovoljno mjesta za penja\u010dice i biljke s velikim kro\u0161njama  <\/p>\n<p>\u2022 Nagib krova dizajniran je tako da smanjuje nakupljanje velike koli\u010dine snijega  <\/p>\n<p>&nbsp;<\/p>\n<p>Vanjske dimenzije proizvoda: 244,5 (\u0161irina) x 483,5 (du\u017eina) x 286,5 (visina) cm  <\/p>\n<p>Unutarnje dimenzije proizvoda: 237,5 (\u0161irina) x 478,5 (du\u017eina) x 262 (visina) cm  <\/p>\n<p>Dimenzije baze: 239 (du\u017eina) x 239 (\u0161irina) cm  <\/p>\n<p>Dimenzije vrata: 80,5 (\u0161irina) x 188 (visina) cm  <\/p>\n<p>Visina strehe: 186,5 cm<\/p>\n","protected":false},"excerpt":{"rendered":"<p>Glory\u2122 8\u2019 Vrhunski staklenik<\/p>\n<p>Napredno vrtlarstvo i izvrsno zadr\u017eavanje topline,<\/p>\n<p>Palram staklenik Glory 8&#215;16 ima \u010dvrst aluminijski okvir otporan na tu\u010du, udarce i hr\u0111u.<\/p>\n<p>&nbsp;<\/p>\n<p>&nbsp;<\/p>\n","protected":false},"featured_media":1973,"template":"","meta":{"_acf_changed":false},"product_brand":[],"product_cat":[258,264],"product_tag":[],"class_list":{"0":"post-3430","1":"product","2":"type-product","3":"status-publish","4":"has-post-thumbnail","6":"product_cat-staklenici","7":"product_cat-glory","9":"first","10":"instock","11":"taxable","12":"shipping-taxable","13":"purchasable","14":"product-type-simple"},"acf":[],"yoast_head":"<!-- This site is optimized with the Yoast SEO plugin v26.9 - https:\/\/yoast.com\/product\/yoast-seo-wordpress\/ -->\n<title>STAKLENIK - GLORY 8X16, dimenzije 247 x 483 cm - MS Viscom<\/title>\n<meta name=\"robots\" content=\"index, follow, max-snippet:-1, max-image-preview:large, max-video-preview:-1\" \/>\n<link rel=\"canonical\" href=\"https:\/\/www.ms-viscom.com\/hr\/izdelek\/staklenik-glory-8x16-dimenzije-247-x-483-cm\/\" \/>\n<meta property=\"og:locale\" content=\"hr_HR\" \/>\n<meta property=\"og:type\" content=\"article\" \/>\n<meta property=\"og:title\" content=\"STAKLENIK - GLORY 8X16, dimenzije 247 x 483 cm - MS Viscom\" \/>\n<meta property=\"og:description\" content=\"Glory\u2122 8\u2019 Vrhunski staklenik  Napredno vrtlarstvo i izvrsno zadr\u017eavanje topline,  Palram staklenik Glory 8x16 ima \u010dvrst aluminijski okvir otporan na tu\u010du, udarce i hr\u0111u.  &nbsp;  &nbsp;\" \/>\n<meta property=\"og:url\" content=\"https:\/\/www.ms-viscom.com\/hr\/izdelek\/staklenik-glory-8x16-dimenzije-247-x-483-cm\/\" \/>\n<meta property=\"og:site_name\" content=\"MS Viscom\" \/>\n<meta property=\"article:modified_time\" content=\"2025-11-17T07:36:54+00:00\" \/>\n<meta name=\"twitter:card\" content=\"summary_large_image\" \/>\n<meta name=\"twitter:label1\" content=\"Procijenjeno vrijeme \u010ditanja\" \/>\n\t<meta name=\"twitter:data1\" content=\"1 minuta\" \/>\n<script type=\"application\/ld+json\" class=\"yoast-schema-graph\">{\"@context\":\"https:\/\/schema.org\",\"@graph\":[{\"@type\":\"WebPage\",\"@id\":\"https:\/\/www.ms-viscom.com\/hr\/izdelek\/staklenik-glory-8x16-dimenzije-247-x-483-cm\/\",\"url\":\"https:\/\/www.ms-viscom.com\/hr\/izdelek\/staklenik-glory-8x16-dimenzije-247-x-483-cm\/\",\"name\":\"STAKLENIK - GLORY 8X16, dimenzije 247 x 483 cm - MS Viscom\",\"isPartOf\":{\"@id\":\"https:\/\/www.ms-viscom.com\/hr\/#website\"},\"primaryImageOfPage\":{\"@id\":\"https:\/\/www.ms-viscom.com\/hr\/izdelek\/staklenik-glory-8x16-dimenzije-247-x-483-cm\/#primaryimage\"},\"image\":{\"@id\":\"https:\/\/www.ms-viscom.com\/hr\/izdelek\/staklenik-glory-8x16-dimenzije-247-x-483-cm\/#primaryimage\"},\"thumbnailUrl\":\"https:\/\/www.ms-viscom.com\/wp-content\/uploads\/2025\/07\/Palram-Canopia_Greenhouses_Glory_8x16_Grey_Multiwall_Main_1-2-1-scaled.jpg\",\"datePublished\":\"2025-07-21T08:06:06+00:00\",\"dateModified\":\"2025-11-17T07:36:54+00:00\",\"breadcrumb\":{\"@id\":\"https:\/\/www.ms-viscom.com\/hr\/izdelek\/staklenik-glory-8x16-dimenzije-247-x-483-cm\/#breadcrumb\"},\"inLanguage\":\"hr\",\"potentialAction\":[{\"@type\":\"ReadAction\",\"target\":[\"https:\/\/www.ms-viscom.com\/hr\/izdelek\/staklenik-glory-8x16-dimenzije-247-x-483-cm\/\"]}]},{\"@type\":\"ImageObject\",\"inLanguage\":\"hr\",\"@id\":\"https:\/\/www.ms-viscom.com\/hr\/izdelek\/staklenik-glory-8x16-dimenzije-247-x-483-cm\/#primaryimage\",\"url\":\"https:\/\/www.ms-viscom.com\/wp-content\/uploads\/2025\/07\/Palram-Canopia_Greenhouses_Glory_8x16_Grey_Multiwall_Main_1-2-1-scaled.jpg\",\"contentUrl\":\"https:\/\/www.ms-viscom.com\/wp-content\/uploads\/2025\/07\/Palram-Canopia_Greenhouses_Glory_8x16_Grey_Multiwall_Main_1-2-1-scaled.jpg\",\"width\":2560,\"height\":2048,\"caption\":\"Palram Greenhouses Glory 8x16 Grey Multiwall Main 1\"},{\"@type\":\"BreadcrumbList\",\"@id\":\"https:\/\/www.ms-viscom.com\/hr\/izdelek\/staklenik-glory-8x16-dimenzije-247-x-483-cm\/#breadcrumb\",\"itemListElement\":[{\"@type\":\"ListItem\",\"position\":1,\"name\":\"Domov\",\"item\":\"https:\/\/www.ms-viscom.com\/hr\/\"},{\"@type\":\"ListItem\",\"position\":2,\"name\":\"Trgovina\",\"item\":\"https:\/\/www.ms-viscom.com\/hr\/trgovina\/\"},{\"@type\":\"ListItem\",\"position\":3,\"name\":\"STAKLENIK &#8211; GLORY 8X16, dimenzije 247 x 483 cm\"}]},{\"@type\":\"WebSite\",\"@id\":\"https:\/\/www.ms-viscom.com\/hr\/#website\",\"url\":\"https:\/\/www.ms-viscom.com\/hr\/\",\"name\":\"MS Viscom\",\"description\":\"\",\"potentialAction\":[{\"@type\":\"SearchAction\",\"target\":{\"@type\":\"EntryPoint\",\"urlTemplate\":\"https:\/\/www.ms-viscom.com\/hr\/?s={search_term_string}\"},\"query-input\":{\"@type\":\"PropertyValueSpecification\",\"valueRequired\":true,\"valueName\":\"search_term_string\"}}],\"inLanguage\":\"hr\"}]}<\/script>\n<!-- \/ Yoast SEO plugin. -->","yoast_head_json":{"title":"STAKLENIK - GLORY 8X16, dimenzije 247 x 483 cm - MS Viscom","robots":{"index":"index","follow":"follow","max-snippet":"max-snippet:-1","max-image-preview":"max-image-preview:large","max-video-preview":"max-video-preview:-1"},"canonical":"https:\/\/www.ms-viscom.com\/hr\/izdelek\/staklenik-glory-8x16-dimenzije-247-x-483-cm\/","og_locale":"hr_HR","og_type":"article","og_title":"STAKLENIK - GLORY 8X16, dimenzije 247 x 483 cm - MS Viscom","og_description":"Glory\u2122 8\u2019 Vrhunski staklenik  Napredno vrtlarstvo i izvrsno zadr\u017eavanje topline,  Palram staklenik Glory 8x16 ima \u010dvrst aluminijski okvir otporan na tu\u010du, udarce i hr\u0111u.  &nbsp;  &nbsp;","og_url":"https:\/\/www.ms-viscom.com\/hr\/izdelek\/staklenik-glory-8x16-dimenzije-247-x-483-cm\/","og_site_name":"MS Viscom","article_modified_time":"2025-11-17T07:36:54+00:00","twitter_card":"summary_large_image","twitter_misc":{"Procijenjeno vrijeme \u010ditanja":"1 minuta"},"schema":{"@context":"https:\/\/schema.org","@graph":[{"@type":"WebPage","@id":"https:\/\/www.ms-viscom.com\/hr\/izdelek\/staklenik-glory-8x16-dimenzije-247-x-483-cm\/","url":"https:\/\/www.ms-viscom.com\/hr\/izdelek\/staklenik-glory-8x16-dimenzije-247-x-483-cm\/","name":"STAKLENIK - GLORY 8X16, dimenzije 247 x 483 cm - MS Viscom","isPartOf":{"@id":"https:\/\/www.ms-viscom.com\/hr\/#website"},"primaryImageOfPage":{"@id":"https:\/\/www.ms-viscom.com\/hr\/izdelek\/staklenik-glory-8x16-dimenzije-247-x-483-cm\/#primaryimage"},"image":{"@id":"https:\/\/www.ms-viscom.com\/hr\/izdelek\/staklenik-glory-8x16-dimenzije-247-x-483-cm\/#primaryimage"},"thumbnailUrl":"https:\/\/www.ms-viscom.com\/wp-content\/uploads\/2025\/07\/Palram-Canopia_Greenhouses_Glory_8x16_Grey_Multiwall_Main_1-2-1-scaled.jpg","datePublished":"2025-07-21T08:06:06+00:00","dateModified":"2025-11-17T07:36:54+00:00","breadcrumb":{"@id":"https:\/\/www.ms-viscom.com\/hr\/izdelek\/staklenik-glory-8x16-dimenzije-247-x-483-cm\/#breadcrumb"},"inLanguage":"hr","potentialAction":[{"@type":"ReadAction","target":["https:\/\/www.ms-viscom.com\/hr\/izdelek\/staklenik-glory-8x16-dimenzije-247-x-483-cm\/"]}]},{"@type":"ImageObject","inLanguage":"hr","@id":"https:\/\/www.ms-viscom.com\/hr\/izdelek\/staklenik-glory-8x16-dimenzije-247-x-483-cm\/#primaryimage","url":"https:\/\/www.ms-viscom.com\/wp-content\/uploads\/2025\/07\/Palram-Canopia_Greenhouses_Glory_8x16_Grey_Multiwall_Main_1-2-1-scaled.jpg","contentUrl":"https:\/\/www.ms-viscom.com\/wp-content\/uploads\/2025\/07\/Palram-Canopia_Greenhouses_Glory_8x16_Grey_Multiwall_Main_1-2-1-scaled.jpg","width":2560,"height":2048,"caption":"Palram Greenhouses Glory 8x16 Grey Multiwall Main 1"},{"@type":"BreadcrumbList","@id":"https:\/\/www.ms-viscom.com\/hr\/izdelek\/staklenik-glory-8x16-dimenzije-247-x-483-cm\/#breadcrumb","itemListElement":[{"@type":"ListItem","position":1,"name":"Domov","item":"https:\/\/www.ms-viscom.com\/hr\/"},{"@type":"ListItem","position":2,"name":"Trgovina","item":"https:\/\/www.ms-viscom.com\/hr\/trgovina\/"},{"@type":"ListItem","position":3,"name":"STAKLENIK &#8211; GLORY 8X16, dimenzije 247 x 483 cm"}]},{"@type":"WebSite","@id":"https:\/\/www.ms-viscom.com\/hr\/#website","url":"https:\/\/www.ms-viscom.com\/hr\/","name":"MS Viscom","description":"","potentialAction":[{"@type":"SearchAction","target":{"@type":"EntryPoint","urlTemplate":"https:\/\/www.ms-viscom.com\/hr\/?s={search_term_string}"},"query-input":{"@type":"PropertyValueSpecification","valueRequired":true,"valueName":"search_term_string"}}],"inLanguage":"hr"}]}},"_links":{"self":[{"href":"https:\/\/www.ms-viscom.com\/hr\/wp-json\/wp\/v2\/product\/3430","targetHints":{"allow":["GET"]}}],"collection":[{"href":"https:\/\/www.ms-viscom.com\/hr\/wp-json\/wp\/v2\/product"}],"about":[{"href":"https:\/\/www.ms-viscom.com\/hr\/wp-json\/wp\/v2\/types\/product"}],"wp:featuredmedia":[{"embeddable":true,"href":"https:\/\/www.ms-viscom.com\/hr\/wp-json\/wp\/v2\/media\/1973"}],"wp:attachment":[{"href":"https:\/\/www.ms-viscom.com\/hr\/wp-json\/wp\/v2\/media?parent=3430"}],"wp:term":[{"taxonomy":"product_brand","embeddable":true,"href":"https:\/\/www.ms-viscom.com\/hr\/wp-json\/wp\/v2\/product_brand?post=3430"},{"taxonomy":"product_cat","embeddable":true,"href":"https:\/\/www.ms-viscom.com\/hr\/wp-json\/wp\/v2\/product_cat?post=3430"},{"taxonomy":"product_tag","embeddable":true,"href":"https:\/\/www.ms-viscom.com\/hr\/wp-json\/wp\/v2\/product_tag?post=3430"}],"curies":[{"name":"wp","href":"https:\/\/api.w.org\/{rel}","templated":true}]}}