{"id":3369,"date":"2025-07-21T09:03:57","date_gmt":"2025-07-21T08:03:57","guid":{"rendered":"https:\/\/www.ms-viscom.com\/izdelek\/pa6g-mo-mos%e2%82%82-poliamid-6g-mo\/"},"modified":"2025-11-17T08:36:35","modified_gmt":"2025-11-17T07:36:35","slug":"pa6g-mo-mos%e2%82%82-poliamid-6g-mo","status":"publish","type":"product","link":"https:\/\/www.ms-viscom.com\/hr\/izdelek\/pa6g-mo-mos%e2%82%82-poliamid-6g-mo\/","title":{"rendered":"PA6G MO (MoS\u2082) &#8211; Poliamid 6G MO"},"content":{"rendered":"<p>&#8220;<\/p>\n<p data-start=\"\"193\"\" data-end=\"\"466\"\">PA6G MoS\u2082 je lijevani poliamid (PA6G) modificiran dodatkom <strong data-start=\"\"252\"\" data-end=\"\"282\"\">molibden disulfida (MoS\u2082)<\/strong>, \u0161to pobolj\u0161ava njegova mehani\u010dka i tribolo\u0161ka svojstva. Dodatak MoS\u2082 pove\u0107ava tvrdo\u0107u, smanjuje trenje te pobolj\u0161ava otpornost na habanje bez zna\u010dajnog utjecaja na \u017eilavost materijala.<\/p>\n<p data-start=\"\"468\"\" data-end=\"\"687\"\">Zahvaljuju\u0107i kombinaciji izvrsnih mehani\u010dkih svojstava, dobre dimenzijske stabilnosti i smanjenog trenja, PA6G MoS\u2082 idealan je izbor za tehni\u010dke komponente koje rade pod velikim mehani\u010dkim optere\u0107enjima i trenjem.<\/p>\n<ul>\n<li data-start=\"\"722\"\" data-end=\"\"766\"\">\n<p data-start=\"\"724\"\" data-end=\"\"766\"\">Izvrsna otpornost na habanje i trenje<\/p>\n<\/li>\n<li data-start=\"\"767\"\" data-end=\"\"816\"\">\n<p data-start=\"\"769\"\" data-end=\"\"816\"\">Pove\u0107ana tvrdo\u0107a u usporedbi s obi\u010dnim PA6G<\/p>\n<\/li>\n<li data-start=\"\"817\"\" data-end=\"\"845\"\">\n<p data-start=\"\"819\"\" data-end=\"\"845\"\">Dobra klizna svojstva<\/p>\n<\/li>\n<li data-start=\"\"846\"\" data-end=\"\"873\"\">\n<p data-start=\"\"848\"\" data-end=\"\"873\"\">Visoka mehani\u010dka \u010dvrsto\u0107a<\/p>\n<\/li>\n<li data-start=\"\"874\"\" data-end=\"\"907\"\">\n<p data-start=\"\"876\"\" data-end=\"\"907\"\">Bolja dimenzijska stabilnost<\/p>\n<\/li>\n<li data-start=\"\"908\"\" data-end=\"\"935\"\">\n<p data-start=\"\"910\"\" data-end=\"\"935\"\">Ni\u017ei koeficijent trenja<\/p>\n<\/li>\n<li data-start=\"\"936\"\" data-end=\"\"978\"\">\n<p data-start=\"\"938\"\" data-end=\"\"978\"\">Djelomi\u010dno samopodmazuju\u0107i materijal (zbog MoS\u2082)<\/p>\n<\/li>\n<\/ul>\n<h3 data-start=\"\"985\"\" data-end=\"\"1013\"\"><strong data-start=\"\"993\"\" data-end=\"\"1013\"\">Tipi\u010dne primjene:<\/strong><\/h3>\n<ul data-start=\"\"1014\"\" data-end=\"\"1261\"\">\n<li data-start=\"\"1014\"\" data-end=\"\"1040\"\">\n<p data-start=\"\"1016\"\" data-end=\"\"1040\"\">\u010cahure i klizni elementi<\/p>\n<\/li>\n<li data-start=\"\"1041\"\" data-end=\"\"1064\"\">\n<p data-start=\"\"1043\"\" data-end=\"\"1064\"\">Le\u017eajevi bez podmazivanja<\/p>\n<\/li>\n<li data-start=\"\"1065\"\" data-end=\"\"1083\"\">\n<p data-start=\"\"1067\"\" data-end=\"\"1083\"\">Opru\u017ene lamele<\/p>\n<\/li>\n<li data-start=\"\"1084\"\" data-end=\"\"1106\"\">\n<p data-start=\"\"1086\"\" data-end=\"\"1106\"\">Kolica i kliza\u010di<\/p>\n<\/li>\n<li data-start=\"\"1107\"\" data-end=\"\"1145\"\">\n<p data-start=\"\"1109\"\" data-end=\"\"1145\"\">Povr\u0161ine za kotrljanje i plo\u010de otporne na habanje<\/p>\n<\/li>\n<li data-start=\"\"1146\"\" data-end=\"\"1203\"\">\n<p data-start=\"\"1148\"\" data-end=\"\"1203\"\">Vodilice u poljoprivrednoj, ambala\u017enoj i transportnoj industriji<\/p>\n<\/li>\n<li data-start=\"\"1204\"\" data-end=\"\"1261\"\">\n<p data-start=\"\"1206\"\" data-end=\"\"1261\"\">Elementi izlo\u017eeni cikli\u010dkim optere\u0107enjima i trenju<\/p>\n<\/li>\n<\/ul>\n<h3 data-start=\"\"1268\"\" data-end=\"\"1299\"\"><strong data-start=\"\"1275\"\" data-end=\"\"1299\"\">Standardi i oznake:<\/strong><\/h3>\n<ul data-start=\"\"1300\"\" data-end=\"\"1499\"\">\n<li data-start=\"\"1300\"\" data-end=\"\"1338\"\">\n<p data-start=\"\"1302\"\" data-end=\"\"1338\"\"><strong data-start=\"\"1302\"\" data-end=\"\"1324\"\">Oznaka materijala:<\/strong> PA6G + MoS\u2082<\/p>\n<\/li>\n<li data-start=\"\"1339\"\" data-end=\"\"1378\"\">\n<p data-start=\"\"1341\"\" data-end=\"\"1378\"\"><strong data-start=\"\"1341\"\" data-end=\"\"1366\"\">Prema DIN EN ISO 1874-1:<\/strong> PA6G-MoS\u2082<\/p>\n<\/li>\n<li data-start=\"\"1379\"\" data-end=\"\"1416\"\">\n<p data-start=\"\"1381\"\" data-end=\"\"1416\"\"><strong data-start=\"\"1381\"\" data-end=\"\"1409\"\">Prema DIN 7728 \/ DIN 16734:<\/strong> PA6G<\/p>\n<\/li>\n<li data-start=\"\"1417\"\" data-end=\"\"1457\"\">\n<p data-start=\"\"1419\"\" data-end=\"\"1457\"\"><strong data-start=\"\"1419\"\" data-end=\"\"1429\"\">Boja:<\/strong> tipi\u010dno siva do tamnosiva<\/p>\n<\/li>\n<li data-start=\"\"1458\"\" data-end=\"\"1499\"\">\n<p data-start=\"\"1460\"\" data-end=\"\"1499\"\"><strong data-start=\"\"1460\"\" data-end=\"\"1478\"\">Oblik isporuke:<\/strong> \u0161ipke, plo\u010de, cijevi<\/p>\n<\/li>\n<\/ul>\n<p data-start=\"\"468\"\" data-end=\"\"687\"\">\n<p>&#8221;<\/p>\n","protected":false},"excerpt":{"rendered":"<p>PA6G MoS\u2082 je lijevani poliamid s dodatkom molibden disulfida, koji osigurava manje trenje, ve\u0107u tvrdo\u0107u i otpornost na habanje \u2013 idealan za visoko optere\u0107ene mehani\u010dke dijelove.<\/p>\n","protected":false},"featured_media":746,"template":"","meta":{"_acf_changed":false},"product_brand":[],"product_cat":[295],"product_tag":[],"class_list":{"0":"post-3369","1":"product","2":"type-product","3":"status-publish","4":"has-post-thumbnail","6":"product_cat-pa-6-g","8":"first","9":"instock","10":"taxable","11":"shipping-taxable","12":"purchasable","13":"product-type-simple"},"acf":[],"yoast_head":"<!-- This site is optimized with the Yoast SEO plugin v26.9 - https:\/\/yoast.com\/product\/yoast-seo-wordpress\/ -->\n<title>PA6G MO (MoS\u2082) - Poliamid 6G MO - MS Viscom<\/title>\n<meta name=\"robots\" content=\"index, follow, max-snippet:-1, max-image-preview:large, max-video-preview:-1\" \/>\n<link rel=\"canonical\" href=\"https:\/\/www.ms-viscom.com\/hr\/izdelek\/pa6g-mo-mos%e2%82%82-poliamid-6g-mo\/\" \/>\n<meta property=\"og:locale\" content=\"hr_HR\" \/>\n<meta property=\"og:type\" content=\"article\" \/>\n<meta property=\"og:title\" content=\"PA6G MO (MoS\u2082) - Poliamid 6G MO - MS Viscom\" \/>\n<meta property=\"og:description\" content=\"PA6G MoS\u2082 je lijevani poliamid s dodatkom molibden disulfida, koji osigurava manje trenje, ve\u0107u tvrdo\u0107u i otpornost na habanje \u2013 idealan za visoko optere\u0107ene mehani\u010dke dijelove.\" \/>\n<meta property=\"og:url\" content=\"https:\/\/www.ms-viscom.com\/hr\/izdelek\/pa6g-mo-mos%e2%82%82-poliamid-6g-mo\/\" \/>\n<meta property=\"og:site_name\" content=\"MS Viscom\" \/>\n<meta property=\"article:modified_time\" content=\"2025-11-17T07:36:35+00:00\" \/>\n<meta name=\"twitter:card\" content=\"summary_large_image\" \/>\n<meta name=\"twitter:label1\" content=\"Procijenjeno vrijeme \u010ditanja\" \/>\n\t<meta name=\"twitter:data1\" content=\"1 minuta\" \/>\n<script type=\"application\/ld+json\" class=\"yoast-schema-graph\">{\"@context\":\"https:\/\/schema.org\",\"@graph\":[{\"@type\":\"WebPage\",\"@id\":\"https:\/\/www.ms-viscom.com\/hr\/izdelek\/pa6g-mo-mos%e2%82%82-poliamid-6g-mo\/\",\"url\":\"https:\/\/www.ms-viscom.com\/hr\/izdelek\/pa6g-mo-mos%e2%82%82-poliamid-6g-mo\/\",\"name\":\"PA6G MO (MoS\u2082) - Poliamid 6G MO - MS Viscom\",\"isPartOf\":{\"@id\":\"https:\/\/www.ms-viscom.com\/hr\/#website\"},\"primaryImageOfPage\":{\"@id\":\"https:\/\/www.ms-viscom.com\/hr\/izdelek\/pa6g-mo-mos%e2%82%82-poliamid-6g-mo\/#primaryimage\"},\"image\":{\"@id\":\"https:\/\/www.ms-viscom.com\/hr\/izdelek\/pa6g-mo-mos%e2%82%82-poliamid-6g-mo\/#primaryimage\"},\"thumbnailUrl\":\"https:\/\/www.ms-viscom.com\/wp-content\/uploads\/2025\/07\/PA6G_20MO_20MoS2_20plosce_20palice_20in_20cevi_r.jpg\",\"datePublished\":\"2025-07-21T08:03:57+00:00\",\"dateModified\":\"2025-11-17T07:36:35+00:00\",\"breadcrumb\":{\"@id\":\"https:\/\/www.ms-viscom.com\/hr\/izdelek\/pa6g-mo-mos%e2%82%82-poliamid-6g-mo\/#breadcrumb\"},\"inLanguage\":\"hr\",\"potentialAction\":[{\"@type\":\"ReadAction\",\"target\":[\"https:\/\/www.ms-viscom.com\/hr\/izdelek\/pa6g-mo-mos%e2%82%82-poliamid-6g-mo\/\"]}]},{\"@type\":\"ImageObject\",\"inLanguage\":\"hr\",\"@id\":\"https:\/\/www.ms-viscom.com\/hr\/izdelek\/pa6g-mo-mos%e2%82%82-poliamid-6g-mo\/#primaryimage\",\"url\":\"https:\/\/www.ms-viscom.com\/wp-content\/uploads\/2025\/07\/PA6G_20MO_20MoS2_20plosce_20palice_20in_20cevi_r.jpg\",\"contentUrl\":\"https:\/\/www.ms-viscom.com\/wp-content\/uploads\/2025\/07\/PA6G_20MO_20MoS2_20plosce_20palice_20in_20cevi_r.jpg\",\"width\":800,\"height\":600},{\"@type\":\"BreadcrumbList\",\"@id\":\"https:\/\/www.ms-viscom.com\/hr\/izdelek\/pa6g-mo-mos%e2%82%82-poliamid-6g-mo\/#breadcrumb\",\"itemListElement\":[{\"@type\":\"ListItem\",\"position\":1,\"name\":\"Domov\",\"item\":\"https:\/\/www.ms-viscom.com\/hr\/\"},{\"@type\":\"ListItem\",\"position\":2,\"name\":\"Trgovina\",\"item\":\"https:\/\/www.ms-viscom.com\/hr\/trgovina\/\"},{\"@type\":\"ListItem\",\"position\":3,\"name\":\"PA6G MO (MoS\u2082) &#8211; Poliamid 6G MO\"}]},{\"@type\":\"WebSite\",\"@id\":\"https:\/\/www.ms-viscom.com\/hr\/#website\",\"url\":\"https:\/\/www.ms-viscom.com\/hr\/\",\"name\":\"MS Viscom\",\"description\":\"\",\"potentialAction\":[{\"@type\":\"SearchAction\",\"target\":{\"@type\":\"EntryPoint\",\"urlTemplate\":\"https:\/\/www.ms-viscom.com\/hr\/?s={search_term_string}\"},\"query-input\":{\"@type\":\"PropertyValueSpecification\",\"valueRequired\":true,\"valueName\":\"search_term_string\"}}],\"inLanguage\":\"hr\"}]}<\/script>\n<!-- \/ Yoast SEO plugin. -->","yoast_head_json":{"title":"PA6G MO (MoS\u2082) - Poliamid 6G MO - MS Viscom","robots":{"index":"index","follow":"follow","max-snippet":"max-snippet:-1","max-image-preview":"max-image-preview:large","max-video-preview":"max-video-preview:-1"},"canonical":"https:\/\/www.ms-viscom.com\/hr\/izdelek\/pa6g-mo-mos%e2%82%82-poliamid-6g-mo\/","og_locale":"hr_HR","og_type":"article","og_title":"PA6G MO (MoS\u2082) - Poliamid 6G MO - MS Viscom","og_description":"PA6G MoS\u2082 je lijevani poliamid s dodatkom molibden disulfida, koji osigurava manje trenje, ve\u0107u tvrdo\u0107u i otpornost na habanje \u2013 idealan za visoko optere\u0107ene mehani\u010dke dijelove.","og_url":"https:\/\/www.ms-viscom.com\/hr\/izdelek\/pa6g-mo-mos%e2%82%82-poliamid-6g-mo\/","og_site_name":"MS Viscom","article_modified_time":"2025-11-17T07:36:35+00:00","twitter_card":"summary_large_image","twitter_misc":{"Procijenjeno vrijeme \u010ditanja":"1 minuta"},"schema":{"@context":"https:\/\/schema.org","@graph":[{"@type":"WebPage","@id":"https:\/\/www.ms-viscom.com\/hr\/izdelek\/pa6g-mo-mos%e2%82%82-poliamid-6g-mo\/","url":"https:\/\/www.ms-viscom.com\/hr\/izdelek\/pa6g-mo-mos%e2%82%82-poliamid-6g-mo\/","name":"PA6G MO (MoS\u2082) - Poliamid 6G MO - MS Viscom","isPartOf":{"@id":"https:\/\/www.ms-viscom.com\/hr\/#website"},"primaryImageOfPage":{"@id":"https:\/\/www.ms-viscom.com\/hr\/izdelek\/pa6g-mo-mos%e2%82%82-poliamid-6g-mo\/#primaryimage"},"image":{"@id":"https:\/\/www.ms-viscom.com\/hr\/izdelek\/pa6g-mo-mos%e2%82%82-poliamid-6g-mo\/#primaryimage"},"thumbnailUrl":"https:\/\/www.ms-viscom.com\/wp-content\/uploads\/2025\/07\/PA6G_20MO_20MoS2_20plosce_20palice_20in_20cevi_r.jpg","datePublished":"2025-07-21T08:03:57+00:00","dateModified":"2025-11-17T07:36:35+00:00","breadcrumb":{"@id":"https:\/\/www.ms-viscom.com\/hr\/izdelek\/pa6g-mo-mos%e2%82%82-poliamid-6g-mo\/#breadcrumb"},"inLanguage":"hr","potentialAction":[{"@type":"ReadAction","target":["https:\/\/www.ms-viscom.com\/hr\/izdelek\/pa6g-mo-mos%e2%82%82-poliamid-6g-mo\/"]}]},{"@type":"ImageObject","inLanguage":"hr","@id":"https:\/\/www.ms-viscom.com\/hr\/izdelek\/pa6g-mo-mos%e2%82%82-poliamid-6g-mo\/#primaryimage","url":"https:\/\/www.ms-viscom.com\/wp-content\/uploads\/2025\/07\/PA6G_20MO_20MoS2_20plosce_20palice_20in_20cevi_r.jpg","contentUrl":"https:\/\/www.ms-viscom.com\/wp-content\/uploads\/2025\/07\/PA6G_20MO_20MoS2_20plosce_20palice_20in_20cevi_r.jpg","width":800,"height":600},{"@type":"BreadcrumbList","@id":"https:\/\/www.ms-viscom.com\/hr\/izdelek\/pa6g-mo-mos%e2%82%82-poliamid-6g-mo\/#breadcrumb","itemListElement":[{"@type":"ListItem","position":1,"name":"Domov","item":"https:\/\/www.ms-viscom.com\/hr\/"},{"@type":"ListItem","position":2,"name":"Trgovina","item":"https:\/\/www.ms-viscom.com\/hr\/trgovina\/"},{"@type":"ListItem","position":3,"name":"PA6G MO (MoS\u2082) &#8211; Poliamid 6G MO"}]},{"@type":"WebSite","@id":"https:\/\/www.ms-viscom.com\/hr\/#website","url":"https:\/\/www.ms-viscom.com\/hr\/","name":"MS Viscom","description":"","potentialAction":[{"@type":"SearchAction","target":{"@type":"EntryPoint","urlTemplate":"https:\/\/www.ms-viscom.com\/hr\/?s={search_term_string}"},"query-input":{"@type":"PropertyValueSpecification","valueRequired":true,"valueName":"search_term_string"}}],"inLanguage":"hr"}]}},"_links":{"self":[{"href":"https:\/\/www.ms-viscom.com\/hr\/wp-json\/wp\/v2\/product\/3369","targetHints":{"allow":["GET"]}}],"collection":[{"href":"https:\/\/www.ms-viscom.com\/hr\/wp-json\/wp\/v2\/product"}],"about":[{"href":"https:\/\/www.ms-viscom.com\/hr\/wp-json\/wp\/v2\/types\/product"}],"wp:featuredmedia":[{"embeddable":true,"href":"https:\/\/www.ms-viscom.com\/hr\/wp-json\/wp\/v2\/media\/746"}],"wp:attachment":[{"href":"https:\/\/www.ms-viscom.com\/hr\/wp-json\/wp\/v2\/media?parent=3369"}],"wp:term":[{"taxonomy":"product_brand","embeddable":true,"href":"https:\/\/www.ms-viscom.com\/hr\/wp-json\/wp\/v2\/product_brand?post=3369"},{"taxonomy":"product_cat","embeddable":true,"href":"https:\/\/www.ms-viscom.com\/hr\/wp-json\/wp\/v2\/product_cat?post=3369"},{"taxonomy":"product_tag","embeddable":true,"href":"https:\/\/www.ms-viscom.com\/hr\/wp-json\/wp\/v2\/product_tag?post=3369"}],"curies":[{"name":"wp","href":"https:\/\/api.w.org\/{rel}","templated":true}]}}