{"id":3347,"date":"2025-07-21T09:03:36","date_gmt":"2025-07-21T08:03:36","guid":{"rendered":"https:\/\/www.ms-viscom.com\/izdelek\/tekstolit-palice\/"},"modified":"2025-11-17T08:36:27","modified_gmt":"2025-11-17T07:36:27","slug":"tekstolit-palice","status":"publish","type":"product","link":"https:\/\/www.ms-viscom.com\/hr\/izdelek\/tekstolit-palice\/","title":{"rendered":"TEKSTOLIT palice"},"content":{"rendered":"<p data-start=\"258\" data-end=\"623\">Tekstolit \u0161ipke tipa <strong data-start=\"292\" data-end=\"304\">HGW 2088<\/strong> izra\u0111ene su od <strong data-start=\"320\" data-end=\"370\">pamu\u010dne tkanine impregnirane fenolnom smolom<\/strong>, oblikovane pre\u0161anjem i o\u010dvr\u0161\u0107ivanjem u \u0161ipkaste oblike. Zbog svojih mehani\u010dkih svojstava, ove \u0161ipke su idealne za obradu na tokarilicama, CNC strojevima i drugim mehani\u010dkim postupcima gdje je potrebna visoka otpornost na habanje i dobra izolacija.<\/p>\n<p data-start=\"625\" data-end=\"646\"><strong data-start=\"625\" data-end=\"646\">Glavna svojstva:<\/strong><\/p>\n<ul data-start=\"647\" data-end=\"938\">\n<li data-start=\"647\" data-end=\"703\">\n<p data-start=\"649\" data-end=\"703\">Izvrsna mehani\u010dka \u010dvrsto\u0107a, \u010dak i pri povi\u0161enim temperaturama<\/p>\n<\/li>\n<li data-start=\"704\" data-end=\"745\">\n<p data-start=\"706\" data-end=\"745\">Dobra otpornost na habanje i udarce<\/p>\n<\/li>\n<li data-start=\"746\" data-end=\"801\">\n<p data-start=\"748\" data-end=\"801\">Dobra klizna i samopodmazuju\u0107a svojstva bez dodatnih maziva<\/p>\n<\/li>\n<li data-start=\"802\" data-end=\"879\">\n<p data-start=\"804\" data-end=\"879\">Elektri\u010dno izolacijski materijal (nije prikladan za visokofrekventne ili visokonaponske primjene)<\/p>\n<\/li>\n<li data-start=\"880\" data-end=\"938\">\n<p data-start=\"882\" data-end=\"938\">Jednostavna strojna obrada (rezanje, bu\u0161enje, tokarenje)<\/p>\n<\/li>\n<\/ul>\n<p data-start=\"940\" data-end=\"960\"><strong data-start=\"940\" data-end=\"960\">Tipi\u010dne primjene:<\/strong><\/p>\n<ul data-start=\"961\" data-end=\"1171\">\n<li data-start=\"961\" data-end=\"994\">\n<p data-start=\"963\" data-end=\"994\">Klizni le\u017eajevi, \u010dahure, distanceri<\/p>\n<\/li>\n<li data-start=\"995\" data-end=\"1037\">\n<p data-start=\"997\" data-end=\"1037\">Ku\u0107i\u0161ta i nosa\u010di u elektri\u010dnim ure\u0111ajima<\/p>\n<\/li>\n<li data-start=\"1038\" data-end=\"1139\">\n<p data-start=\"1040\" data-end=\"1139\">Dijelovi za strojeve i ure\u0111aje u tekstilnoj, drvno-prera\u0111iva\u010dkoj, metaloprera\u0111iva\u010dkoj i elektro industriji<\/p>\n<\/li>\n<li data-start=\"1140\" data-end=\"1171\">\n<p data-start=\"1142\" data-end=\"1171\">Izolatori za niskonaponske sustave<\/p>\n<\/li>\n<\/ul>\n<p data-start=\"1173\" data-end=\"1187\"><strong data-start=\"1173\" data-end=\"1187\">Standardi:<\/strong><\/p>\n<ul data-start=\"1188\" data-end=\"1370\">\n<li data-start=\"1188\" data-end=\"1212\">\n<p data-start=\"1190\" data-end=\"1212\"><strong data-start=\"1190\" data-end=\"1212\">DIN 7735: HGW 2088<\/strong><\/p>\n<\/li>\n<li data-start=\"1213\" data-end=\"1243\">\n<p data-start=\"1215\" data-end=\"1243\"><strong data-start=\"1215\" data-end=\"1243\">IEC 60893-3-4: PF CC 201<\/strong><\/p>\n<\/li>\n<li data-start=\"1244\" data-end=\"1260\">\n<p data-start=\"1246\" data-end=\"1260\"><strong data-start=\"1246\" data-end=\"1258\">EN 60893<\/strong><\/p>\n<\/li>\n<li data-start=\"1261\" data-end=\"1370\">\n<p data-start=\"1263\" data-end=\"1370\">Poznato i kao: <strong data-start=\"1279\" data-end=\"1292\">Tekstolit<\/strong>, <strong data-start=\"1294\" data-end=\"1316\">cotton phenolic rod<\/strong>, <strong data-start=\"1318\" data-end=\"1349\">cotton fabric laminated rod<\/strong>, <strong data-start=\"1351\" data-end=\"1370\">Bakelit cotton<\/strong><\/p>\n<\/li>\n<\/ul>\n","protected":false},"excerpt":{"rendered":"<p>Tekstolit \u0161ipke HGW 2088 izra\u0111ene su od pamu\u010dne tkanine i fenolne smole, idealne za mehani\u010dku obradu. Pru\u017eaju visoku \u010dvrsto\u0107u, dobru otpornost na habanje i izvrsna izolacijska svojstva.<\/p>\n","protected":false},"featured_media":698,"template":"","meta":{"_acf_changed":false},"product_brand":[],"product_cat":[290],"product_tag":[],"class_list":{"0":"post-3347","1":"product","2":"type-product","3":"status-publish","4":"has-post-thumbnail","6":"product_cat-tekstolit","8":"first","9":"outofstock","10":"taxable","11":"shipping-taxable","12":"purchasable","13":"product-type-simple"},"acf":[],"yoast_head":"<!-- This site is optimized with the Yoast SEO plugin v26.9 - https:\/\/yoast.com\/product\/yoast-seo-wordpress\/ -->\n<title>TEKSTOLIT palice - MS Viscom<\/title>\n<meta name=\"robots\" content=\"index, follow, max-snippet:-1, max-image-preview:large, max-video-preview:-1\" \/>\n<link rel=\"canonical\" href=\"https:\/\/www.ms-viscom.com\/hr\/izdelek\/tekstolit-palice\/\" \/>\n<meta property=\"og:locale\" content=\"hr_HR\" \/>\n<meta property=\"og:type\" content=\"article\" \/>\n<meta property=\"og:title\" content=\"TEKSTOLIT palice - MS Viscom\" \/>\n<meta property=\"og:description\" content=\"Tekstolit \u0161ipke HGW 2088 izra\u0111ene su od pamu\u010dne tkanine i fenolne smole, idealne za mehani\u010dku obradu. Pru\u017eaju visoku \u010dvrsto\u0107u, dobru otpornost na habanje i izvrsna izolacijska svojstva.\" \/>\n<meta property=\"og:url\" content=\"https:\/\/www.ms-viscom.com\/hr\/izdelek\/tekstolit-palice\/\" \/>\n<meta property=\"og:site_name\" content=\"MS Viscom\" \/>\n<meta property=\"article:modified_time\" content=\"2025-11-17T07:36:27+00:00\" \/>\n<meta name=\"twitter:card\" content=\"summary_large_image\" \/>\n<meta name=\"twitter:label1\" content=\"Procijenjeno vrijeme \u010ditanja\" \/>\n\t<meta name=\"twitter:data1\" content=\"1 minuta\" \/>\n<script type=\"application\/ld+json\" class=\"yoast-schema-graph\">{\"@context\":\"https:\/\/schema.org\",\"@graph\":[{\"@type\":\"WebPage\",\"@id\":\"https:\/\/www.ms-viscom.com\/hr\/izdelek\/tekstolit-palice\/\",\"url\":\"https:\/\/www.ms-viscom.com\/hr\/izdelek\/tekstolit-palice\/\",\"name\":\"TEKSTOLIT palice - MS Viscom\",\"isPartOf\":{\"@id\":\"https:\/\/www.ms-viscom.com\/hr\/#website\"},\"primaryImageOfPage\":{\"@id\":\"https:\/\/www.ms-viscom.com\/hr\/izdelek\/tekstolit-palice\/#primaryimage\"},\"image\":{\"@id\":\"https:\/\/www.ms-viscom.com\/hr\/izdelek\/tekstolit-palice\/#primaryimage\"},\"thumbnailUrl\":\"https:\/\/www.ms-viscom.com\/wp-content\/uploads\/2025\/07\/Tekstolit_palice_Hgw2088_PFCC42_r.jpg\",\"datePublished\":\"2025-07-21T08:03:36+00:00\",\"dateModified\":\"2025-11-17T07:36:27+00:00\",\"breadcrumb\":{\"@id\":\"https:\/\/www.ms-viscom.com\/hr\/izdelek\/tekstolit-palice\/#breadcrumb\"},\"inLanguage\":\"hr\",\"potentialAction\":[{\"@type\":\"ReadAction\",\"target\":[\"https:\/\/www.ms-viscom.com\/hr\/izdelek\/tekstolit-palice\/\"]}]},{\"@type\":\"ImageObject\",\"inLanguage\":\"hr\",\"@id\":\"https:\/\/www.ms-viscom.com\/hr\/izdelek\/tekstolit-palice\/#primaryimage\",\"url\":\"https:\/\/www.ms-viscom.com\/wp-content\/uploads\/2025\/07\/Tekstolit_palice_Hgw2088_PFCC42_r.jpg\",\"contentUrl\":\"https:\/\/www.ms-viscom.com\/wp-content\/uploads\/2025\/07\/Tekstolit_palice_Hgw2088_PFCC42_r.jpg\",\"width\":800,\"height\":600},{\"@type\":\"BreadcrumbList\",\"@id\":\"https:\/\/www.ms-viscom.com\/hr\/izdelek\/tekstolit-palice\/#breadcrumb\",\"itemListElement\":[{\"@type\":\"ListItem\",\"position\":1,\"name\":\"Domov\",\"item\":\"https:\/\/www.ms-viscom.com\/hr\/\"},{\"@type\":\"ListItem\",\"position\":2,\"name\":\"Trgovina\",\"item\":\"https:\/\/www.ms-viscom.com\/hr\/trgovina\/\"},{\"@type\":\"ListItem\",\"position\":3,\"name\":\"TEKSTOLIT palice\"}]},{\"@type\":\"WebSite\",\"@id\":\"https:\/\/www.ms-viscom.com\/hr\/#website\",\"url\":\"https:\/\/www.ms-viscom.com\/hr\/\",\"name\":\"MS Viscom\",\"description\":\"\",\"potentialAction\":[{\"@type\":\"SearchAction\",\"target\":{\"@type\":\"EntryPoint\",\"urlTemplate\":\"https:\/\/www.ms-viscom.com\/hr\/?s={search_term_string}\"},\"query-input\":{\"@type\":\"PropertyValueSpecification\",\"valueRequired\":true,\"valueName\":\"search_term_string\"}}],\"inLanguage\":\"hr\"}]}<\/script>\n<!-- \/ Yoast SEO plugin. -->","yoast_head_json":{"title":"TEKSTOLIT palice - MS Viscom","robots":{"index":"index","follow":"follow","max-snippet":"max-snippet:-1","max-image-preview":"max-image-preview:large","max-video-preview":"max-video-preview:-1"},"canonical":"https:\/\/www.ms-viscom.com\/hr\/izdelek\/tekstolit-palice\/","og_locale":"hr_HR","og_type":"article","og_title":"TEKSTOLIT palice - MS Viscom","og_description":"Tekstolit \u0161ipke HGW 2088 izra\u0111ene su od pamu\u010dne tkanine i fenolne smole, idealne za mehani\u010dku obradu. Pru\u017eaju visoku \u010dvrsto\u0107u, dobru otpornost na habanje i izvrsna izolacijska svojstva.","og_url":"https:\/\/www.ms-viscom.com\/hr\/izdelek\/tekstolit-palice\/","og_site_name":"MS Viscom","article_modified_time":"2025-11-17T07:36:27+00:00","twitter_card":"summary_large_image","twitter_misc":{"Procijenjeno vrijeme \u010ditanja":"1 minuta"},"schema":{"@context":"https:\/\/schema.org","@graph":[{"@type":"WebPage","@id":"https:\/\/www.ms-viscom.com\/hr\/izdelek\/tekstolit-palice\/","url":"https:\/\/www.ms-viscom.com\/hr\/izdelek\/tekstolit-palice\/","name":"TEKSTOLIT palice - MS Viscom","isPartOf":{"@id":"https:\/\/www.ms-viscom.com\/hr\/#website"},"primaryImageOfPage":{"@id":"https:\/\/www.ms-viscom.com\/hr\/izdelek\/tekstolit-palice\/#primaryimage"},"image":{"@id":"https:\/\/www.ms-viscom.com\/hr\/izdelek\/tekstolit-palice\/#primaryimage"},"thumbnailUrl":"https:\/\/www.ms-viscom.com\/wp-content\/uploads\/2025\/07\/Tekstolit_palice_Hgw2088_PFCC42_r.jpg","datePublished":"2025-07-21T08:03:36+00:00","dateModified":"2025-11-17T07:36:27+00:00","breadcrumb":{"@id":"https:\/\/www.ms-viscom.com\/hr\/izdelek\/tekstolit-palice\/#breadcrumb"},"inLanguage":"hr","potentialAction":[{"@type":"ReadAction","target":["https:\/\/www.ms-viscom.com\/hr\/izdelek\/tekstolit-palice\/"]}]},{"@type":"ImageObject","inLanguage":"hr","@id":"https:\/\/www.ms-viscom.com\/hr\/izdelek\/tekstolit-palice\/#primaryimage","url":"https:\/\/www.ms-viscom.com\/wp-content\/uploads\/2025\/07\/Tekstolit_palice_Hgw2088_PFCC42_r.jpg","contentUrl":"https:\/\/www.ms-viscom.com\/wp-content\/uploads\/2025\/07\/Tekstolit_palice_Hgw2088_PFCC42_r.jpg","width":800,"height":600},{"@type":"BreadcrumbList","@id":"https:\/\/www.ms-viscom.com\/hr\/izdelek\/tekstolit-palice\/#breadcrumb","itemListElement":[{"@type":"ListItem","position":1,"name":"Domov","item":"https:\/\/www.ms-viscom.com\/hr\/"},{"@type":"ListItem","position":2,"name":"Trgovina","item":"https:\/\/www.ms-viscom.com\/hr\/trgovina\/"},{"@type":"ListItem","position":3,"name":"TEKSTOLIT palice"}]},{"@type":"WebSite","@id":"https:\/\/www.ms-viscom.com\/hr\/#website","url":"https:\/\/www.ms-viscom.com\/hr\/","name":"MS Viscom","description":"","potentialAction":[{"@type":"SearchAction","target":{"@type":"EntryPoint","urlTemplate":"https:\/\/www.ms-viscom.com\/hr\/?s={search_term_string}"},"query-input":{"@type":"PropertyValueSpecification","valueRequired":true,"valueName":"search_term_string"}}],"inLanguage":"hr"}]}},"_links":{"self":[{"href":"https:\/\/www.ms-viscom.com\/hr\/wp-json\/wp\/v2\/product\/3347","targetHints":{"allow":["GET"]}}],"collection":[{"href":"https:\/\/www.ms-viscom.com\/hr\/wp-json\/wp\/v2\/product"}],"about":[{"href":"https:\/\/www.ms-viscom.com\/hr\/wp-json\/wp\/v2\/types\/product"}],"wp:featuredmedia":[{"embeddable":true,"href":"https:\/\/www.ms-viscom.com\/hr\/wp-json\/wp\/v2\/media\/698"}],"wp:attachment":[{"href":"https:\/\/www.ms-viscom.com\/hr\/wp-json\/wp\/v2\/media?parent=3347"}],"wp:term":[{"taxonomy":"product_brand","embeddable":true,"href":"https:\/\/www.ms-viscom.com\/hr\/wp-json\/wp\/v2\/product_brand?post=3347"},{"taxonomy":"product_cat","embeddable":true,"href":"https:\/\/www.ms-viscom.com\/hr\/wp-json\/wp\/v2\/product_cat?post=3347"},{"taxonomy":"product_tag","embeddable":true,"href":"https:\/\/www.ms-viscom.com\/hr\/wp-json\/wp\/v2\/product_tag?post=3347"}],"curies":[{"name":"wp","href":"https:\/\/api.w.org\/{rel}","templated":true}]}}