{"id":3309,"date":"2025-07-21T09:02:39","date_gmt":"2025-07-21T08:02:39","guid":{"rendered":"https:\/\/www.ms-viscom.com\/izdelek\/ljetna-kuhinja-element-s-vanjskim-hladnjakom\/"},"modified":"2025-11-17T08:36:14","modified_gmt":"2025-11-17T07:36:14","slug":"ljetna-kuhinja-element-s-vanjskim-hladnjakom","status":"publish","type":"product","link":"https:\/\/www.ms-viscom.com\/hr\/izdelek\/ljetna-kuhinja-element-s-vanjskim-hladnjakom\/","title":{"rendered":"Ljetna kuhinja \u2013 Element s vanjskim hladnjakom"},"content":{"rendered":"<p>Svi elementi ljetne kuhinje su potpuno kompatibilni i mogu se slobodno me\u0111usobno kombinirati;<\/p>\n<p>Svi dijelovi izra\u0111eni su od nehr\u0111aju\u0107eg \u010delika;<\/p>\n<p>Gornja radna plo\u010da od porculana debljine 15 mm, dekor talijanskog mramora, otporna na vanjske uvjete i jednostavna za \u010di\u0161\u0107enje;<\/p>\n<p>Podesive nogice od nehr\u0111aju\u0107eg \u010delika;<\/p>\n<p>Dimenzije hladnjaka \u0160*D*V: 581 x 595 x 820 mm;&nbsp;<\/p>\n<p>Kapacitet: 150 l;&nbsp;<\/p>\n<p>Materijal: nehr\u0111aju\u0107i \u010delik SS 304;&nbsp;<\/p>\n<p>3 police;&nbsp;<\/p>\n<p>Kompresorsko hla\u0111enje \u2013 LG kompresor;&nbsp;<\/p>\n<p>Vrsta rashladnog sredstva: R600;&nbsp;<\/p>\n<p>Vrata \u2013 troslojno staklo s UV za\u0161titom;&nbsp;<\/p>\n<p>Unutarnja LED rasvjeta.<\/p>\n","protected":false},"excerpt":{"rendered":"<p>Element s vanjskim hladnjakom, antracit, 636 x 634 mm, visina 935 mm<\/p>\n","protected":false},"featured_media":581,"template":"","meta":{"_acf_changed":false},"product_brand":[],"product_cat":[166,168],"product_tag":[],"class_list":{"0":"post-3309","1":"product","2":"type-product","3":"status-publish","4":"has-post-thumbnail","6":"product_cat-bellano-vanjske-kuhinje","7":"product_cat-modularne-vanjske-kuhinje","9":"first","10":"instock","11":"taxable","12":"shipping-taxable","13":"purchasable","14":"product-type-simple"},"acf":[],"yoast_head":"<!-- This site is optimized with the Yoast SEO plugin v26.9 - https:\/\/yoast.com\/product\/yoast-seo-wordpress\/ -->\n<title>Ljetna kuhinja \u2013 Element s vanjskim hladnjakom - MS Viscom<\/title>\n<meta name=\"robots\" content=\"index, follow, max-snippet:-1, max-image-preview:large, max-video-preview:-1\" \/>\n<link rel=\"canonical\" href=\"https:\/\/www.ms-viscom.com\/hr\/izdelek\/ljetna-kuhinja-element-s-vanjskim-hladnjakom\/\" \/>\n<meta property=\"og:locale\" content=\"hr_HR\" \/>\n<meta property=\"og:type\" content=\"article\" \/>\n<meta property=\"og:title\" content=\"Ljetna kuhinja \u2013 Element s vanjskim hladnjakom - MS Viscom\" \/>\n<meta property=\"og:description\" content=\"Element s vanjskim hladnjakom, antracit, 636 x 634 mm, visina 935 mm\" \/>\n<meta property=\"og:url\" content=\"https:\/\/www.ms-viscom.com\/hr\/izdelek\/ljetna-kuhinja-element-s-vanjskim-hladnjakom\/\" \/>\n<meta property=\"og:site_name\" content=\"MS Viscom\" \/>\n<meta property=\"article:modified_time\" content=\"2025-11-17T07:36:14+00:00\" \/>\n<meta name=\"twitter:card\" content=\"summary_large_image\" \/>\n<script type=\"application\/ld+json\" class=\"yoast-schema-graph\">{\"@context\":\"https:\/\/schema.org\",\"@graph\":[{\"@type\":\"WebPage\",\"@id\":\"https:\/\/www.ms-viscom.com\/hr\/izdelek\/ljetna-kuhinja-element-s-vanjskim-hladnjakom\/\",\"url\":\"https:\/\/www.ms-viscom.com\/hr\/izdelek\/ljetna-kuhinja-element-s-vanjskim-hladnjakom\/\",\"name\":\"Ljetna kuhinja \u2013 Element s vanjskim hladnjakom - MS Viscom\",\"isPartOf\":{\"@id\":\"https:\/\/www.ms-viscom.com\/hr\/#website\"},\"primaryImageOfPage\":{\"@id\":\"https:\/\/www.ms-viscom.com\/hr\/izdelek\/ljetna-kuhinja-element-s-vanjskim-hladnjakom\/#primaryimage\"},\"image\":{\"@id\":\"https:\/\/www.ms-viscom.com\/hr\/izdelek\/ljetna-kuhinja-element-s-vanjskim-hladnjakom\/#primaryimage\"},\"thumbnailUrl\":\"https:\/\/www.ms-viscom.com\/wp-content\/uploads\/2025\/07\/01_letna_kuhinja_element_z_zunanjim_hladilnikom_ms_viscom.jpg\",\"datePublished\":\"2025-07-21T08:02:39+00:00\",\"dateModified\":\"2025-11-17T07:36:14+00:00\",\"breadcrumb\":{\"@id\":\"https:\/\/www.ms-viscom.com\/hr\/izdelek\/ljetna-kuhinja-element-s-vanjskim-hladnjakom\/#breadcrumb\"},\"inLanguage\":\"hr\",\"potentialAction\":[{\"@type\":\"ReadAction\",\"target\":[\"https:\/\/www.ms-viscom.com\/hr\/izdelek\/ljetna-kuhinja-element-s-vanjskim-hladnjakom\/\"]}]},{\"@type\":\"ImageObject\",\"inLanguage\":\"hr\",\"@id\":\"https:\/\/www.ms-viscom.com\/hr\/izdelek\/ljetna-kuhinja-element-s-vanjskim-hladnjakom\/#primaryimage\",\"url\":\"https:\/\/www.ms-viscom.com\/wp-content\/uploads\/2025\/07\/01_letna_kuhinja_element_z_zunanjim_hladilnikom_ms_viscom.jpg\",\"contentUrl\":\"https:\/\/www.ms-viscom.com\/wp-content\/uploads\/2025\/07\/01_letna_kuhinja_element_z_zunanjim_hladilnikom_ms_viscom.jpg\",\"width\":800,\"height\":600},{\"@type\":\"BreadcrumbList\",\"@id\":\"https:\/\/www.ms-viscom.com\/hr\/izdelek\/ljetna-kuhinja-element-s-vanjskim-hladnjakom\/#breadcrumb\",\"itemListElement\":[{\"@type\":\"ListItem\",\"position\":1,\"name\":\"Domov\",\"item\":\"https:\/\/www.ms-viscom.com\/hr\/\"},{\"@type\":\"ListItem\",\"position\":2,\"name\":\"Trgovina\",\"item\":\"https:\/\/www.ms-viscom.com\/hr\/trgovina\/\"},{\"@type\":\"ListItem\",\"position\":3,\"name\":\"Ljetna kuhinja \u2013 Element s vanjskim hladnjakom\"}]},{\"@type\":\"WebSite\",\"@id\":\"https:\/\/www.ms-viscom.com\/hr\/#website\",\"url\":\"https:\/\/www.ms-viscom.com\/hr\/\",\"name\":\"MS Viscom\",\"description\":\"\",\"potentialAction\":[{\"@type\":\"SearchAction\",\"target\":{\"@type\":\"EntryPoint\",\"urlTemplate\":\"https:\/\/www.ms-viscom.com\/hr\/?s={search_term_string}\"},\"query-input\":{\"@type\":\"PropertyValueSpecification\",\"valueRequired\":true,\"valueName\":\"search_term_string\"}}],\"inLanguage\":\"hr\"}]}<\/script>\n<!-- \/ Yoast SEO plugin. -->","yoast_head_json":{"title":"Ljetna kuhinja \u2013 Element s vanjskim hladnjakom - MS Viscom","robots":{"index":"index","follow":"follow","max-snippet":"max-snippet:-1","max-image-preview":"max-image-preview:large","max-video-preview":"max-video-preview:-1"},"canonical":"https:\/\/www.ms-viscom.com\/hr\/izdelek\/ljetna-kuhinja-element-s-vanjskim-hladnjakom\/","og_locale":"hr_HR","og_type":"article","og_title":"Ljetna kuhinja \u2013 Element s vanjskim hladnjakom - MS Viscom","og_description":"Element s vanjskim hladnjakom, antracit, 636 x 634 mm, visina 935 mm","og_url":"https:\/\/www.ms-viscom.com\/hr\/izdelek\/ljetna-kuhinja-element-s-vanjskim-hladnjakom\/","og_site_name":"MS Viscom","article_modified_time":"2025-11-17T07:36:14+00:00","twitter_card":"summary_large_image","schema":{"@context":"https:\/\/schema.org","@graph":[{"@type":"WebPage","@id":"https:\/\/www.ms-viscom.com\/hr\/izdelek\/ljetna-kuhinja-element-s-vanjskim-hladnjakom\/","url":"https:\/\/www.ms-viscom.com\/hr\/izdelek\/ljetna-kuhinja-element-s-vanjskim-hladnjakom\/","name":"Ljetna kuhinja \u2013 Element s vanjskim hladnjakom - MS Viscom","isPartOf":{"@id":"https:\/\/www.ms-viscom.com\/hr\/#website"},"primaryImageOfPage":{"@id":"https:\/\/www.ms-viscom.com\/hr\/izdelek\/ljetna-kuhinja-element-s-vanjskim-hladnjakom\/#primaryimage"},"image":{"@id":"https:\/\/www.ms-viscom.com\/hr\/izdelek\/ljetna-kuhinja-element-s-vanjskim-hladnjakom\/#primaryimage"},"thumbnailUrl":"https:\/\/www.ms-viscom.com\/wp-content\/uploads\/2025\/07\/01_letna_kuhinja_element_z_zunanjim_hladilnikom_ms_viscom.jpg","datePublished":"2025-07-21T08:02:39+00:00","dateModified":"2025-11-17T07:36:14+00:00","breadcrumb":{"@id":"https:\/\/www.ms-viscom.com\/hr\/izdelek\/ljetna-kuhinja-element-s-vanjskim-hladnjakom\/#breadcrumb"},"inLanguage":"hr","potentialAction":[{"@type":"ReadAction","target":["https:\/\/www.ms-viscom.com\/hr\/izdelek\/ljetna-kuhinja-element-s-vanjskim-hladnjakom\/"]}]},{"@type":"ImageObject","inLanguage":"hr","@id":"https:\/\/www.ms-viscom.com\/hr\/izdelek\/ljetna-kuhinja-element-s-vanjskim-hladnjakom\/#primaryimage","url":"https:\/\/www.ms-viscom.com\/wp-content\/uploads\/2025\/07\/01_letna_kuhinja_element_z_zunanjim_hladilnikom_ms_viscom.jpg","contentUrl":"https:\/\/www.ms-viscom.com\/wp-content\/uploads\/2025\/07\/01_letna_kuhinja_element_z_zunanjim_hladilnikom_ms_viscom.jpg","width":800,"height":600},{"@type":"BreadcrumbList","@id":"https:\/\/www.ms-viscom.com\/hr\/izdelek\/ljetna-kuhinja-element-s-vanjskim-hladnjakom\/#breadcrumb","itemListElement":[{"@type":"ListItem","position":1,"name":"Domov","item":"https:\/\/www.ms-viscom.com\/hr\/"},{"@type":"ListItem","position":2,"name":"Trgovina","item":"https:\/\/www.ms-viscom.com\/hr\/trgovina\/"},{"@type":"ListItem","position":3,"name":"Ljetna kuhinja \u2013 Element s vanjskim hladnjakom"}]},{"@type":"WebSite","@id":"https:\/\/www.ms-viscom.com\/hr\/#website","url":"https:\/\/www.ms-viscom.com\/hr\/","name":"MS Viscom","description":"","potentialAction":[{"@type":"SearchAction","target":{"@type":"EntryPoint","urlTemplate":"https:\/\/www.ms-viscom.com\/hr\/?s={search_term_string}"},"query-input":{"@type":"PropertyValueSpecification","valueRequired":true,"valueName":"search_term_string"}}],"inLanguage":"hr"}]}},"_links":{"self":[{"href":"https:\/\/www.ms-viscom.com\/hr\/wp-json\/wp\/v2\/product\/3309","targetHints":{"allow":["GET"]}}],"collection":[{"href":"https:\/\/www.ms-viscom.com\/hr\/wp-json\/wp\/v2\/product"}],"about":[{"href":"https:\/\/www.ms-viscom.com\/hr\/wp-json\/wp\/v2\/types\/product"}],"wp:featuredmedia":[{"embeddable":true,"href":"https:\/\/www.ms-viscom.com\/hr\/wp-json\/wp\/v2\/media\/581"}],"wp:attachment":[{"href":"https:\/\/www.ms-viscom.com\/hr\/wp-json\/wp\/v2\/media?parent=3309"}],"wp:term":[{"taxonomy":"product_brand","embeddable":true,"href":"https:\/\/www.ms-viscom.com\/hr\/wp-json\/wp\/v2\/product_brand?post=3309"},{"taxonomy":"product_cat","embeddable":true,"href":"https:\/\/www.ms-viscom.com\/hr\/wp-json\/wp\/v2\/product_cat?post=3309"},{"taxonomy":"product_tag","embeddable":true,"href":"https:\/\/www.ms-viscom.com\/hr\/wp-json\/wp\/v2\/product_tag?post=3309"}],"curies":[{"name":"wp","href":"https:\/\/api.w.org\/{rel}","templated":true}]}}