{"id":3301,"date":"2025-07-21T09:02:27","date_gmt":"2025-07-21T08:02:27","guid":{"rendered":"https:\/\/www.ms-viscom.com\/izdelek\/plinska-pec-za-pizzu-za-uporabu-u-de-at-ch-s-tlakom-plina-50-mbar\/"},"modified":"2025-11-17T08:36:12","modified_gmt":"2025-11-17T07:36:12","slug":"plinska-pec-za-pizzu-za-uporabu-u-de-at-ch-s-tlakom-plina-50-mbar","status":"publish","type":"product","link":"https:\/\/www.ms-viscom.com\/hr\/izdelek\/plinska-pec-za-pizzu-za-uporabu-u-de-at-ch-s-tlakom-plina-50-mbar\/","title":{"rendered":"Plinska pe\u0107 za pizzu (za uporabu u DE, AT, CH s tlakom plina 50 mbar)"},"content":{"rendered":"<p>Plinska pe\u0107 za pizzu, dizajnirana za pe\u010denje pizza na kamenu te ukusnih odrezaka, ribe, povr\u0107a itd.<\/p>\n<p>Elegantna i kompaktna, s velikim prostorom za kuhanje za 16-in\u010dnu\/40 cm pizzu.<\/p>\n<p>Posebna vrata s prozorom \u2013 pe\u0107 se br\u017ee zagrijava i omogu\u0107uje jednostavan pregled hrane unutra.<\/p>\n<p>Bolja kontrola: Integrirani termometar prikazuje unutarnju temperaturu pe\u0107nice.<\/p>\n<p>Kreativan sustav raspodjele topline.<\/p>\n<p>&nbsp;<\/p>\n<p>Zna\u010dajke:<\/p>\n<p>&nbsp;<\/p>\n<p>Materijal: Nehr\u0111aju\u0107i \u010delik + \u017eeljezna plo\u010da \u2013 plastificirana;<\/p>\n<p>BTU 19448 (5,7 kW);<\/p>\n<p>Piezo paljenje;<\/p>\n<p>Tlak plina: 50 mbar;<\/p>\n<p>Povr\u0161ina za kuhanje: 414 x 405 mm;<\/p>\n<p>Posebna vrata s prozorom i integriranim termometrom;<\/p>\n<p>Pe\u0107 za pizzu mo\u017ee se zagrijati do 500\u00b0C;<\/p>\n<p>Preklopne noge za jednostavno spremanje;<\/p>\n<p>Dodaci: kamen za pizzu, lopatica za pizzu od eloksiranog aluminija (30 cm \u0161iroka lopatica + 40 cm duga ru\u010dka), torba za no\u0161enje;<\/p>\n<p>Dimenzije proizvoda (\u0160 x D x V): 49,5 x 76 x 37,3 cm;<\/p>\n<p>Paket: 722 x 525 x 360 mm;<\/p>\n<p>Neto te\u017eina: 16,3 kg;<\/p>\n<p>Bruto te\u017eina: 19,1 kg.<\/p>\n","protected":false},"excerpt":{"rendered":"<p>Plinska pe\u0107 za pizzu, dizajnirana za pe\u010denje pizza na kamenu te ukusnih odrezaka, ribe, povr\u0107a itd. Elegantna i kompaktna, s velikim prostorom za kuhanje za 16-in\u010dnu\/40 cm pizzu. Posebna vrata s prozorom \u2013 pe\u0107 se br\u017ee zagrijava i omogu\u0107uje jednostavan pregled hrane unutra. Bolja kontrola: Integrirani termometar prikazuje unutarnju temperaturu pe\u0107nice. Kreativan sustav raspodjele topline. [&#8230;]\n","protected":false},"featured_media":556,"template":"","meta":{"_acf_changed":false},"product_brand":[],"product_cat":[166,168],"product_tag":[],"class_list":{"0":"post-3301","1":"product","2":"type-product","3":"status-publish","4":"has-post-thumbnail","6":"product_cat-bellano-vanjske-kuhinje","7":"product_cat-modularne-vanjske-kuhinje","9":"first","10":"instock","11":"taxable","12":"shipping-taxable","13":"purchasable","14":"product-type-simple"},"acf":[],"yoast_head":"<!-- This site is optimized with the Yoast SEO plugin v26.9 - https:\/\/yoast.com\/product\/yoast-seo-wordpress\/ -->\n<title>Plinska pe\u0107 za pizzu (za uporabu u DE, AT, CH s tlakom plina 50 mbar) - MS Viscom<\/title>\n<meta name=\"robots\" content=\"index, follow, max-snippet:-1, max-image-preview:large, max-video-preview:-1\" \/>\n<link rel=\"canonical\" href=\"https:\/\/www.ms-viscom.com\/hr\/izdelek\/plinska-pec-za-pizzu-za-uporabu-u-de-at-ch-s-tlakom-plina-50-mbar\/\" \/>\n<meta property=\"og:locale\" content=\"hr_HR\" \/>\n<meta property=\"og:type\" content=\"article\" \/>\n<meta property=\"og:title\" content=\"Plinska pe\u0107 za pizzu (za uporabu u DE, AT, CH s tlakom plina 50 mbar) - MS Viscom\" \/>\n<meta property=\"og:description\" content=\"Plinska pe\u0107 za pizzu, dizajnirana za pe\u010denje pizza na kamenu te ukusnih odrezaka, ribe, povr\u0107a itd. Elegantna i kompaktna, s velikim prostorom za kuhanje za 16-in\u010dnu\/40 cm pizzu. Posebna vrata s prozorom \u2013 pe\u0107 se br\u017ee zagrijava i omogu\u0107uje jednostavan pregled hrane unutra. Bolja kontrola: Integrirani termometar prikazuje unutarnju temperaturu pe\u0107nice. Kreativan sustav raspodjele topline. [...]\" \/>\n<meta property=\"og:url\" content=\"https:\/\/www.ms-viscom.com\/hr\/izdelek\/plinska-pec-za-pizzu-za-uporabu-u-de-at-ch-s-tlakom-plina-50-mbar\/\" \/>\n<meta property=\"og:site_name\" content=\"MS Viscom\" \/>\n<meta property=\"article:modified_time\" content=\"2025-11-17T07:36:12+00:00\" \/>\n<meta name=\"twitter:card\" content=\"summary_large_image\" \/>\n<meta name=\"twitter:label1\" content=\"Procijenjeno vrijeme \u010ditanja\" \/>\n\t<meta name=\"twitter:data1\" content=\"1 minuta\" \/>\n<script type=\"application\/ld+json\" class=\"yoast-schema-graph\">{\"@context\":\"https:\/\/schema.org\",\"@graph\":[{\"@type\":\"WebPage\",\"@id\":\"https:\/\/www.ms-viscom.com\/hr\/izdelek\/plinska-pec-za-pizzu-za-uporabu-u-de-at-ch-s-tlakom-plina-50-mbar\/\",\"url\":\"https:\/\/www.ms-viscom.com\/hr\/izdelek\/plinska-pec-za-pizzu-za-uporabu-u-de-at-ch-s-tlakom-plina-50-mbar\/\",\"name\":\"Plinska pe\u0107 za pizzu (za uporabu u DE, AT, CH s tlakom plina 50 mbar) - MS Viscom\",\"isPartOf\":{\"@id\":\"https:\/\/www.ms-viscom.com\/hr\/#website\"},\"primaryImageOfPage\":{\"@id\":\"https:\/\/www.ms-viscom.com\/hr\/izdelek\/plinska-pec-za-pizzu-za-uporabu-u-de-at-ch-s-tlakom-plina-50-mbar\/#primaryimage\"},\"image\":{\"@id\":\"https:\/\/www.ms-viscom.com\/hr\/izdelek\/plinska-pec-za-pizzu-za-uporabu-u-de-at-ch-s-tlakom-plina-50-mbar\/#primaryimage\"},\"thumbnailUrl\":\"https:\/\/www.ms-viscom.com\/wp-content\/uploads\/2025\/07\/01-Plinska20pica20pec.jpg\",\"datePublished\":\"2025-07-21T08:02:27+00:00\",\"dateModified\":\"2025-11-17T07:36:12+00:00\",\"breadcrumb\":{\"@id\":\"https:\/\/www.ms-viscom.com\/hr\/izdelek\/plinska-pec-za-pizzu-za-uporabu-u-de-at-ch-s-tlakom-plina-50-mbar\/#breadcrumb\"},\"inLanguage\":\"hr\",\"potentialAction\":[{\"@type\":\"ReadAction\",\"target\":[\"https:\/\/www.ms-viscom.com\/hr\/izdelek\/plinska-pec-za-pizzu-za-uporabu-u-de-at-ch-s-tlakom-plina-50-mbar\/\"]}]},{\"@type\":\"ImageObject\",\"inLanguage\":\"hr\",\"@id\":\"https:\/\/www.ms-viscom.com\/hr\/izdelek\/plinska-pec-za-pizzu-za-uporabu-u-de-at-ch-s-tlakom-plina-50-mbar\/#primaryimage\",\"url\":\"https:\/\/www.ms-viscom.com\/wp-content\/uploads\/2025\/07\/01-Plinska20pica20pec.jpg\",\"contentUrl\":\"https:\/\/www.ms-viscom.com\/wp-content\/uploads\/2025\/07\/01-Plinska20pica20pec.jpg\",\"width\":800,\"height\":600},{\"@type\":\"BreadcrumbList\",\"@id\":\"https:\/\/www.ms-viscom.com\/hr\/izdelek\/plinska-pec-za-pizzu-za-uporabu-u-de-at-ch-s-tlakom-plina-50-mbar\/#breadcrumb\",\"itemListElement\":[{\"@type\":\"ListItem\",\"position\":1,\"name\":\"Domov\",\"item\":\"https:\/\/www.ms-viscom.com\/hr\/\"},{\"@type\":\"ListItem\",\"position\":2,\"name\":\"Trgovina\",\"item\":\"https:\/\/www.ms-viscom.com\/hr\/trgovina\/\"},{\"@type\":\"ListItem\",\"position\":3,\"name\":\"Plinska pe\u0107 za pizzu (za uporabu u DE, AT, CH s tlakom plina 50 mbar)\"}]},{\"@type\":\"WebSite\",\"@id\":\"https:\/\/www.ms-viscom.com\/hr\/#website\",\"url\":\"https:\/\/www.ms-viscom.com\/hr\/\",\"name\":\"MS Viscom\",\"description\":\"\",\"potentialAction\":[{\"@type\":\"SearchAction\",\"target\":{\"@type\":\"EntryPoint\",\"urlTemplate\":\"https:\/\/www.ms-viscom.com\/hr\/?s={search_term_string}\"},\"query-input\":{\"@type\":\"PropertyValueSpecification\",\"valueRequired\":true,\"valueName\":\"search_term_string\"}}],\"inLanguage\":\"hr\"}]}<\/script>\n<!-- \/ Yoast SEO plugin. -->","yoast_head_json":{"title":"Plinska pe\u0107 za pizzu (za uporabu u DE, AT, CH s tlakom plina 50 mbar) - MS Viscom","robots":{"index":"index","follow":"follow","max-snippet":"max-snippet:-1","max-image-preview":"max-image-preview:large","max-video-preview":"max-video-preview:-1"},"canonical":"https:\/\/www.ms-viscom.com\/hr\/izdelek\/plinska-pec-za-pizzu-za-uporabu-u-de-at-ch-s-tlakom-plina-50-mbar\/","og_locale":"hr_HR","og_type":"article","og_title":"Plinska pe\u0107 za pizzu (za uporabu u DE, AT, CH s tlakom plina 50 mbar) - MS Viscom","og_description":"Plinska pe\u0107 za pizzu, dizajnirana za pe\u010denje pizza na kamenu te ukusnih odrezaka, ribe, povr\u0107a itd. Elegantna i kompaktna, s velikim prostorom za kuhanje za 16-in\u010dnu\/40 cm pizzu. Posebna vrata s prozorom \u2013 pe\u0107 se br\u017ee zagrijava i omogu\u0107uje jednostavan pregled hrane unutra. Bolja kontrola: Integrirani termometar prikazuje unutarnju temperaturu pe\u0107nice. Kreativan sustav raspodjele topline. [...]","og_url":"https:\/\/www.ms-viscom.com\/hr\/izdelek\/plinska-pec-za-pizzu-za-uporabu-u-de-at-ch-s-tlakom-plina-50-mbar\/","og_site_name":"MS Viscom","article_modified_time":"2025-11-17T07:36:12+00:00","twitter_card":"summary_large_image","twitter_misc":{"Procijenjeno vrijeme \u010ditanja":"1 minuta"},"schema":{"@context":"https:\/\/schema.org","@graph":[{"@type":"WebPage","@id":"https:\/\/www.ms-viscom.com\/hr\/izdelek\/plinska-pec-za-pizzu-za-uporabu-u-de-at-ch-s-tlakom-plina-50-mbar\/","url":"https:\/\/www.ms-viscom.com\/hr\/izdelek\/plinska-pec-za-pizzu-za-uporabu-u-de-at-ch-s-tlakom-plina-50-mbar\/","name":"Plinska pe\u0107 za pizzu (za uporabu u DE, AT, CH s tlakom plina 50 mbar) - MS Viscom","isPartOf":{"@id":"https:\/\/www.ms-viscom.com\/hr\/#website"},"primaryImageOfPage":{"@id":"https:\/\/www.ms-viscom.com\/hr\/izdelek\/plinska-pec-za-pizzu-za-uporabu-u-de-at-ch-s-tlakom-plina-50-mbar\/#primaryimage"},"image":{"@id":"https:\/\/www.ms-viscom.com\/hr\/izdelek\/plinska-pec-za-pizzu-za-uporabu-u-de-at-ch-s-tlakom-plina-50-mbar\/#primaryimage"},"thumbnailUrl":"https:\/\/www.ms-viscom.com\/wp-content\/uploads\/2025\/07\/01-Plinska20pica20pec.jpg","datePublished":"2025-07-21T08:02:27+00:00","dateModified":"2025-11-17T07:36:12+00:00","breadcrumb":{"@id":"https:\/\/www.ms-viscom.com\/hr\/izdelek\/plinska-pec-za-pizzu-za-uporabu-u-de-at-ch-s-tlakom-plina-50-mbar\/#breadcrumb"},"inLanguage":"hr","potentialAction":[{"@type":"ReadAction","target":["https:\/\/www.ms-viscom.com\/hr\/izdelek\/plinska-pec-za-pizzu-za-uporabu-u-de-at-ch-s-tlakom-plina-50-mbar\/"]}]},{"@type":"ImageObject","inLanguage":"hr","@id":"https:\/\/www.ms-viscom.com\/hr\/izdelek\/plinska-pec-za-pizzu-za-uporabu-u-de-at-ch-s-tlakom-plina-50-mbar\/#primaryimage","url":"https:\/\/www.ms-viscom.com\/wp-content\/uploads\/2025\/07\/01-Plinska20pica20pec.jpg","contentUrl":"https:\/\/www.ms-viscom.com\/wp-content\/uploads\/2025\/07\/01-Plinska20pica20pec.jpg","width":800,"height":600},{"@type":"BreadcrumbList","@id":"https:\/\/www.ms-viscom.com\/hr\/izdelek\/plinska-pec-za-pizzu-za-uporabu-u-de-at-ch-s-tlakom-plina-50-mbar\/#breadcrumb","itemListElement":[{"@type":"ListItem","position":1,"name":"Domov","item":"https:\/\/www.ms-viscom.com\/hr\/"},{"@type":"ListItem","position":2,"name":"Trgovina","item":"https:\/\/www.ms-viscom.com\/hr\/trgovina\/"},{"@type":"ListItem","position":3,"name":"Plinska pe\u0107 za pizzu (za uporabu u DE, AT, CH s tlakom plina 50 mbar)"}]},{"@type":"WebSite","@id":"https:\/\/www.ms-viscom.com\/hr\/#website","url":"https:\/\/www.ms-viscom.com\/hr\/","name":"MS Viscom","description":"","potentialAction":[{"@type":"SearchAction","target":{"@type":"EntryPoint","urlTemplate":"https:\/\/www.ms-viscom.com\/hr\/?s={search_term_string}"},"query-input":{"@type":"PropertyValueSpecification","valueRequired":true,"valueName":"search_term_string"}}],"inLanguage":"hr"}]}},"_links":{"self":[{"href":"https:\/\/www.ms-viscom.com\/hr\/wp-json\/wp\/v2\/product\/3301","targetHints":{"allow":["GET"]}}],"collection":[{"href":"https:\/\/www.ms-viscom.com\/hr\/wp-json\/wp\/v2\/product"}],"about":[{"href":"https:\/\/www.ms-viscom.com\/hr\/wp-json\/wp\/v2\/types\/product"}],"wp:featuredmedia":[{"embeddable":true,"href":"https:\/\/www.ms-viscom.com\/hr\/wp-json\/wp\/v2\/media\/556"}],"wp:attachment":[{"href":"https:\/\/www.ms-viscom.com\/hr\/wp-json\/wp\/v2\/media?parent=3301"}],"wp:term":[{"taxonomy":"product_brand","embeddable":true,"href":"https:\/\/www.ms-viscom.com\/hr\/wp-json\/wp\/v2\/product_brand?post=3301"},{"taxonomy":"product_cat","embeddable":true,"href":"https:\/\/www.ms-viscom.com\/hr\/wp-json\/wp\/v2\/product_cat?post=3301"},{"taxonomy":"product_tag","embeddable":true,"href":"https:\/\/www.ms-viscom.com\/hr\/wp-json\/wp\/v2\/product_tag?post=3301"}],"curies":[{"name":"wp","href":"https:\/\/api.w.org\/{rel}","templated":true}]}}