{"id":3300,"date":"2025-07-21T09:02:23","date_gmt":"2025-07-21T08:02:23","guid":{"rendered":"https:\/\/www.ms-viscom.com\/izdelek\/skylight-378-x-185-cm-zuta-smeda\/"},"modified":"2025-11-17T08:36:12","modified_gmt":"2025-11-17T07:36:12","slug":"skylight-378-x-185-cm-zuta-smeda","status":"publish","type":"product","link":"https:\/\/www.ms-viscom.com\/hr\/izdelek\/skylight-378-x-185-cm-zuta-smeda\/","title":{"rendered":"Skylight \u2013 378 x 185 cm \u2013 \u017euta\/sme\u0111a"},"content":{"rendered":"<p><strong>Idealna za pohranu alata za travnjak, sportsku opremu, vrtni namje\u0161taj i jo\u0161 mnogo toga<\/strong><\/p>\n<ul>\n<li>\n<p>Prakti\u010dno neuni\u0161tive i 100% UV-za\u0161ti\u0107ene polikarbonatne plo\u010de izuzetno su otporne na udarce<\/p>\n<\/li>\n<li>\n<p>Aluminijski okvir otporan na hr\u0111u osigurava izuzetno \u010dvrstu strukturu<\/p>\n<\/li>\n<li>\n<p>Jedinstveni krov koji propu\u0161ta svjetlost \u2013 propu\u0161ta blagu prirodnu sun\u010devu svjetlost, ali zadr\u017eava neprozirnu vanjsku vidljivost<\/p>\n<\/li>\n<li>\n<p>Jednostavno postavljanje s Slide N\u2019 Lock sustavom panela<\/p>\n<\/li>\n<li>\n<p>Protuklizno dno uklju\u010deno s mogu\u0107no\u0161\u0107u sidrenja<\/p>\n<\/li>\n<li>\n<p>Niska i \u0161iroka dvostruka vrata za jednostavan pristup<\/p>\n<\/li>\n<li>\n<p>Odr\u017eavanje nije potrebno \u2013 krov ne hr\u0111a, ne trune i ne lju\u0161ti se<\/p>\n<\/li>\n<li>\n<p>Brave koje se mogu zaklju\u010dati za dodatnu privatnost i sigurnost (brava nije uklju\u010dena)<\/p>\n<\/li>\n<li>\n<p>Kompaktno pakiranje \u2013 u\u010dinkovita logistika kompatibilna s kurirskim slu\u017ebama<\/p>\n<\/li>\n<li>\n<p>\u0160upu je lako premje\u0161tati<\/p>\n<\/li>\n<li>\n<p>SkyLight Shelf \u2013 polica se pri\u010dvr\u0161\u0107uje na aluminijski okvir, \u0161tedi prostor i omogu\u0107uje u\u010dinkovitu organizaciju \u0161upe<\/p>\n<\/li>\n<li>\n<p>Dostupan je set od tri police<\/p>\n<\/li>\n<\/ul>\n","protected":false},"excerpt":{"rendered":"<p>Idealna za pohranu alata za travnjak, sportsku opremu, vrtni namje\u0161taj i jo\u0161 mnogo toga Prakti\u010dno neuni\u0161tive i 100% UV-za\u0161ti\u0107ene polikarbonatne plo\u010de izuzetno su otporne na udarce Aluminijski okvir otporan na hr\u0111u osigurava izuzetno \u010dvrstu strukturu Jedinstveni krov koji propu\u0161ta svjetlost \u2013 propu\u0161ta blagu prirodnu sun\u010devu svjetlost, ali zadr\u017eava neprozirnu vanjsku vidljivost Jednostavno postavljanje s Slide [&#8230;]\n","protected":false},"featured_media":549,"template":"","meta":{"_acf_changed":false},"product_brand":[],"product_cat":[370,372],"product_tag":[],"class_list":{"0":"post-3300","1":"product","2":"type-product","3":"status-publish","4":"has-post-thumbnail","6":"product_cat-vrtne-kucice","7":"product_cat-skylight","9":"first","10":"outofstock","11":"taxable","12":"shipping-taxable","13":"purchasable","14":"product-type-simple"},"acf":[],"yoast_head":"<!-- This site is optimized with the Yoast SEO plugin v26.9 - https:\/\/yoast.com\/product\/yoast-seo-wordpress\/ -->\n<title>Skylight \u2013 378 x 185 cm \u2013 \u017euta\/sme\u0111a - MS Viscom<\/title>\n<meta name=\"robots\" content=\"index, follow, max-snippet:-1, max-image-preview:large, max-video-preview:-1\" \/>\n<link rel=\"canonical\" href=\"https:\/\/www.ms-viscom.com\/hr\/izdelek\/skylight-378-x-185-cm-zuta-smeda\/\" \/>\n<meta property=\"og:locale\" content=\"hr_HR\" \/>\n<meta property=\"og:type\" content=\"article\" \/>\n<meta property=\"og:title\" content=\"Skylight \u2013 378 x 185 cm \u2013 \u017euta\/sme\u0111a - MS Viscom\" \/>\n<meta property=\"og:description\" content=\"Idealna za pohranu alata za travnjak, sportsku opremu, vrtni namje\u0161taj i jo\u0161 mnogo toga Prakti\u010dno neuni\u0161tive i 100% UV-za\u0161ti\u0107ene polikarbonatne plo\u010de izuzetno su otporne na udarce Aluminijski okvir otporan na hr\u0111u osigurava izuzetno \u010dvrstu strukturu Jedinstveni krov koji propu\u0161ta svjetlost \u2013 propu\u0161ta blagu prirodnu sun\u010devu svjetlost, ali zadr\u017eava neprozirnu vanjsku vidljivost Jednostavno postavljanje s Slide [...]\" \/>\n<meta property=\"og:url\" content=\"https:\/\/www.ms-viscom.com\/hr\/izdelek\/skylight-378-x-185-cm-zuta-smeda\/\" \/>\n<meta property=\"og:site_name\" content=\"MS Viscom\" \/>\n<meta property=\"article:modified_time\" content=\"2025-11-17T07:36:12+00:00\" \/>\n<meta name=\"twitter:card\" content=\"summary_large_image\" \/>\n<meta name=\"twitter:label1\" content=\"Procijenjeno vrijeme \u010ditanja\" \/>\n\t<meta name=\"twitter:data1\" content=\"1 minuta\" \/>\n<script type=\"application\/ld+json\" class=\"yoast-schema-graph\">{\"@context\":\"https:\/\/schema.org\",\"@graph\":[{\"@type\":\"WebPage\",\"@id\":\"https:\/\/www.ms-viscom.com\/hr\/izdelek\/skylight-378-x-185-cm-zuta-smeda\/\",\"url\":\"https:\/\/www.ms-viscom.com\/hr\/izdelek\/skylight-378-x-185-cm-zuta-smeda\/\",\"name\":\"Skylight \u2013 378 x 185 cm \u2013 \u017euta\/sme\u0111a - MS Viscom\",\"isPartOf\":{\"@id\":\"https:\/\/www.ms-viscom.com\/hr\/#website\"},\"primaryImageOfPage\":{\"@id\":\"https:\/\/www.ms-viscom.com\/hr\/izdelek\/skylight-378-x-185-cm-zuta-smeda\/#primaryimage\"},\"image\":{\"@id\":\"https:\/\/www.ms-viscom.com\/hr\/izdelek\/skylight-378-x-185-cm-zuta-smeda\/#primaryimage\"},\"thumbnailUrl\":\"https:\/\/www.ms-viscom.com\/wp-content\/uploads\/2025\/07\/Geraetehaus_Skylight_185x378_gelb_braun_1_Palram.jpg\",\"datePublished\":\"2025-07-21T08:02:23+00:00\",\"dateModified\":\"2025-11-17T07:36:12+00:00\",\"breadcrumb\":{\"@id\":\"https:\/\/www.ms-viscom.com\/hr\/izdelek\/skylight-378-x-185-cm-zuta-smeda\/#breadcrumb\"},\"inLanguage\":\"hr\",\"potentialAction\":[{\"@type\":\"ReadAction\",\"target\":[\"https:\/\/www.ms-viscom.com\/hr\/izdelek\/skylight-378-x-185-cm-zuta-smeda\/\"]}]},{\"@type\":\"ImageObject\",\"inLanguage\":\"hr\",\"@id\":\"https:\/\/www.ms-viscom.com\/hr\/izdelek\/skylight-378-x-185-cm-zuta-smeda\/#primaryimage\",\"url\":\"https:\/\/www.ms-viscom.com\/wp-content\/uploads\/2025\/07\/Geraetehaus_Skylight_185x378_gelb_braun_1_Palram.jpg\",\"contentUrl\":\"https:\/\/www.ms-viscom.com\/wp-content\/uploads\/2025\/07\/Geraetehaus_Skylight_185x378_gelb_braun_1_Palram.jpg\",\"width\":800,\"height\":600},{\"@type\":\"BreadcrumbList\",\"@id\":\"https:\/\/www.ms-viscom.com\/hr\/izdelek\/skylight-378-x-185-cm-zuta-smeda\/#breadcrumb\",\"itemListElement\":[{\"@type\":\"ListItem\",\"position\":1,\"name\":\"Domov\",\"item\":\"https:\/\/www.ms-viscom.com\/hr\/\"},{\"@type\":\"ListItem\",\"position\":2,\"name\":\"Trgovina\",\"item\":\"https:\/\/www.ms-viscom.com\/hr\/trgovina\/\"},{\"@type\":\"ListItem\",\"position\":3,\"name\":\"Skylight \u2013 378 x 185 cm \u2013 \u017euta\/sme\u0111a\"}]},{\"@type\":\"WebSite\",\"@id\":\"https:\/\/www.ms-viscom.com\/hr\/#website\",\"url\":\"https:\/\/www.ms-viscom.com\/hr\/\",\"name\":\"MS Viscom\",\"description\":\"\",\"potentialAction\":[{\"@type\":\"SearchAction\",\"target\":{\"@type\":\"EntryPoint\",\"urlTemplate\":\"https:\/\/www.ms-viscom.com\/hr\/?s={search_term_string}\"},\"query-input\":{\"@type\":\"PropertyValueSpecification\",\"valueRequired\":true,\"valueName\":\"search_term_string\"}}],\"inLanguage\":\"hr\"}]}<\/script>\n<!-- \/ Yoast SEO plugin. -->","yoast_head_json":{"title":"Skylight \u2013 378 x 185 cm \u2013 \u017euta\/sme\u0111a - MS Viscom","robots":{"index":"index","follow":"follow","max-snippet":"max-snippet:-1","max-image-preview":"max-image-preview:large","max-video-preview":"max-video-preview:-1"},"canonical":"https:\/\/www.ms-viscom.com\/hr\/izdelek\/skylight-378-x-185-cm-zuta-smeda\/","og_locale":"hr_HR","og_type":"article","og_title":"Skylight \u2013 378 x 185 cm \u2013 \u017euta\/sme\u0111a - MS Viscom","og_description":"Idealna za pohranu alata za travnjak, sportsku opremu, vrtni namje\u0161taj i jo\u0161 mnogo toga Prakti\u010dno neuni\u0161tive i 100% UV-za\u0161ti\u0107ene polikarbonatne plo\u010de izuzetno su otporne na udarce Aluminijski okvir otporan na hr\u0111u osigurava izuzetno \u010dvrstu strukturu Jedinstveni krov koji propu\u0161ta svjetlost \u2013 propu\u0161ta blagu prirodnu sun\u010devu svjetlost, ali zadr\u017eava neprozirnu vanjsku vidljivost Jednostavno postavljanje s Slide [...]","og_url":"https:\/\/www.ms-viscom.com\/hr\/izdelek\/skylight-378-x-185-cm-zuta-smeda\/","og_site_name":"MS Viscom","article_modified_time":"2025-11-17T07:36:12+00:00","twitter_card":"summary_large_image","twitter_misc":{"Procijenjeno vrijeme \u010ditanja":"1 minuta"},"schema":{"@context":"https:\/\/schema.org","@graph":[{"@type":"WebPage","@id":"https:\/\/www.ms-viscom.com\/hr\/izdelek\/skylight-378-x-185-cm-zuta-smeda\/","url":"https:\/\/www.ms-viscom.com\/hr\/izdelek\/skylight-378-x-185-cm-zuta-smeda\/","name":"Skylight \u2013 378 x 185 cm \u2013 \u017euta\/sme\u0111a - MS Viscom","isPartOf":{"@id":"https:\/\/www.ms-viscom.com\/hr\/#website"},"primaryImageOfPage":{"@id":"https:\/\/www.ms-viscom.com\/hr\/izdelek\/skylight-378-x-185-cm-zuta-smeda\/#primaryimage"},"image":{"@id":"https:\/\/www.ms-viscom.com\/hr\/izdelek\/skylight-378-x-185-cm-zuta-smeda\/#primaryimage"},"thumbnailUrl":"https:\/\/www.ms-viscom.com\/wp-content\/uploads\/2025\/07\/Geraetehaus_Skylight_185x378_gelb_braun_1_Palram.jpg","datePublished":"2025-07-21T08:02:23+00:00","dateModified":"2025-11-17T07:36:12+00:00","breadcrumb":{"@id":"https:\/\/www.ms-viscom.com\/hr\/izdelek\/skylight-378-x-185-cm-zuta-smeda\/#breadcrumb"},"inLanguage":"hr","potentialAction":[{"@type":"ReadAction","target":["https:\/\/www.ms-viscom.com\/hr\/izdelek\/skylight-378-x-185-cm-zuta-smeda\/"]}]},{"@type":"ImageObject","inLanguage":"hr","@id":"https:\/\/www.ms-viscom.com\/hr\/izdelek\/skylight-378-x-185-cm-zuta-smeda\/#primaryimage","url":"https:\/\/www.ms-viscom.com\/wp-content\/uploads\/2025\/07\/Geraetehaus_Skylight_185x378_gelb_braun_1_Palram.jpg","contentUrl":"https:\/\/www.ms-viscom.com\/wp-content\/uploads\/2025\/07\/Geraetehaus_Skylight_185x378_gelb_braun_1_Palram.jpg","width":800,"height":600},{"@type":"BreadcrumbList","@id":"https:\/\/www.ms-viscom.com\/hr\/izdelek\/skylight-378-x-185-cm-zuta-smeda\/#breadcrumb","itemListElement":[{"@type":"ListItem","position":1,"name":"Domov","item":"https:\/\/www.ms-viscom.com\/hr\/"},{"@type":"ListItem","position":2,"name":"Trgovina","item":"https:\/\/www.ms-viscom.com\/hr\/trgovina\/"},{"@type":"ListItem","position":3,"name":"Skylight \u2013 378 x 185 cm \u2013 \u017euta\/sme\u0111a"}]},{"@type":"WebSite","@id":"https:\/\/www.ms-viscom.com\/hr\/#website","url":"https:\/\/www.ms-viscom.com\/hr\/","name":"MS Viscom","description":"","potentialAction":[{"@type":"SearchAction","target":{"@type":"EntryPoint","urlTemplate":"https:\/\/www.ms-viscom.com\/hr\/?s={search_term_string}"},"query-input":{"@type":"PropertyValueSpecification","valueRequired":true,"valueName":"search_term_string"}}],"inLanguage":"hr"}]}},"_links":{"self":[{"href":"https:\/\/www.ms-viscom.com\/hr\/wp-json\/wp\/v2\/product\/3300","targetHints":{"allow":["GET"]}}],"collection":[{"href":"https:\/\/www.ms-viscom.com\/hr\/wp-json\/wp\/v2\/product"}],"about":[{"href":"https:\/\/www.ms-viscom.com\/hr\/wp-json\/wp\/v2\/types\/product"}],"wp:featuredmedia":[{"embeddable":true,"href":"https:\/\/www.ms-viscom.com\/hr\/wp-json\/wp\/v2\/media\/549"}],"wp:attachment":[{"href":"https:\/\/www.ms-viscom.com\/hr\/wp-json\/wp\/v2\/media?parent=3300"}],"wp:term":[{"taxonomy":"product_brand","embeddable":true,"href":"https:\/\/www.ms-viscom.com\/hr\/wp-json\/wp\/v2\/product_brand?post=3300"},{"taxonomy":"product_cat","embeddable":true,"href":"https:\/\/www.ms-viscom.com\/hr\/wp-json\/wp\/v2\/product_cat?post=3300"},{"taxonomy":"product_tag","embeddable":true,"href":"https:\/\/www.ms-viscom.com\/hr\/wp-json\/wp\/v2\/product_tag?post=3300"}],"curies":[{"name":"wp","href":"https:\/\/api.w.org\/{rel}","templated":true}]}}