{"id":3294,"date":"2025-07-21T09:01:57","date_gmt":"2025-07-21T08:01:57","guid":{"rendered":"https:\/\/www.ms-viscom.com\/izdelek\/krovni-prozor-228-x-185-cm-tamnosiva-crna\/"},"modified":"2025-11-17T08:36:10","modified_gmt":"2025-11-17T07:36:10","slug":"krovni-prozor-228-x-185-cm-tamnosiva-crna","status":"publish","type":"product","link":"https:\/\/www.ms-viscom.com\/hr\/izdelek\/krovni-prozor-228-x-185-cm-tamnosiva-crna\/","title":{"rendered":"Krovni prozor &#8211; 228 x 185 cm &#8211; tamnosiva\/crna"},"content":{"rendered":"<p><strong>Idealno za pohranu alata za travnjak, sportske opreme, vrtni namje\u0161taj i jo\u0161 mnogo toga<\/strong><\/p>\n<ul>\n<li>\n<p>Prakti\u010dki neuni\u0161tive i 100% UV za\u0161ti\u0107ene plo\u010de od polikarbonata izuzetno su otporne na udarce<\/p>\n<\/li>\n<li>\n<p>Antikorozivni aluminijski okvir osigurava izuzetno \u010dvrstu strukturu<\/p>\n<\/li>\n<li>\n<p>Jedinstveni krov propu\u0161ta svjetlost \u2013 prenosi meku prirodnu sun\u010devu svjetlost, ali zadr\u017eava neprozirnu vanjsku vidljivost<\/p>\n<\/li>\n<li>\n<p>Jednostavno pode\u0161avanje sustavom obloga Slide N\u2019 Lock<\/p>\n<\/li>\n<li>\n<p>Uklju\u010deno je protuklizno dno s mogu\u0107no\u0161\u0107u pri\u010dvr\u0161\u0107ivanja<\/p>\n<\/li>\n<li>\n<p>Niska i \u0161iroka dvokrilna vrata za jednostavan pristup<\/p>\n<\/li>\n<li>\n<p>Nije potrebno odr\u017eavanje \u2013 krov ne hr\u0111a, ne truli i ne lju\u0161ti se<\/p>\n<\/li>\n<li>\n<p>Zaklju\u010davanje za dodatnu privatnost i sigurnost (brava nije uklju\u010dena)<\/p>\n<\/li>\n<li>\n<p>Kompaktno pakiranje \u2013 u\u010dinkovita logistika, kompatibilna s kurirskim slu\u017ebama<\/p>\n<\/li>\n<li>\n<p>Skladi\u0161te je jednostavno za premje\u0161tanje<\/p>\n<\/li>\n<li>\n<p>SkyLight Shelf \u2013 polica se pri\u010dvr\u0161\u0107uje na aluminijski okvir, \u0161tedi prostor i omogu\u0107uje u\u010dinkovitu organizaciju skladi\u0161ta<\/p>\n<\/li>\n<li>\n<p>Dostupno u kompletu od tri police<\/p>\n","protected":false},"excerpt":{"rendered":"<p>Idealno za pohranu alata za travnjak, sportske opreme, vrtni namje\u0161taj i jo\u0161 mnogo toga Prakti\u010dki neuni\u0161tive i 100% UV za\u0161ti\u0107ene plo\u010de od polikarbonata izuzetno su otporne na udarce Antikorozivni aluminijski okvir osigurava izuzetno \u010dvrstu strukturu Jedinstveni krov propu\u0161ta svjetlost \u2013 prenosi meku prirodnu sun\u010devu svjetlost, ali zadr\u017eava neprozirnu vanjsku vidljivost Jednostavno pode\u0161avanje sustavom obloga Slide [&#8230;]\n","protected":false},"featured_media":502,"template":"","meta":{"_acf_changed":false},"product_brand":[],"product_cat":[370,372],"product_tag":[],"class_list":{"0":"post-3294","1":"product","2":"type-product","3":"status-publish","4":"has-post-thumbnail","6":"product_cat-vrtne-kucice","7":"product_cat-skylight","9":"first","10":"outofstock","11":"taxable","12":"shipping-taxable","13":"purchasable","14":"product-type-simple"},"acf":[],"yoast_head":"<!-- This site is optimized with the Yoast SEO plugin v26.9 - https:\/\/yoast.com\/product\/yoast-seo-wordpress\/ -->\n<title>Krovni prozor - 228 x 185 cm - tamnosiva\/crna - MS Viscom<\/title>\n<meta name=\"robots\" content=\"index, follow, max-snippet:-1, max-image-preview:large, max-video-preview:-1\" \/>\n<link rel=\"canonical\" href=\"https:\/\/www.ms-viscom.com\/hr\/izdelek\/krovni-prozor-228-x-185-cm-tamnosiva-crna\/\" \/>\n<meta property=\"og:locale\" content=\"hr_HR\" \/>\n<meta property=\"og:type\" content=\"article\" \/>\n<meta property=\"og:title\" content=\"Krovni prozor - 228 x 185 cm - tamnosiva\/crna - MS Viscom\" \/>\n<meta property=\"og:description\" content=\"Idealno za pohranu alata za travnjak, sportske opreme, vrtni namje\u0161taj i jo\u0161 mnogo toga Prakti\u010dki neuni\u0161tive i 100% UV za\u0161ti\u0107ene plo\u010de od polikarbonata izuzetno su otporne na udarce Antikorozivni aluminijski okvir osigurava izuzetno \u010dvrstu strukturu Jedinstveni krov propu\u0161ta svjetlost \u2013 prenosi meku prirodnu sun\u010devu svjetlost, ali zadr\u017eava neprozirnu vanjsku vidljivost Jednostavno pode\u0161avanje sustavom obloga Slide [...]\" \/>\n<meta property=\"og:url\" content=\"https:\/\/www.ms-viscom.com\/hr\/izdelek\/krovni-prozor-228-x-185-cm-tamnosiva-crna\/\" \/>\n<meta property=\"og:site_name\" content=\"MS Viscom\" \/>\n<meta property=\"article:modified_time\" content=\"2025-11-17T07:36:10+00:00\" \/>\n<meta name=\"twitter:card\" content=\"summary_large_image\" \/>\n<meta name=\"twitter:label1\" content=\"Procijenjeno vrijeme \u010ditanja\" \/>\n\t<meta name=\"twitter:data1\" content=\"1 minuta\" \/>\n<script type=\"application\/ld+json\" class=\"yoast-schema-graph\">{\"@context\":\"https:\/\/schema.org\",\"@graph\":[{\"@type\":\"WebPage\",\"@id\":\"https:\/\/www.ms-viscom.com\/hr\/izdelek\/krovni-prozor-228-x-185-cm-tamnosiva-crna\/\",\"url\":\"https:\/\/www.ms-viscom.com\/hr\/izdelek\/krovni-prozor-228-x-185-cm-tamnosiva-crna\/\",\"name\":\"Krovni prozor - 228 x 185 cm - tamnosiva\/crna - MS Viscom\",\"isPartOf\":{\"@id\":\"https:\/\/www.ms-viscom.com\/hr\/#website\"},\"primaryImageOfPage\":{\"@id\":\"https:\/\/www.ms-viscom.com\/hr\/izdelek\/krovni-prozor-228-x-185-cm-tamnosiva-crna\/#primaryimage\"},\"image\":{\"@id\":\"https:\/\/www.ms-viscom.com\/hr\/izdelek\/krovni-prozor-228-x-185-cm-tamnosiva-crna\/#primaryimage\"},\"thumbnailUrl\":\"https:\/\/www.ms-viscom.com\/wp-content\/uploads\/2025\/07\/Geraetehaus_Skylight_185x228_Dunkelgrau_Schwarz_1_Palram.jpg\",\"datePublished\":\"2025-07-21T08:01:57+00:00\",\"dateModified\":\"2025-11-17T07:36:10+00:00\",\"breadcrumb\":{\"@id\":\"https:\/\/www.ms-viscom.com\/hr\/izdelek\/krovni-prozor-228-x-185-cm-tamnosiva-crna\/#breadcrumb\"},\"inLanguage\":\"hr\",\"potentialAction\":[{\"@type\":\"ReadAction\",\"target\":[\"https:\/\/www.ms-viscom.com\/hr\/izdelek\/krovni-prozor-228-x-185-cm-tamnosiva-crna\/\"]}]},{\"@type\":\"ImageObject\",\"inLanguage\":\"hr\",\"@id\":\"https:\/\/www.ms-viscom.com\/hr\/izdelek\/krovni-prozor-228-x-185-cm-tamnosiva-crna\/#primaryimage\",\"url\":\"https:\/\/www.ms-viscom.com\/wp-content\/uploads\/2025\/07\/Geraetehaus_Skylight_185x228_Dunkelgrau_Schwarz_1_Palram.jpg\",\"contentUrl\":\"https:\/\/www.ms-viscom.com\/wp-content\/uploads\/2025\/07\/Geraetehaus_Skylight_185x228_Dunkelgrau_Schwarz_1_Palram.jpg\",\"width\":800,\"height\":600},{\"@type\":\"BreadcrumbList\",\"@id\":\"https:\/\/www.ms-viscom.com\/hr\/izdelek\/krovni-prozor-228-x-185-cm-tamnosiva-crna\/#breadcrumb\",\"itemListElement\":[{\"@type\":\"ListItem\",\"position\":1,\"name\":\"Domov\",\"item\":\"https:\/\/www.ms-viscom.com\/hr\/\"},{\"@type\":\"ListItem\",\"position\":2,\"name\":\"Trgovina\",\"item\":\"https:\/\/www.ms-viscom.com\/hr\/trgovina\/\"},{\"@type\":\"ListItem\",\"position\":3,\"name\":\"Krovni prozor &#8211; 228 x 185 cm &#8211; tamnosiva\/crna\"}]},{\"@type\":\"WebSite\",\"@id\":\"https:\/\/www.ms-viscom.com\/hr\/#website\",\"url\":\"https:\/\/www.ms-viscom.com\/hr\/\",\"name\":\"MS Viscom\",\"description\":\"\",\"potentialAction\":[{\"@type\":\"SearchAction\",\"target\":{\"@type\":\"EntryPoint\",\"urlTemplate\":\"https:\/\/www.ms-viscom.com\/hr\/?s={search_term_string}\"},\"query-input\":{\"@type\":\"PropertyValueSpecification\",\"valueRequired\":true,\"valueName\":\"search_term_string\"}}],\"inLanguage\":\"hr\"}]}<\/script>\n<!-- \/ Yoast SEO plugin. -->","yoast_head_json":{"title":"Krovni prozor - 228 x 185 cm - tamnosiva\/crna - MS Viscom","robots":{"index":"index","follow":"follow","max-snippet":"max-snippet:-1","max-image-preview":"max-image-preview:large","max-video-preview":"max-video-preview:-1"},"canonical":"https:\/\/www.ms-viscom.com\/hr\/izdelek\/krovni-prozor-228-x-185-cm-tamnosiva-crna\/","og_locale":"hr_HR","og_type":"article","og_title":"Krovni prozor - 228 x 185 cm - tamnosiva\/crna - MS Viscom","og_description":"Idealno za pohranu alata za travnjak, sportske opreme, vrtni namje\u0161taj i jo\u0161 mnogo toga Prakti\u010dki neuni\u0161tive i 100% UV za\u0161ti\u0107ene plo\u010de od polikarbonata izuzetno su otporne na udarce Antikorozivni aluminijski okvir osigurava izuzetno \u010dvrstu strukturu Jedinstveni krov propu\u0161ta svjetlost \u2013 prenosi meku prirodnu sun\u010devu svjetlost, ali zadr\u017eava neprozirnu vanjsku vidljivost Jednostavno pode\u0161avanje sustavom obloga Slide [...]","og_url":"https:\/\/www.ms-viscom.com\/hr\/izdelek\/krovni-prozor-228-x-185-cm-tamnosiva-crna\/","og_site_name":"MS Viscom","article_modified_time":"2025-11-17T07:36:10+00:00","twitter_card":"summary_large_image","twitter_misc":{"Procijenjeno vrijeme \u010ditanja":"1 minuta"},"schema":{"@context":"https:\/\/schema.org","@graph":[{"@type":"WebPage","@id":"https:\/\/www.ms-viscom.com\/hr\/izdelek\/krovni-prozor-228-x-185-cm-tamnosiva-crna\/","url":"https:\/\/www.ms-viscom.com\/hr\/izdelek\/krovni-prozor-228-x-185-cm-tamnosiva-crna\/","name":"Krovni prozor - 228 x 185 cm - tamnosiva\/crna - MS Viscom","isPartOf":{"@id":"https:\/\/www.ms-viscom.com\/hr\/#website"},"primaryImageOfPage":{"@id":"https:\/\/www.ms-viscom.com\/hr\/izdelek\/krovni-prozor-228-x-185-cm-tamnosiva-crna\/#primaryimage"},"image":{"@id":"https:\/\/www.ms-viscom.com\/hr\/izdelek\/krovni-prozor-228-x-185-cm-tamnosiva-crna\/#primaryimage"},"thumbnailUrl":"https:\/\/www.ms-viscom.com\/wp-content\/uploads\/2025\/07\/Geraetehaus_Skylight_185x228_Dunkelgrau_Schwarz_1_Palram.jpg","datePublished":"2025-07-21T08:01:57+00:00","dateModified":"2025-11-17T07:36:10+00:00","breadcrumb":{"@id":"https:\/\/www.ms-viscom.com\/hr\/izdelek\/krovni-prozor-228-x-185-cm-tamnosiva-crna\/#breadcrumb"},"inLanguage":"hr","potentialAction":[{"@type":"ReadAction","target":["https:\/\/www.ms-viscom.com\/hr\/izdelek\/krovni-prozor-228-x-185-cm-tamnosiva-crna\/"]}]},{"@type":"ImageObject","inLanguage":"hr","@id":"https:\/\/www.ms-viscom.com\/hr\/izdelek\/krovni-prozor-228-x-185-cm-tamnosiva-crna\/#primaryimage","url":"https:\/\/www.ms-viscom.com\/wp-content\/uploads\/2025\/07\/Geraetehaus_Skylight_185x228_Dunkelgrau_Schwarz_1_Palram.jpg","contentUrl":"https:\/\/www.ms-viscom.com\/wp-content\/uploads\/2025\/07\/Geraetehaus_Skylight_185x228_Dunkelgrau_Schwarz_1_Palram.jpg","width":800,"height":600},{"@type":"BreadcrumbList","@id":"https:\/\/www.ms-viscom.com\/hr\/izdelek\/krovni-prozor-228-x-185-cm-tamnosiva-crna\/#breadcrumb","itemListElement":[{"@type":"ListItem","position":1,"name":"Domov","item":"https:\/\/www.ms-viscom.com\/hr\/"},{"@type":"ListItem","position":2,"name":"Trgovina","item":"https:\/\/www.ms-viscom.com\/hr\/trgovina\/"},{"@type":"ListItem","position":3,"name":"Krovni prozor &#8211; 228 x 185 cm &#8211; tamnosiva\/crna"}]},{"@type":"WebSite","@id":"https:\/\/www.ms-viscom.com\/hr\/#website","url":"https:\/\/www.ms-viscom.com\/hr\/","name":"MS Viscom","description":"","potentialAction":[{"@type":"SearchAction","target":{"@type":"EntryPoint","urlTemplate":"https:\/\/www.ms-viscom.com\/hr\/?s={search_term_string}"},"query-input":{"@type":"PropertyValueSpecification","valueRequired":true,"valueName":"search_term_string"}}],"inLanguage":"hr"}]}},"_links":{"self":[{"href":"https:\/\/www.ms-viscom.com\/hr\/wp-json\/wp\/v2\/product\/3294","targetHints":{"allow":["GET"]}}],"collection":[{"href":"https:\/\/www.ms-viscom.com\/hr\/wp-json\/wp\/v2\/product"}],"about":[{"href":"https:\/\/www.ms-viscom.com\/hr\/wp-json\/wp\/v2\/types\/product"}],"wp:featuredmedia":[{"embeddable":true,"href":"https:\/\/www.ms-viscom.com\/hr\/wp-json\/wp\/v2\/media\/502"}],"wp:attachment":[{"href":"https:\/\/www.ms-viscom.com\/hr\/wp-json\/wp\/v2\/media?parent=3294"}],"wp:term":[{"taxonomy":"product_brand","embeddable":true,"href":"https:\/\/www.ms-viscom.com\/hr\/wp-json\/wp\/v2\/product_brand?post=3294"},{"taxonomy":"product_cat","embeddable":true,"href":"https:\/\/www.ms-viscom.com\/hr\/wp-json\/wp\/v2\/product_cat?post=3294"},{"taxonomy":"product_tag","embeddable":true,"href":"https:\/\/www.ms-viscom.com\/hr\/wp-json\/wp\/v2\/product_tag?post=3294"}],"curies":[{"name":"wp","href":"https:\/\/api.w.org\/{rel}","templated":true}]}}