{"id":3265,"date":"2025-07-21T08:59:58","date_gmt":"2025-07-21T07:59:58","guid":{"rendered":"https:\/\/www.ms-viscom.com\/izdelek\/prosirenje-za-staklenik-bella-dimenzije-247-x-123-cm\/"},"modified":"2025-11-17T08:36:02","modified_gmt":"2025-11-17T07:36:02","slug":"prosirenje-za-staklenik-bella-dimenzije-247-x-123-cm","status":"publish","type":"product","link":"https:\/\/www.ms-viscom.com\/hr\/izdelek\/prosirenje-za-staklenik-bella-dimenzije-247-x-123-cm\/","title":{"rendered":"PRO\u0160IRENJE ZA STAKLENIK \u2013 BELLA \u2013 Dimenzije: 247 x 123 cm"},"content":{"rendered":"<h1><a href=\"https:\/\/www.youtube.com\/watch?v=qrN-K8utPKE\">VIDEO PRAKTI\u010cNI PRIMJER SASTAVLJANJA<\/a><\/h1>\n<p>&nbsp;<\/p>\n<ul>\n<li>\n<h2><strong>TEHNI\u010cKA PODR\u0160KA<\/strong><\/h2>\n<\/li>\n<li>\n<h2><strong>MOGU\u0106NOST MONTA\u017dE VANJSKOG IZVO\u0110A\u010cA<\/strong><\/h2>\n<\/li>\n<li>\n<h2><strong>REZERVNI DIJELOVI<\/strong><\/h2>\n<\/li>\n<\/ul>\n<p><strong>Krov i zidovi \u2013 <\/strong>Dvoslojne polikarbonatne plo\u010de \u0161tite od izlaganja jakom suncu.<\/p>\n<p>* Plo\u010de blokiraju \u0161tetne UV zrake i 100% su UV za\u0161ti\u0107ene; ne gube boju, ne pucaju i ne lome se.<\/p>\n<p>* Izdr\u017eljiv aluminijski okvir otporan na hr\u0111u.<\/p>\n<p>* Uklju\u010dena pocin\u010dana \u010deli\u010dna baza \u2013 pove\u0107ava stabilnost konstrukcije.<\/p>\n<p>* Jednostavna DIY monta\u017ea \u2013 sustav kliznog sastavljanja plo\u010da.<\/p>\n<p>* Jednokrilna vrata mogu se montirati kao desna ili lijeva.<\/p>\n<p>* Uklju\u010den magnetski dr\u017ea\u010d vrata koji ih dr\u017ei otvorenima.<\/p>\n<p>* Ru\u010dka na vratima koja se mo\u017ee zaklju\u010dati (brava nije uklju\u010dena).<\/p>\n<p>* Ugra\u0111eni sustav oluka omogu\u0107uje u\u010dinkovito odvodnjavanje i skupljanje vode.<\/p>\n<p>&nbsp;<\/p>\n<h3><strong>Klju\u010dne prednosti:<\/strong><\/h3>\n<p>* Dizajn bez potrebe za odr\u017eavanjem<\/p>\n<p>* Uklju\u010deni ventilacijski otvor i oluci<\/p>\n<p>* Prakti\u010dan magnetski dr\u017ea\u010d vrata koji dr\u017ei vrata staklenika otvorenima<\/p>\n<p>* Nema stakla koje bi se moglo razbiti ili napuknuti<\/p>\n<p>* Sustav jednostavnog sastavljanja plo\u010da<\/p>\n<p>* Jednaki profili za sve polo\u017eaje<\/p>\n<p>* Detaljne upute \u2013 staklenik mogu sastaviti dvije osobe<\/p>\n<p>* Vrata na \u0161arkama mogu se montirati kao desna ili lijeva<\/p>\n<p>* Izdr\u017eljiv aluminijski okvir za dugotrajnu stabilnost<\/p>\n<p>&nbsp;<\/p>\n<h2><strong>MONTA\u017dA STAKLENIKA<\/strong><\/h2>\n<p><a href=\"https:\/\/www.youtube.com\/watch?v=GOVmnVA4cnc\">VIDEO MONTA\u017dE STAKLENIKA<\/a><\/p>\n<p>&nbsp;<\/p>\n<h2><strong>DOSTUPNI DODACI ZA STAKLENIK<\/strong><\/h2>\n<p><a href=\"https:\/\/www.youtube.com\/watch?v=lhA3nY-vTZc\">DODACI<\/a><\/p>\n","protected":false},"excerpt":{"rendered":"<p>PRO\u0160IRENJE ZA STAKLENIK BELLA.<br \/>\nAko ve\u0107 imate na\u0161 staklenik Bella i shvatili ste da je postoje\u0107i premalen te biste \u017eeljeli kupiti ve\u0107i model \u2013 ne brinite! Samo nas nazovite i pobrinut \u0107emo se da va\u0161 postoje\u0107i staklenik pro\u0161irite za 123 cm.<\/p>\n","protected":false},"featured_media":331,"template":"","meta":{"_acf_changed":false},"product_brand":[],"product_cat":[258,260],"product_tag":[],"class_list":{"0":"post-3265","1":"product","2":"type-product","3":"status-publish","4":"has-post-thumbnail","6":"product_cat-staklenici","7":"product_cat-bella","9":"first","10":"instock","11":"taxable","12":"shipping-taxable","13":"purchasable","14":"product-type-simple"},"acf":[],"yoast_head":"<!-- This site is optimized with the Yoast SEO plugin v26.9 - https:\/\/yoast.com\/product\/yoast-seo-wordpress\/ -->\n<title>PRO\u0160IRENJE ZA STAKLENIK \u2013 BELLA \u2013 Dimenzije: 247 x 123 cm - MS Viscom<\/title>\n<meta name=\"robots\" content=\"index, follow, max-snippet:-1, max-image-preview:large, max-video-preview:-1\" \/>\n<link rel=\"canonical\" href=\"https:\/\/www.ms-viscom.com\/hr\/izdelek\/prosirenje-za-staklenik-bella-dimenzije-247-x-123-cm\/\" \/>\n<meta property=\"og:locale\" content=\"hr_HR\" \/>\n<meta property=\"og:type\" content=\"article\" \/>\n<meta property=\"og:title\" content=\"PRO\u0160IRENJE ZA STAKLENIK \u2013 BELLA \u2013 Dimenzije: 247 x 123 cm - MS Viscom\" \/>\n<meta property=\"og:description\" content=\"PRO\u0160IRENJE ZA STAKLENIK BELLA. Ako ve\u0107 imate na\u0161 staklenik Bella i shvatili ste da je postoje\u0107i premalen te biste \u017eeljeli kupiti ve\u0107i model \u2013 ne brinite! Samo nas nazovite i pobrinut \u0107emo se da va\u0161 postoje\u0107i staklenik pro\u0161irite za 123 cm.\" \/>\n<meta property=\"og:url\" content=\"https:\/\/www.ms-viscom.com\/hr\/izdelek\/prosirenje-za-staklenik-bella-dimenzije-247-x-123-cm\/\" \/>\n<meta property=\"og:site_name\" content=\"MS Viscom\" \/>\n<meta property=\"article:modified_time\" content=\"2025-11-17T07:36:02+00:00\" \/>\n<meta name=\"twitter:card\" content=\"summary_large_image\" \/>\n<meta name=\"twitter:label1\" content=\"Procijenjeno vrijeme \u010ditanja\" \/>\n\t<meta name=\"twitter:data1\" content=\"1 minuta\" \/>\n<script type=\"application\/ld+json\" class=\"yoast-schema-graph\">{\"@context\":\"https:\/\/schema.org\",\"@graph\":[{\"@type\":\"WebPage\",\"@id\":\"https:\/\/www.ms-viscom.com\/hr\/izdelek\/prosirenje-za-staklenik-bella-dimenzije-247-x-123-cm\/\",\"url\":\"https:\/\/www.ms-viscom.com\/hr\/izdelek\/prosirenje-za-staklenik-bella-dimenzije-247-x-123-cm\/\",\"name\":\"PRO\u0160IRENJE ZA STAKLENIK \u2013 BELLA \u2013 Dimenzije: 247 x 123 cm - MS Viscom\",\"isPartOf\":{\"@id\":\"https:\/\/www.ms-viscom.com\/hr\/#website\"},\"primaryImageOfPage\":{\"@id\":\"https:\/\/www.ms-viscom.com\/hr\/izdelek\/prosirenje-za-staklenik-bella-dimenzije-247-x-123-cm\/#primaryimage\"},\"image\":{\"@id\":\"https:\/\/www.ms-viscom.com\/hr\/izdelek\/prosirenje-za-staklenik-bella-dimenzije-247-x-123-cm\/#primaryimage\"},\"thumbnailUrl\":\"https:\/\/www.ms-viscom.com\/wp-content\/uploads\/2025\/07\/Palram-Canopia_Greenhouses_Bella_Silver_All_Range_CutOuts.jpg\",\"datePublished\":\"2025-07-21T07:59:58+00:00\",\"dateModified\":\"2025-11-17T07:36:02+00:00\",\"breadcrumb\":{\"@id\":\"https:\/\/www.ms-viscom.com\/hr\/izdelek\/prosirenje-za-staklenik-bella-dimenzije-247-x-123-cm\/#breadcrumb\"},\"inLanguage\":\"hr\",\"potentialAction\":[{\"@type\":\"ReadAction\",\"target\":[\"https:\/\/www.ms-viscom.com\/hr\/izdelek\/prosirenje-za-staklenik-bella-dimenzije-247-x-123-cm\/\"]}]},{\"@type\":\"ImageObject\",\"inLanguage\":\"hr\",\"@id\":\"https:\/\/www.ms-viscom.com\/hr\/izdelek\/prosirenje-za-staklenik-bella-dimenzije-247-x-123-cm\/#primaryimage\",\"url\":\"https:\/\/www.ms-viscom.com\/wp-content\/uploads\/2025\/07\/Palram-Canopia_Greenhouses_Bella_Silver_All_Range_CutOuts.jpg\",\"contentUrl\":\"https:\/\/www.ms-viscom.com\/wp-content\/uploads\/2025\/07\/Palram-Canopia_Greenhouses_Bella_Silver_All_Range_CutOuts.jpg\",\"width\":800,\"height\":600},{\"@type\":\"BreadcrumbList\",\"@id\":\"https:\/\/www.ms-viscom.com\/hr\/izdelek\/prosirenje-za-staklenik-bella-dimenzije-247-x-123-cm\/#breadcrumb\",\"itemListElement\":[{\"@type\":\"ListItem\",\"position\":1,\"name\":\"Domov\",\"item\":\"https:\/\/www.ms-viscom.com\/hr\/\"},{\"@type\":\"ListItem\",\"position\":2,\"name\":\"Trgovina\",\"item\":\"https:\/\/www.ms-viscom.com\/hr\/trgovina\/\"},{\"@type\":\"ListItem\",\"position\":3,\"name\":\"PRO\u0160IRENJE ZA STAKLENIK \u2013 BELLA \u2013 Dimenzije: 247 x 123 cm\"}]},{\"@type\":\"WebSite\",\"@id\":\"https:\/\/www.ms-viscom.com\/hr\/#website\",\"url\":\"https:\/\/www.ms-viscom.com\/hr\/\",\"name\":\"MS Viscom\",\"description\":\"\",\"potentialAction\":[{\"@type\":\"SearchAction\",\"target\":{\"@type\":\"EntryPoint\",\"urlTemplate\":\"https:\/\/www.ms-viscom.com\/hr\/?s={search_term_string}\"},\"query-input\":{\"@type\":\"PropertyValueSpecification\",\"valueRequired\":true,\"valueName\":\"search_term_string\"}}],\"inLanguage\":\"hr\"}]}<\/script>\n<!-- \/ Yoast SEO plugin. -->","yoast_head_json":{"title":"PRO\u0160IRENJE ZA STAKLENIK \u2013 BELLA \u2013 Dimenzije: 247 x 123 cm - MS Viscom","robots":{"index":"index","follow":"follow","max-snippet":"max-snippet:-1","max-image-preview":"max-image-preview:large","max-video-preview":"max-video-preview:-1"},"canonical":"https:\/\/www.ms-viscom.com\/hr\/izdelek\/prosirenje-za-staklenik-bella-dimenzije-247-x-123-cm\/","og_locale":"hr_HR","og_type":"article","og_title":"PRO\u0160IRENJE ZA STAKLENIK \u2013 BELLA \u2013 Dimenzije: 247 x 123 cm - MS Viscom","og_description":"PRO\u0160IRENJE ZA STAKLENIK BELLA. Ako ve\u0107 imate na\u0161 staklenik Bella i shvatili ste da je postoje\u0107i premalen te biste \u017eeljeli kupiti ve\u0107i model \u2013 ne brinite! Samo nas nazovite i pobrinut \u0107emo se da va\u0161 postoje\u0107i staklenik pro\u0161irite za 123 cm.","og_url":"https:\/\/www.ms-viscom.com\/hr\/izdelek\/prosirenje-za-staklenik-bella-dimenzije-247-x-123-cm\/","og_site_name":"MS Viscom","article_modified_time":"2025-11-17T07:36:02+00:00","twitter_card":"summary_large_image","twitter_misc":{"Procijenjeno vrijeme \u010ditanja":"1 minuta"},"schema":{"@context":"https:\/\/schema.org","@graph":[{"@type":"WebPage","@id":"https:\/\/www.ms-viscom.com\/hr\/izdelek\/prosirenje-za-staklenik-bella-dimenzije-247-x-123-cm\/","url":"https:\/\/www.ms-viscom.com\/hr\/izdelek\/prosirenje-za-staklenik-bella-dimenzije-247-x-123-cm\/","name":"PRO\u0160IRENJE ZA STAKLENIK \u2013 BELLA \u2013 Dimenzije: 247 x 123 cm - MS Viscom","isPartOf":{"@id":"https:\/\/www.ms-viscom.com\/hr\/#website"},"primaryImageOfPage":{"@id":"https:\/\/www.ms-viscom.com\/hr\/izdelek\/prosirenje-za-staklenik-bella-dimenzije-247-x-123-cm\/#primaryimage"},"image":{"@id":"https:\/\/www.ms-viscom.com\/hr\/izdelek\/prosirenje-za-staklenik-bella-dimenzije-247-x-123-cm\/#primaryimage"},"thumbnailUrl":"https:\/\/www.ms-viscom.com\/wp-content\/uploads\/2025\/07\/Palram-Canopia_Greenhouses_Bella_Silver_All_Range_CutOuts.jpg","datePublished":"2025-07-21T07:59:58+00:00","dateModified":"2025-11-17T07:36:02+00:00","breadcrumb":{"@id":"https:\/\/www.ms-viscom.com\/hr\/izdelek\/prosirenje-za-staklenik-bella-dimenzije-247-x-123-cm\/#breadcrumb"},"inLanguage":"hr","potentialAction":[{"@type":"ReadAction","target":["https:\/\/www.ms-viscom.com\/hr\/izdelek\/prosirenje-za-staklenik-bella-dimenzije-247-x-123-cm\/"]}]},{"@type":"ImageObject","inLanguage":"hr","@id":"https:\/\/www.ms-viscom.com\/hr\/izdelek\/prosirenje-za-staklenik-bella-dimenzije-247-x-123-cm\/#primaryimage","url":"https:\/\/www.ms-viscom.com\/wp-content\/uploads\/2025\/07\/Palram-Canopia_Greenhouses_Bella_Silver_All_Range_CutOuts.jpg","contentUrl":"https:\/\/www.ms-viscom.com\/wp-content\/uploads\/2025\/07\/Palram-Canopia_Greenhouses_Bella_Silver_All_Range_CutOuts.jpg","width":800,"height":600},{"@type":"BreadcrumbList","@id":"https:\/\/www.ms-viscom.com\/hr\/izdelek\/prosirenje-za-staklenik-bella-dimenzije-247-x-123-cm\/#breadcrumb","itemListElement":[{"@type":"ListItem","position":1,"name":"Domov","item":"https:\/\/www.ms-viscom.com\/hr\/"},{"@type":"ListItem","position":2,"name":"Trgovina","item":"https:\/\/www.ms-viscom.com\/hr\/trgovina\/"},{"@type":"ListItem","position":3,"name":"PRO\u0160IRENJE ZA STAKLENIK \u2013 BELLA \u2013 Dimenzije: 247 x 123 cm"}]},{"@type":"WebSite","@id":"https:\/\/www.ms-viscom.com\/hr\/#website","url":"https:\/\/www.ms-viscom.com\/hr\/","name":"MS Viscom","description":"","potentialAction":[{"@type":"SearchAction","target":{"@type":"EntryPoint","urlTemplate":"https:\/\/www.ms-viscom.com\/hr\/?s={search_term_string}"},"query-input":{"@type":"PropertyValueSpecification","valueRequired":true,"valueName":"search_term_string"}}],"inLanguage":"hr"}]}},"_links":{"self":[{"href":"https:\/\/www.ms-viscom.com\/hr\/wp-json\/wp\/v2\/product\/3265","targetHints":{"allow":["GET"]}}],"collection":[{"href":"https:\/\/www.ms-viscom.com\/hr\/wp-json\/wp\/v2\/product"}],"about":[{"href":"https:\/\/www.ms-viscom.com\/hr\/wp-json\/wp\/v2\/types\/product"}],"wp:featuredmedia":[{"embeddable":true,"href":"https:\/\/www.ms-viscom.com\/hr\/wp-json\/wp\/v2\/media\/331"}],"wp:attachment":[{"href":"https:\/\/www.ms-viscom.com\/hr\/wp-json\/wp\/v2\/media?parent=3265"}],"wp:term":[{"taxonomy":"product_brand","embeddable":true,"href":"https:\/\/www.ms-viscom.com\/hr\/wp-json\/wp\/v2\/product_brand?post=3265"},{"taxonomy":"product_cat","embeddable":true,"href":"https:\/\/www.ms-viscom.com\/hr\/wp-json\/wp\/v2\/product_cat?post=3265"},{"taxonomy":"product_tag","embeddable":true,"href":"https:\/\/www.ms-viscom.com\/hr\/wp-json\/wp\/v2\/product_tag?post=3265"}],"curies":[{"name":"wp","href":"https:\/\/api.w.org\/{rel}","templated":true}]}}