{"id":4169,"date":"2025-07-21T09:13:32","date_gmt":"2025-07-21T08:13:32","guid":{"rendered":"https:\/\/www.ms-viscom.com\/izdelek\/external-roller-blind-zip-screen-bellano-s25-4-m-motorised\/"},"modified":"2025-11-17T08:52:26","modified_gmt":"2025-11-17T07:52:26","slug":"external-roller-blind-zip-screen-bellano-s25-4-m-motorised","status":"publish","type":"product","link":"https:\/\/www.ms-viscom.com\/en\/izdelek\/external-roller-blind-zip-screen-bellano-s25-4-m-motorised\/","title":{"rendered":"External roller blind ZIP screen, Bellano S25, 4 m &#8211; motorised"},"content":{"rendered":"<h3><strong>Motorised ZIP SCREEN Bellano \u2013 a shade that enhances comfort and adds an aesthetic touch to your outdoor space.<\/strong><\/h3>\n<p>The motorised roller shade can be operated with a remote control or via a mobile app.<\/p>\n<p>DIMENSIONS:<\/p>\n<ul>\n<li>Width: 3698 mm<\/li>\n<li>Height: 2352 mm<\/li>\n<\/ul>\n<p>&nbsp;<\/p>\n<ul>\n<li>Top cassette: size: 100\u00d7100 mm, ALU sheet thickness: 1.5 mm<\/li>\n<li>Side guide: size: 60\u00d742 mm, ALU sheet thickness: 1.4 mm<\/li>\n<li>Bottom bar: size: 56\u00d725 mm, ALU sheet thickness: 1.9 mm<\/li>\n<li>Roller in cassette: diameter: 65 mm<\/li>\n<\/ul>\n","protected":false},"excerpt":{"rendered":"<h3><strong>Motoriziran ZIP SCREEN Bellano \u2013 sen\u010dilo, ki pove\u010da udobje in doda estetski videz va\u0161emu zunanjemu prostoru.<\/strong><\/h3>\n<p>Motorizirano ZIP SCREEN sen\u010dilo Bellano S25 omogo\u010da upravljanje preko daljinskega upravljalnika ali mobilne aplikacije.<\/p>\n<p>Mo\u017ena je tudi povezava s senzorjem za de\u017e, veter in slabo svetlobo, ki samodejno spusti sen\u010dilo.<\/p>\n<p>Kakovostno poliestrsko platno z 5 % prepustnostjo svetlobe je odporno na vremenske vplive in zagotavlja zasebnost v pergoli, hkrati pa omogo\u010da pogled navzven.<\/p>\n<p>Tako vam Bellano sen\u010dilo omogo\u010da <strong>razko\u0161je bivanja pod odprtim nebom.<\/strong><\/p>\n","protected":false},"featured_media":2337,"template":"","meta":{"_acf_changed":false},"product_brand":[],"product_cat":[171],"product_tag":[],"class_list":{"0":"post-4169","1":"product","2":"type-product","3":"status-publish","4":"has-post-thumbnail","6":"product_cat-standard-models","8":"first","9":"instock","10":"taxable","11":"shipping-taxable","12":"purchasable","13":"product-type-simple"},"acf":[],"yoast_head":"<!-- This site is optimized with the Yoast SEO plugin v26.9 - https:\/\/yoast.com\/product\/yoast-seo-wordpress\/ -->\n<title>External roller blind ZIP screen, Bellano S25, 4 m - motorised - MS Viscom<\/title>\n<meta name=\"robots\" content=\"index, follow, max-snippet:-1, max-image-preview:large, max-video-preview:-1\" \/>\n<link rel=\"canonical\" href=\"https:\/\/www.ms-viscom.com\/en\/izdelek\/external-roller-blind-zip-screen-bellano-s25-4-m-motorised\/\" \/>\n<meta property=\"og:locale\" content=\"en_US\" \/>\n<meta property=\"og:type\" content=\"article\" \/>\n<meta property=\"og:title\" content=\"External roller blind ZIP screen, Bellano S25, 4 m - motorised - MS Viscom\" \/>\n<meta property=\"og:description\" content=\"Motoriziran ZIP SCREEN Bellano \u2013 sen\u010dilo, ki pove\u010da udobje in doda estetski videz va\u0161emu zunanjemu prostoru. Motorizirano ZIP SCREEN sen\u010dilo Bellano S25 omogo\u010da upravljanje preko daljinskega upravljalnika ali mobilne aplikacije.  Mo\u017ena je tudi povezava s senzorjem za de\u017e, veter in slabo svetlobo, ki samodejno spusti sen\u010dilo.  Kakovostno poliestrsko platno z 5 % prepustnostjo svetlobe je odporno na vremenske vplive in zagotavlja zasebnost v pergoli, hkrati pa omogo\u010da pogled navzven.  Tako vam Bellano sen\u010dilo omogo\u010da razko\u0161je bivanja pod odprtim nebom.\" \/>\n<meta property=\"og:url\" content=\"https:\/\/www.ms-viscom.com\/en\/izdelek\/external-roller-blind-zip-screen-bellano-s25-4-m-motorised\/\" \/>\n<meta property=\"og:site_name\" content=\"MS Viscom\" \/>\n<meta property=\"article:modified_time\" content=\"2025-11-17T07:52:26+00:00\" \/>\n<meta name=\"twitter:card\" content=\"summary_large_image\" \/>\n<script type=\"application\/ld+json\" class=\"yoast-schema-graph\">{\"@context\":\"https:\/\/schema.org\",\"@graph\":[{\"@type\":\"WebPage\",\"@id\":\"https:\/\/www.ms-viscom.com\/en\/izdelek\/external-roller-blind-zip-screen-bellano-s25-4-m-motorised\/\",\"url\":\"https:\/\/www.ms-viscom.com\/en\/izdelek\/external-roller-blind-zip-screen-bellano-s25-4-m-motorised\/\",\"name\":\"External roller blind ZIP screen, Bellano S25, 4 m - motorised - MS Viscom\",\"isPartOf\":{\"@id\":\"https:\/\/www.ms-viscom.com\/en\/#website\"},\"primaryImageOfPage\":{\"@id\":\"https:\/\/www.ms-viscom.com\/en\/izdelek\/external-roller-blind-zip-screen-bellano-s25-4-m-motorised\/#primaryimage\"},\"image\":{\"@id\":\"https:\/\/www.ms-viscom.com\/en\/izdelek\/external-roller-blind-zip-screen-bellano-s25-4-m-motorised\/#primaryimage\"},\"thumbnailUrl\":\"https:\/\/www.ms-viscom.com\/wp-content\/uploads\/2025\/07\/Pergola-Bellano-S25-4x6-prostostojeca-z-vsemi-opcijami-sencil.jpg\",\"datePublished\":\"2025-07-21T08:13:32+00:00\",\"dateModified\":\"2025-11-17T07:52:26+00:00\",\"breadcrumb\":{\"@id\":\"https:\/\/www.ms-viscom.com\/en\/izdelek\/external-roller-blind-zip-screen-bellano-s25-4-m-motorised\/#breadcrumb\"},\"inLanguage\":\"en-US\",\"potentialAction\":[{\"@type\":\"ReadAction\",\"target\":[\"https:\/\/www.ms-viscom.com\/en\/izdelek\/external-roller-blind-zip-screen-bellano-s25-4-m-motorised\/\"]}]},{\"@type\":\"ImageObject\",\"inLanguage\":\"en-US\",\"@id\":\"https:\/\/www.ms-viscom.com\/en\/izdelek\/external-roller-blind-zip-screen-bellano-s25-4-m-motorised\/#primaryimage\",\"url\":\"https:\/\/www.ms-viscom.com\/wp-content\/uploads\/2025\/07\/Pergola-Bellano-S25-4x6-prostostojeca-z-vsemi-opcijami-sencil.jpg\",\"contentUrl\":\"https:\/\/www.ms-viscom.com\/wp-content\/uploads\/2025\/07\/Pergola-Bellano-S25-4x6-prostostojeca-z-vsemi-opcijami-sencil.jpg\",\"width\":2000,\"height\":1500},{\"@type\":\"BreadcrumbList\",\"@id\":\"https:\/\/www.ms-viscom.com\/en\/izdelek\/external-roller-blind-zip-screen-bellano-s25-4-m-motorised\/#breadcrumb\",\"itemListElement\":[{\"@type\":\"ListItem\",\"position\":1,\"name\":\"Domov\",\"item\":\"https:\/\/www.ms-viscom.com\/en\/\"},{\"@type\":\"ListItem\",\"position\":2,\"name\":\"Shop\",\"item\":\"https:\/\/www.ms-viscom.com\/en\/shop\/\"},{\"@type\":\"ListItem\",\"position\":3,\"name\":\"External roller blind ZIP screen, Bellano S25, 4 m &#8211; motorised\"}]},{\"@type\":\"WebSite\",\"@id\":\"https:\/\/www.ms-viscom.com\/en\/#website\",\"url\":\"https:\/\/www.ms-viscom.com\/en\/\",\"name\":\"MS Viscom\",\"description\":\"\",\"potentialAction\":[{\"@type\":\"SearchAction\",\"target\":{\"@type\":\"EntryPoint\",\"urlTemplate\":\"https:\/\/www.ms-viscom.com\/en\/?s={search_term_string}\"},\"query-input\":{\"@type\":\"PropertyValueSpecification\",\"valueRequired\":true,\"valueName\":\"search_term_string\"}}],\"inLanguage\":\"en-US\"}]}<\/script>\n<!-- \/ Yoast SEO plugin. -->","yoast_head_json":{"title":"External roller blind ZIP screen, Bellano S25, 4 m - motorised - MS Viscom","robots":{"index":"index","follow":"follow","max-snippet":"max-snippet:-1","max-image-preview":"max-image-preview:large","max-video-preview":"max-video-preview:-1"},"canonical":"https:\/\/www.ms-viscom.com\/en\/izdelek\/external-roller-blind-zip-screen-bellano-s25-4-m-motorised\/","og_locale":"en_US","og_type":"article","og_title":"External roller blind ZIP screen, Bellano S25, 4 m - motorised - MS Viscom","og_description":"Motoriziran ZIP SCREEN Bellano \u2013 sen\u010dilo, ki pove\u010da udobje in doda estetski videz va\u0161emu zunanjemu prostoru. Motorizirano ZIP SCREEN sen\u010dilo Bellano S25 omogo\u010da upravljanje preko daljinskega upravljalnika ali mobilne aplikacije.  Mo\u017ena je tudi povezava s senzorjem za de\u017e, veter in slabo svetlobo, ki samodejno spusti sen\u010dilo.  Kakovostno poliestrsko platno z 5 % prepustnostjo svetlobe je odporno na vremenske vplive in zagotavlja zasebnost v pergoli, hkrati pa omogo\u010da pogled navzven.  Tako vam Bellano sen\u010dilo omogo\u010da razko\u0161je bivanja pod odprtim nebom.","og_url":"https:\/\/www.ms-viscom.com\/en\/izdelek\/external-roller-blind-zip-screen-bellano-s25-4-m-motorised\/","og_site_name":"MS Viscom","article_modified_time":"2025-11-17T07:52:26+00:00","twitter_card":"summary_large_image","schema":{"@context":"https:\/\/schema.org","@graph":[{"@type":"WebPage","@id":"https:\/\/www.ms-viscom.com\/en\/izdelek\/external-roller-blind-zip-screen-bellano-s25-4-m-motorised\/","url":"https:\/\/www.ms-viscom.com\/en\/izdelek\/external-roller-blind-zip-screen-bellano-s25-4-m-motorised\/","name":"External roller blind ZIP screen, Bellano S25, 4 m - motorised - MS Viscom","isPartOf":{"@id":"https:\/\/www.ms-viscom.com\/en\/#website"},"primaryImageOfPage":{"@id":"https:\/\/www.ms-viscom.com\/en\/izdelek\/external-roller-blind-zip-screen-bellano-s25-4-m-motorised\/#primaryimage"},"image":{"@id":"https:\/\/www.ms-viscom.com\/en\/izdelek\/external-roller-blind-zip-screen-bellano-s25-4-m-motorised\/#primaryimage"},"thumbnailUrl":"https:\/\/www.ms-viscom.com\/wp-content\/uploads\/2025\/07\/Pergola-Bellano-S25-4x6-prostostojeca-z-vsemi-opcijami-sencil.jpg","datePublished":"2025-07-21T08:13:32+00:00","dateModified":"2025-11-17T07:52:26+00:00","breadcrumb":{"@id":"https:\/\/www.ms-viscom.com\/en\/izdelek\/external-roller-blind-zip-screen-bellano-s25-4-m-motorised\/#breadcrumb"},"inLanguage":"en-US","potentialAction":[{"@type":"ReadAction","target":["https:\/\/www.ms-viscom.com\/en\/izdelek\/external-roller-blind-zip-screen-bellano-s25-4-m-motorised\/"]}]},{"@type":"ImageObject","inLanguage":"en-US","@id":"https:\/\/www.ms-viscom.com\/en\/izdelek\/external-roller-blind-zip-screen-bellano-s25-4-m-motorised\/#primaryimage","url":"https:\/\/www.ms-viscom.com\/wp-content\/uploads\/2025\/07\/Pergola-Bellano-S25-4x6-prostostojeca-z-vsemi-opcijami-sencil.jpg","contentUrl":"https:\/\/www.ms-viscom.com\/wp-content\/uploads\/2025\/07\/Pergola-Bellano-S25-4x6-prostostojeca-z-vsemi-opcijami-sencil.jpg","width":2000,"height":1500},{"@type":"BreadcrumbList","@id":"https:\/\/www.ms-viscom.com\/en\/izdelek\/external-roller-blind-zip-screen-bellano-s25-4-m-motorised\/#breadcrumb","itemListElement":[{"@type":"ListItem","position":1,"name":"Domov","item":"https:\/\/www.ms-viscom.com\/en\/"},{"@type":"ListItem","position":2,"name":"Shop","item":"https:\/\/www.ms-viscom.com\/en\/shop\/"},{"@type":"ListItem","position":3,"name":"External roller blind ZIP screen, Bellano S25, 4 m &#8211; motorised"}]},{"@type":"WebSite","@id":"https:\/\/www.ms-viscom.com\/en\/#website","url":"https:\/\/www.ms-viscom.com\/en\/","name":"MS Viscom","description":"","potentialAction":[{"@type":"SearchAction","target":{"@type":"EntryPoint","urlTemplate":"https:\/\/www.ms-viscom.com\/en\/?s={search_term_string}"},"query-input":{"@type":"PropertyValueSpecification","valueRequired":true,"valueName":"search_term_string"}}],"inLanguage":"en-US"}]}},"_links":{"self":[{"href":"https:\/\/www.ms-viscom.com\/en\/wp-json\/wp\/v2\/product\/4169","targetHints":{"allow":["GET"]}}],"collection":[{"href":"https:\/\/www.ms-viscom.com\/en\/wp-json\/wp\/v2\/product"}],"about":[{"href":"https:\/\/www.ms-viscom.com\/en\/wp-json\/wp\/v2\/types\/product"}],"wp:featuredmedia":[{"embeddable":true,"href":"https:\/\/www.ms-viscom.com\/en\/wp-json\/wp\/v2\/media\/2337"}],"wp:attachment":[{"href":"https:\/\/www.ms-viscom.com\/en\/wp-json\/wp\/v2\/media?parent=4169"}],"wp:term":[{"taxonomy":"product_brand","embeddable":true,"href":"https:\/\/www.ms-viscom.com\/en\/wp-json\/wp\/v2\/product_brand?post=4169"},{"taxonomy":"product_cat","embeddable":true,"href":"https:\/\/www.ms-viscom.com\/en\/wp-json\/wp\/v2\/product_cat?post=4169"},{"taxonomy":"product_tag","embeddable":true,"href":"https:\/\/www.ms-viscom.com\/en\/wp-json\/wp\/v2\/product_tag?post=4169"}],"curies":[{"name":"wp","href":"https:\/\/api.w.org\/{rel}","templated":true}]}}